{"id":3393,"date":"2020-12-20T14:33:00","date_gmt":"2020-12-20T13:33:00","guid":{"rendered":"https:\/\/anvisa.com\/politica-de-calidad\/"},"modified":"2023-06-27T18:01:57","modified_gmt":"2023-06-27T16:01:57","slug":"quality-policy","status":"publish","type":"page","link":"https:\/\/anvisa.com\/en\/quality-policy\/","title":{"rendered":"Quality policy"},"content":{"rendered":"\t\t<div data-elementor-type=\"wp-page\" data-elementor-id=\"3393\" class=\"elementor elementor-3393 elementor-1508\">\n\t\t\t\t\t\t<section class=\"elementor-section elementor-top-section elementor-element elementor-element-1be01e8 elementor-section-boxed elementor-section-height-default elementor-section-height-default parallax_section_no qode_elementor_container_no\" data-id=\"1be01e8\" data-element_type=\"section\" data-e-type=\"section\">\n\t\t\t\t\t\t<div class=\"elementor-container elementor-column-gap-default\">\n\t\t\t\t\t<div class=\"elementor-column elementor-col-100 elementor-top-column elementor-element elementor-element-b8ede18\" data-id=\"b8ede18\" data-element_type=\"column\" data-e-type=\"column\">\n\t\t\t<div class=\"elementor-widget-wrap elementor-element-populated\">\n\t\t\t\t\t\t<div class=\"elementor-element elementor-element-e92605a elementor-widget elementor-widget-heading\" data-id=\"e92605a\" data-element_type=\"widget\" data-e-type=\"widget\" data-widget_type=\"heading.default\">\n\t\t\t\t<div class=\"elementor-widget-container\">\n\t\t\t\t\t<h6 class=\"elementor-heading-title elementor-size-default\">ADVANCED FOOD TECHNOLOGY\n<\/h6>\t\t\t\t<\/div>\n\t\t\t\t<\/div>\n\t\t\t\t<div class=\"elementor-element elementor-element-da4ebcc elementor-widget elementor-widget-heading\" data-id=\"da4ebcc\" data-element_type=\"widget\" data-e-type=\"widget\" data-widget_type=\"heading.default\">\n\t\t\t\t<div class=\"elementor-widget-container\">\n\t\t\t\t\t<h2 class=\"elementor-heading-title elementor-size-default\">Passion for Excellence\n<\/h2>\t\t\t\t<\/div>\n\t\t\t\t<\/div>\n\t\t\t\t<div class=\"elementor-element elementor-element-fe0a53b elementor-widget-divider--view-line elementor-widget elementor-widget-divider\" data-id=\"fe0a53b\" data-element_type=\"widget\" data-e-type=\"widget\" data-widget_type=\"divider.default\">\n\t\t\t\t<div class=\"elementor-widget-container\">\n\t\t\t\t\t\t\t<div class=\"elementor-divider\">\n\t\t\t<span class=\"elementor-divider-separator\">\n\t\t\t\t\t\t<\/span>\n\t\t<\/div>\n\t\t\t\t\t\t<\/div>\n\t\t\t\t<\/div>\n\t\t\t\t\t<\/div>\n\t\t<\/div>\n\t\t\t\t\t<\/div>\n\t\t<\/section>\n\t\t\t\t<section class=\"elementor-section elementor-top-section elementor-element elementor-element-bb537ba elementor-section-boxed elementor-section-height-default elementor-section-height-default parallax_section_no qode_elementor_container_no\" data-id=\"bb537ba\" data-element_type=\"section\" data-e-type=\"section\">\n\t\t\t\t\t\t<div class=\"elementor-container elementor-column-gap-default\">\n\t\t\t\t\t<div class=\"elementor-column elementor-col-100 elementor-top-column elementor-element elementor-element-ed421f5\" data-id=\"ed421f5\" data-element_type=\"column\" data-e-type=\"column\">\n\t\t\t<div class=\"elementor-widget-wrap elementor-element-populated\">\n\t\t\t\t\t\t<div class=\"elementor-element elementor-element-88e9696 elementor-widget elementor-widget-text-editor\" data-id=\"88e9696\" data-element_type=\"widget\" data-e-type=\"widget\" data-widget_type=\"text-editor.default\">\n\t\t\t\t<div class=\"elementor-widget-container\">\n\t\t\t\t\t\t\t\t\t<p><span style=\"font-weight: 400;\">Quality is a priority at ANTONIO VILLORIA, S.A.<\/span><\/p><p><span style=\"font-weight: 400;\">The Company&#8217;s Quality Policy is defined by the general guidelines and objectives established by Management which, in relation to Quality, are set out in the documents of the Quality Management System.<\/span><\/p><p><span style=\"font-weight: 400;\">\u00a0<\/span><\/p><p><span style=\"font-weight: 400;\">This Quality Policy is governed by the following guidelines:<\/span><\/p><p><span style=\"font-weight: 400;\">\u00a0<\/span><\/p><ol><li><span style=\"font-weight: 400;\"> ANVISA, designs, manufactures and markets additive blends for the food industry, in this process it is an ally of its customers; its analysis technology is available to customers.<\/span><\/li><\/ol><p><span style=\"font-weight: 400;\">\u00a0<\/span><\/p><ol start=\"2\"><li><span style=\"font-weight: 400;\"> ANVISA\u2019s mission:<\/span><\/li><\/ol><p><span style=\"font-weight: 400;\">\u00a0<\/span><\/p><ul><li style=\"font-weight: 400;\" aria-level=\"1\"><span style=\"font-weight: 400;\">To be seen by our customers as a bridge between science and technology, using the most advanced technology with an innovative approach.<\/span><\/li><li style=\"font-weight: 400;\" aria-level=\"1\"><span style=\"font-weight: 400;\">To use technology in an innovative way to develop preparations, which when used properly, allow our customers to produce excellent products.\u00a0<\/span><\/li><\/ul><p><span style=\"font-weight: 400;\">\u00a0<\/span><\/p><ol start=\"3\"><li><span style=\"font-weight: 400;\"> In order to achieve this mission, ANVISA abides by the following fundamental VALUES:<\/span><\/li><\/ol><p><span style=\"font-weight: 400;\">\u00a0<\/span><\/p><ul><li style=\"font-weight: 400;\" aria-level=\"1\"><span style=\"font-weight: 400;\">A team of professionally trained, committed and motivated people, highly qualified for their tasks.<\/span><\/li><li style=\"font-weight: 400;\" aria-level=\"1\"><span style=\"font-weight: 400;\">A spirit of partnership with our customers, prioritising their technological needs over product sales opportunities.<\/span><\/li><li style=\"font-weight: 400;\" aria-level=\"1\"><span style=\"font-weight: 400;\">Willingness to put our technology, our means and equipment at the disposal of our customers.<\/span><\/li><li style=\"font-weight: 400;\" aria-level=\"1\"><span style=\"font-weight: 400;\">A corporate spirit of quality, innovation and sustainability<\/span><\/li><\/ul><p><span style=\"font-weight: 400;\">\u00a0<\/span><\/p><ol start=\"4\"><li><span style=\"font-weight: 400;\"> ANVISA&#8217;s quality system, supported by the company&#8217;s values, is oriented towards fulfilling its mission through the following general lines of action:<\/span><\/li><\/ol><p><span style=\"font-weight: 400;\">\u00a0<\/span><\/p><ul><li style=\"font-weight: 400;\" aria-level=\"1\"><span style=\"font-weight: 400;\">To do our utmost to guarantee sustainable development and the company&#8217;s social and ethical responsibility towards the environment and natural resources, citizens and consumers in general, suppliers, customers and employees.\u00a0<\/span><\/li><li style=\"font-weight: 400;\" aria-level=\"1\"><span style=\"font-weight: 400;\">To guarantee the quality, authenticity and safety of our products, and compliance with legal and contractual requirements with our customers, and with the technical specifications established for each product.<\/span><\/li><li style=\"font-weight: 400;\" aria-level=\"1\"><span style=\"font-weight: 400;\">To promote a competitive R&amp;D&amp;I strategy in the development of the company, by systematising these R&amp;D&amp;I activities in order to take advantage of the knowledge pool within the organisation, to exploit and protect the results of the R&amp;D&amp;I activities appropriately and promote the use of innovation tools and techniques among personnel that increase our productivity.<\/span><\/li><li style=\"font-weight: 400;\" aria-level=\"1\"><span style=\"font-weight: 400;\">Continually improve our processes and products, providing the necessary resources to achieve this.<\/span><\/li><li style=\"font-weight: 400;\" aria-level=\"1\"><span style=\"font-weight: 400;\">To work together with our suppliers while continuing to seek the best suppliers.<\/span><\/li><li style=\"font-weight: 400;\" aria-level=\"1\"><span style=\"font-weight: 400;\">To optimise costs, in order to offer our customers the most appropriate prices for mutual benefit.<\/span><\/li><li style=\"font-weight: 400;\" aria-level=\"1\"><span style=\"font-weight: 400;\">To establish a leadership style that promotes teamwork, the generation of innovative ideas, and agile and effective management.<\/span><\/li><li style=\"font-weight: 400;\" aria-level=\"1\"><span style=\"font-weight: 400;\">Encourage continuous training of all employees, ensuring knowledge of their functions and accountability for their performance, especially with regard to those aspects that are key to food quality and safety.<\/span><\/li><li style=\"font-weight: 400;\" aria-level=\"1\"><span style=\"font-weight: 400;\">Undertake to comply with, and enforce compliance with, the requirements set out in the Regulations for the Use of the Islamic Board&#8217;s Halal Guarantee Mark on certified products.\u00a0<\/span><\/li><\/ul><p>\u00a0<\/p><p><span style=\"font-weight: 400;\">Signed.: Paloma Moh\u00edno\u00a0<\/span><\/p><p><span style=\"font-weight: 400;\">General Director<\/span><\/p><p><span style=\"font-weight: 400;\">ANTONIO VILLORIA, S.A<\/span><\/p>\t\t\t\t\t\t\t\t<\/div>\n\t\t\t\t<\/div>\n\t\t\t\t\t<\/div>\n\t\t<\/div>\n\t\t\t\t\t<\/div>\n\t\t<\/section>\n\t\t\t\t<\/div>\n\t\t","protected":false},"excerpt":{"rendered":"<p>ADVANCED FOOD TECHNOLOGY Passion for Excellence Quality is a priority at ANTONIO VILLORIA, S.A. The Company&#8217;s Quality Policy is defined by the general guidelines and objectives established by Management which, in relation to Quality, are set out in the documents of the Quality Management System&#8230;.<\/p>\n","protected":false},"author":5,"featured_media":0,"parent":0,"menu_order":0,"comment_status":"closed","ping_status":"closed","template":"full_width.php","meta":{"footnotes":""},"class_list":["post-3393","page","type-page","status-publish","hentry"],"yoast_head":"<!-- This site is optimized with the Yoast SEO plugin v27.3 - https:\/\/yoast.com\/product\/yoast-seo-wordpress\/ -->\n<title>Quality policy | Anvisa<\/title>\n<meta name=\"description\" content=\"Tenemos pasi\u00f3n por la excelencia, puedes consultar aqu\u00ed nuestra Pol\u00edtica de Calidad.\" \/>\n<meta name=\"robots\" content=\"index, follow, max-snippet:-1, max-image-preview:large, max-video-preview:-1\" \/>\n<link rel=\"canonical\" href=\"https:\/\/anvisa.com\/en\/quality-policy\/\" \/>\n<meta property=\"og:locale\" content=\"en_US\" \/>\n<meta property=\"og:type\" content=\"article\" \/>\n<meta property=\"og:title\" content=\"Quality policy | Anvisa\" \/>\n<meta property=\"og:description\" content=\"Tenemos pasi\u00f3n por la excelencia, puedes consultar aqu\u00ed nuestra Pol\u00edtica de Calidad.\" \/>\n<meta property=\"og:url\" content=\"https:\/\/anvisa.com\/en\/quality-policy\/\" \/>\n<meta property=\"og:site_name\" content=\"Anvisa\" \/>\n<meta property=\"article:modified_time\" content=\"2023-06-27T16:01:57+00:00\" \/>\n<meta name=\"twitter:card\" content=\"summary_large_image\" \/>\n<meta name=\"twitter:label1\" content=\"Est. reading time\" \/>\n\t<meta name=\"twitter:data1\" content=\"3 minutes\" \/>\n<script type=\"application\/ld+json\" class=\"yoast-schema-graph\">{\"@context\":\"https:\\\/\\\/schema.org\",\"@graph\":[{\"@type\":\"WebPage\",\"@id\":\"https:\\\/\\\/anvisa.com\\\/en\\\/quality-policy\\\/\",\"url\":\"https:\\\/\\\/anvisa.com\\\/en\\\/quality-policy\\\/\",\"name\":\"Quality policy | Anvisa\",\"isPartOf\":{\"@id\":\"https:\\\/\\\/anvisa.com\\\/#website\"},\"datePublished\":\"2020-12-20T13:33:00+00:00\",\"dateModified\":\"2023-06-27T16:01:57+00:00\",\"description\":\"Tenemos pasi\u00f3n por la excelencia, puedes consultar aqu\u00ed nuestra Pol\u00edtica de Calidad.\",\"breadcrumb\":{\"@id\":\"https:\\\/\\\/anvisa.com\\\/en\\\/quality-policy\\\/#breadcrumb\"},\"inLanguage\":\"en-US\",\"potentialAction\":[{\"@type\":\"ReadAction\",\"target\":[\"https:\\\/\\\/anvisa.com\\\/en\\\/quality-policy\\\/\"]}]},{\"@type\":\"BreadcrumbList\",\"@id\":\"https:\\\/\\\/anvisa.com\\\/en\\\/quality-policy\\\/#breadcrumb\",\"itemListElement\":[{\"@type\":\"ListItem\",\"position\":1,\"name\":\"Portada\",\"item\":\"https:\\\/\\\/anvisa.com\\\/pt-pt\\\/\"},{\"@type\":\"ListItem\",\"position\":2,\"name\":\"Quality policy\"}]},{\"@type\":\"WebSite\",\"@id\":\"https:\\\/\\\/anvisa.com\\\/#website\",\"url\":\"https:\\\/\\\/anvisa.com\\\/\",\"name\":\"Anvisa\",\"description\":\"Alta Tecnolog\u00eda Alimentaria\",\"potentialAction\":[{\"@type\":\"SearchAction\",\"target\":{\"@type\":\"EntryPoint\",\"urlTemplate\":\"https:\\\/\\\/anvisa.com\\\/?s={search_term_string}\"},\"query-input\":{\"@type\":\"PropertyValueSpecification\",\"valueRequired\":true,\"valueName\":\"search_term_string\"}}],\"inLanguage\":\"en-US\"}]}<\/script>\n<!-- \/ Yoast SEO plugin. -->","yoast_head_json":{"title":"Quality policy | Anvisa","description":"Tenemos pasi\u00f3n por la excelencia, puedes consultar aqu\u00ed nuestra Pol\u00edtica de Calidad.","robots":{"index":"index","follow":"follow","max-snippet":"max-snippet:-1","max-image-preview":"max-image-preview:large","max-video-preview":"max-video-preview:-1"},"canonical":"https:\/\/anvisa.com\/en\/quality-policy\/","og_locale":"en_US","og_type":"article","og_title":"Quality policy | Anvisa","og_description":"Tenemos pasi\u00f3n por la excelencia, puedes consultar aqu\u00ed nuestra Pol\u00edtica de Calidad.","og_url":"https:\/\/anvisa.com\/en\/quality-policy\/","og_site_name":"Anvisa","article_modified_time":"2023-06-27T16:01:57+00:00","twitter_card":"summary_large_image","twitter_misc":{"Est. reading time":"3 minutes"},"schema":{"@context":"https:\/\/schema.org","@graph":[{"@type":"WebPage","@id":"https:\/\/anvisa.com\/en\/quality-policy\/","url":"https:\/\/anvisa.com\/en\/quality-policy\/","name":"Quality policy | Anvisa","isPartOf":{"@id":"https:\/\/anvisa.com\/#website"},"datePublished":"2020-12-20T13:33:00+00:00","dateModified":"2023-06-27T16:01:57+00:00","description":"Tenemos pasi\u00f3n por la excelencia, puedes consultar aqu\u00ed nuestra Pol\u00edtica de Calidad.","breadcrumb":{"@id":"https:\/\/anvisa.com\/en\/quality-policy\/#breadcrumb"},"inLanguage":"en-US","potentialAction":[{"@type":"ReadAction","target":["https:\/\/anvisa.com\/en\/quality-policy\/"]}]},{"@type":"BreadcrumbList","@id":"https:\/\/anvisa.com\/en\/quality-policy\/#breadcrumb","itemListElement":[{"@type":"ListItem","position":1,"name":"Portada","item":"https:\/\/anvisa.com\/pt-pt\/"},{"@type":"ListItem","position":2,"name":"Quality policy"}]},{"@type":"WebSite","@id":"https:\/\/anvisa.com\/#website","url":"https:\/\/anvisa.com\/","name":"Anvisa","description":"Alta Tecnolog\u00eda Alimentaria","potentialAction":[{"@type":"SearchAction","target":{"@type":"EntryPoint","urlTemplate":"https:\/\/anvisa.com\/?s={search_term_string}"},"query-input":{"@type":"PropertyValueSpecification","valueRequired":true,"valueName":"search_term_string"}}],"inLanguage":"en-US"}]}},"_links":{"self":[{"href":"https:\/\/anvisa.com\/en\/wp-json\/wp\/v2\/pages\/3393","targetHints":{"allow":["GET"]}}],"collection":[{"href":"https:\/\/anvisa.com\/en\/wp-json\/wp\/v2\/pages"}],"about":[{"href":"https:\/\/anvisa.com\/en\/wp-json\/wp\/v2\/types\/page"}],"author":[{"embeddable":true,"href":"https:\/\/anvisa.com\/en\/wp-json\/wp\/v2\/users\/5"}],"replies":[{"embeddable":true,"href":"https:\/\/anvisa.com\/en\/wp-json\/wp\/v2\/comments?post=3393"}],"version-history":[{"count":7,"href":"https:\/\/anvisa.com\/en\/wp-json\/wp\/v2\/pages\/3393\/revisions"}],"predecessor-version":[{"id":3447,"href":"https:\/\/anvisa.com\/en\/wp-json\/wp\/v2\/pages\/3393\/revisions\/3447"}],"wp:attachment":[{"href":"https:\/\/anvisa.com\/en\/wp-json\/wp\/v2\/media?parent=3393"}],"curies":[{"name":"wp","href":"https:\/\/api.w.org\/{rel}","templated":true}]}}