{"id":4115,"date":"2020-11-23T11:03:02","date_gmt":"2020-11-23T10:03:02","guid":{"rendered":"https:\/\/anvisa.com\/i-d\/"},"modified":"2024-02-12T18:37:13","modified_gmt":"2024-02-12T17:37:13","slug":"i-d","status":"publish","type":"page","link":"https:\/\/anvisa.com\/pt-pt\/i-d\/","title":{"rendered":"I + D"},"content":{"rendered":"\t\t<div data-elementor-type=\"wp-page\" data-elementor-id=\"4115\" class=\"elementor elementor-4115 elementor-551\">\n\t\t\t\t\t\t<section class=\"elementor-section elementor-top-section elementor-element elementor-element-aeb3e64 elementor-section-boxed elementor-section-height-default elementor-section-height-default parallax_section_no qode_elementor_container_no\" data-id=\"aeb3e64\" data-element_type=\"section\" data-e-type=\"section\" data-settings=\"{&quot;background_background&quot;:&quot;classic&quot;}\">\n\t\t\t\t\t\t<div class=\"elementor-container elementor-column-gap-default\">\n\t\t\t\t\t<div class=\"elementor-column elementor-col-66 elementor-top-column elementor-element elementor-element-938edf5\" data-id=\"938edf5\" data-element_type=\"column\" data-e-type=\"column\">\n\t\t\t<div class=\"elementor-widget-wrap elementor-element-populated\">\n\t\t\t\t\t\t<div class=\"elementor-element elementor-element-09bf3c4 elementor-widget elementor-widget-heading\" data-id=\"09bf3c4\" data-element_type=\"widget\" data-e-type=\"widget\" data-widget_type=\"heading.default\">\n\t\t\t\t<div class=\"elementor-widget-container\">\n\t\t\t\t\t<h6 class=\"elementor-heading-title elementor-size-default\">INVESTIGA\u00c7\u00c3O, DESENVOLVIMENTO E INOVA\u00c7\u00c3O<\/h6>\t\t\t\t<\/div>\n\t\t\t\t<\/div>\n\t\t\t\t<div class=\"elementor-element elementor-element-99794d1 elementor-widget elementor-widget-heading\" data-id=\"99794d1\" data-element_type=\"widget\" data-e-type=\"widget\" data-widget_type=\"heading.default\">\n\t\t\t\t<div class=\"elementor-widget-container\">\n\t\t\t\t\t<h2 class=\"elementor-heading-title elementor-size-default\">Qualidade alimentar<\/h2>\t\t\t\t<\/div>\n\t\t\t\t<\/div>\n\t\t\t\t<div class=\"elementor-element elementor-element-58f6d69 elementor-widget-divider--view-line elementor-widget elementor-widget-divider\" data-id=\"58f6d69\" data-element_type=\"widget\" data-e-type=\"widget\" data-widget_type=\"divider.default\">\n\t\t\t\t<div class=\"elementor-widget-container\">\n\t\t\t\t\t\t\t<div class=\"elementor-divider\">\n\t\t\t<span class=\"elementor-divider-separator\">\n\t\t\t\t\t\t<\/span>\n\t\t<\/div>\n\t\t\t\t\t\t<\/div>\n\t\t\t\t<\/div>\n\t\t\t\t<div class=\"elementor-element elementor-element-7283894 elementor-widget elementor-widget-text-editor\" data-id=\"7283894\" data-element_type=\"widget\" data-e-type=\"widget\" data-widget_type=\"text-editor.default\">\n\t\t\t\t<div class=\"elementor-widget-container\">\n\t\t\t\t\t\t\t\t\t<p>A ANVISA disp\u00f5e de um departamento de IDI com o firme objetivo de garantir a qualidade alimentar de todos os produtos comercializados.<\/p><p><br><\/p>\n<p><\/p>\n<p>Para al\u00e9m do aconselhamento de qualidade e totalmente personalizado em mat\u00e9ria de ci\u00eancia e tecnologia alimentar, oferecemos os seguintes servi\u00e7os:<\/p><p><br><\/p>\n<p><\/p>\n<ul>\n<li>An\u00e1lises microbiol\u00f3gicas, f\u00edsico-qu\u00edmicas e ambientais.<\/li>\n<li>Controlo de mat\u00e9rias-primas, processos tecnol\u00f3gicos, produtos acabados, \u00e1guas pot\u00e1veis e auxiliares t\u00e9cnicos.<\/li>\n<li>Resultados oferecidos a curto prazo com total garantia e fiabilidade.<\/li>\n<li>T\u00e9cnicas anal\u00edticas oficiais e cursos de forma\u00e7\u00e3o para t\u00e9cnicos especializados da ind\u00fastria da carne.<\/li>\n<li>Colabora\u00e7\u00e3o em programas de investiga\u00e7\u00e3o a n\u00edvel nacional e da Uni\u00e3o Europeia, bem como publica\u00e7\u00f5es cient\u00edficas em revistas especializadas.<\/li>\n<\/ul><div><br><\/div>\n<p>Os nossos produtos s\u00e3o produzidos de acordo com a norma internacional de seguran\u00e7a alimentar IFS Food Safety.<\/p><p><br><\/p>\n<p><\/p>\n<p>Se estiver interessado em adquirir algum dos nossos produtos ou servi\u00e7os prestados, entre em contacto com a ANVISA.<\/p>\t\t\t\t\t\t\t\t<\/div>\n\t\t\t\t<\/div>\n\t\t\t\t\t<\/div>\n\t\t<\/div>\n\t\t\t\t<div class=\"elementor-column elementor-col-33 elementor-top-column elementor-element elementor-element-4c61aa6\" data-id=\"4c61aa6\" data-element_type=\"column\" data-e-type=\"column\">\n\t\t\t<div class=\"elementor-widget-wrap elementor-element-populated\">\n\t\t\t\t\t\t<section class=\"elementor-section elementor-inner-section elementor-element elementor-element-0321157 elementor-section-boxed elementor-section-height-default elementor-section-height-default parallax_section_no qode_elementor_container_no\" data-id=\"0321157\" data-element_type=\"section\" data-e-type=\"section\">\n\t\t\t\t\t\t<div class=\"elementor-container elementor-column-gap-default\">\n\t\t\t\t\t<div class=\"elementor-column elementor-col-100 elementor-inner-column elementor-element elementor-element-813afe2\" data-id=\"813afe2\" data-element_type=\"column\" data-e-type=\"column\">\n\t\t\t<div class=\"elementor-widget-wrap elementor-element-populated\">\n\t\t\t\t\t\t<div class=\"elementor-element elementor-element-9786e59 elementor-widget elementor-widget-image\" data-id=\"9786e59\" data-element_type=\"widget\" data-e-type=\"widget\" data-widget_type=\"image.default\">\n\t\t\t\t<div class=\"elementor-widget-container\">\n\t\t\t\t\t\t\t\t\t\t\t\t\t\t\t\t<a href=\"https:\/\/anvisa.com\/wp-content\/uploads\/2023\/10\/CC-IFS-NA-2023-ANTONIO-VILLORIA-S.A._REV01_signed-1.pdf\" target=\"_blank\">\n\t\t\t\t\t\t\t<img decoding=\"async\" width=\"150\" height=\"86\" src=\"https:\/\/anvisa.com\/wp-content\/uploads\/2021\/01\/logo_ifs_2-e1610363807861.png\" class=\"attachment-large size-large wp-image-3859\" alt=\"\" \/>\t\t\t\t\t\t\t\t<\/a>\n\t\t\t\t\t\t\t\t\t\t\t\t\t\t\t<\/div>\n\t\t\t\t<\/div>\n\t\t\t\t<div class=\"elementor-element elementor-element-c4826fd elementor-widget elementor-widget-image\" data-id=\"c4826fd\" data-element_type=\"widget\" data-e-type=\"widget\" data-widget_type=\"image.default\">\n\t\t\t\t<div class=\"elementor-widget-container\">\n\t\t\t\t\t\t\t\t\t\t\t\t\t\t\t\t<a href=\"https:\/\/anvisa.com\/wp-content\/uploads\/2023\/11\/CH-ANTONIO-VILLORIA-IH-793-2023-C04-S0.03.pdf\" target=\"_blank\">\n\t\t\t\t\t\t\t<img decoding=\"async\" width=\"150\" height=\"161\" src=\"https:\/\/anvisa.com\/wp-content\/uploads\/2021\/01\/logo_jalal_1-e1610363680881.png\" class=\"attachment-large size-large wp-image-3862\" alt=\"\" \/>\t\t\t\t\t\t\t\t<\/a>\n\t\t\t\t\t\t\t\t\t\t\t\t\t\t\t<\/div>\n\t\t\t\t<\/div>\n\t\t\t\t\t<\/div>\n\t\t<\/div>\n\t\t\t\t\t<\/div>\n\t\t<\/section>\n\t\t\t\t<section class=\"elementor-section elementor-inner-section elementor-element elementor-element-88d68b3 elementor-section-boxed elementor-section-height-default elementor-section-height-default parallax_section_no qode_elementor_container_no\" data-id=\"88d68b3\" data-element_type=\"section\" data-e-type=\"section\">\n\t\t\t\t\t\t<div class=\"elementor-container elementor-column-gap-default\">\n\t\t\t\t\t<div class=\"elementor-column elementor-col-100 elementor-inner-column elementor-element elementor-element-3ee5f5b\" data-id=\"3ee5f5b\" data-element_type=\"column\" data-e-type=\"column\">\n\t\t\t<div class=\"elementor-widget-wrap elementor-element-populated\">\n\t\t\t\t\t\t<div class=\"elementor-element elementor-element-20da2d9 elementor-widget elementor-widget-image\" data-id=\"20da2d9\" data-element_type=\"widget\" data-e-type=\"widget\" data-widget_type=\"image.default\">\n\t\t\t\t<div class=\"elementor-widget-container\">\n\t\t\t\t\t\t\t\t\t\t\t\t\t\t\t<img decoding=\"async\" width=\"150\" height=\"130\" src=\"https:\/\/anvisa.com\/wp-content\/uploads\/2021\/01\/logo_ue_1.png\" class=\"attachment-large size-large wp-image-3863\" alt=\"\" \/>\t\t\t\t\t\t\t\t\t\t\t\t\t\t\t<\/div>\n\t\t\t\t<\/div>\n\t\t\t\t\t<\/div>\n\t\t<\/div>\n\t\t\t\t\t<\/div>\n\t\t<\/section>\n\t\t\t\t<section class=\"elementor-section elementor-inner-section elementor-element elementor-element-ba4fa2a elementor-section-boxed elementor-section-height-default elementor-section-height-default parallax_section_no qode_elementor_container_no\" data-id=\"ba4fa2a\" data-element_type=\"section\" data-e-type=\"section\">\n\t\t\t\t\t\t<div class=\"elementor-container elementor-column-gap-default\">\n\t\t\t\t\t<div class=\"elementor-column elementor-col-100 elementor-inner-column elementor-element elementor-element-a665858\" data-id=\"a665858\" data-element_type=\"column\" data-e-type=\"column\">\n\t\t\t<div class=\"elementor-widget-wrap elementor-element-populated\">\n\t\t\t\t\t\t<div class=\"elementor-element elementor-element-544e72b elementor-widget elementor-widget-image\" data-id=\"544e72b\" data-element_type=\"widget\" data-e-type=\"widget\" data-widget_type=\"image.default\">\n\t\t\t\t<div class=\"elementor-widget-container\">\n\t\t\t\t\t\t\t\t\t\t\t\t\t\t\t<img loading=\"lazy\" decoding=\"async\" width=\"150\" height=\"126\" src=\"https:\/\/anvisa.com\/wp-content\/uploads\/2021\/03\/logo_clean_label.png\" class=\"attachment-large size-large wp-image-3892\" alt=\"\" \/>\t\t\t\t\t\t\t\t\t\t\t\t\t\t\t<\/div>\n\t\t\t\t<\/div>\n\t\t\t\t<div class=\"elementor-element elementor-element-4d7189b elementor-widget elementor-widget-image\" data-id=\"4d7189b\" data-element_type=\"widget\" data-e-type=\"widget\" data-widget_type=\"image.default\">\n\t\t\t\t<div class=\"elementor-widget-container\">\n\t\t\t\t\t\t\t\t\t\t\t\t\t\t\t\t<a href=\"https:\/\/anvisa.com\/wp-content\/uploads\/2024\/01\/0722e.r.2023-ANVISA-AP1-v.2-firmado.pdf\" target=\"_blank\">\n\t\t\t\t\t\t\t<img loading=\"lazy\" decoding=\"async\" width=\"150\" height=\"228\" src=\"https:\/\/anvisa.com\/wp-content\/uploads\/2021\/01\/logo_com_mad_1.png\" class=\"attachment-large size-large wp-image-3864\" alt=\"\" \/>\t\t\t\t\t\t\t\t<\/a>\n\t\t\t\t\t\t\t\t\t\t\t\t\t\t\t<\/div>\n\t\t\t\t<\/div>\n\t\t\t\t<div class=\"elementor-element elementor-element-b9c8493 elementor-widget elementor-widget-image\" data-id=\"b9c8493\" data-element_type=\"widget\" data-e-type=\"widget\" data-widget_type=\"image.default\">\n\t\t\t\t<div class=\"elementor-widget-container\">\n\t\t\t\t\t\t\t\t\t\t\t\t\t\t\t\t<a href=\"https:\/\/anvisa.com\/wp-content\/uploads\/2023\/01\/pyme_innovadora_meic-SP_print.png\" target=\"_blank\">\n\t\t\t\t\t\t\t<img decoding=\"async\" src=\"https:\/\/anvisa.com\/wp-content\/uploads\/2023\/02\/pyme_innovadora_anvisa.jpg\" title=\"\" alt=\"\" loading=\"lazy\" \/>\t\t\t\t\t\t\t\t<\/a>\n\t\t\t\t\t\t\t\t\t\t\t\t\t\t\t<\/div>\n\t\t\t\t<\/div>\n\t\t\t\t\t<\/div>\n\t\t<\/div>\n\t\t\t\t\t<\/div>\n\t\t<\/section>\n\t\t\t\t\t<\/div>\n\t\t<\/div>\n\t\t\t\t\t<\/div>\n\t\t<\/section>\n\t\t\t\t<\/div>\n\t\t","protected":false},"excerpt":{"rendered":"<p>INVESTIGA\u00c7\u00c3O, DESENVOLVIMENTO E INOVA\u00c7\u00c3O Qualidade alimentar A ANVISA disp\u00f5e de um departamento de IDI com o firme objetivo de garantir a qualidade alimentar de todos os produtos comercializados. Para al\u00e9m do aconselhamento de qualidade e totalmente personalizado em mat\u00e9ria de ci\u00eancia e tecnologia alimentar, oferecemos&#8230;<\/p>\n","protected":false},"author":5,"featured_media":0,"parent":0,"menu_order":0,"comment_status":"closed","ping_status":"closed","template":"","meta":{"footnotes":""},"class_list":["post-4115","page","type-page","status-publish","hentry"],"yoast_head":"<!-- This site is optimized with the Yoast SEO plugin v27.3 - https:\/\/yoast.com\/product\/yoast-seo-wordpress\/ -->\n<title>I + D | Anvisa<\/title>\n<meta name=\"description\" content=\"Dispomos de um departamento de I+D+i com o firme prop\u00f3sito de garantir a qualidade alimentar de todos os produtos que comercializamos.\" \/>\n<meta name=\"robots\" content=\"index, follow, max-snippet:-1, max-image-preview:large, max-video-preview:-1\" \/>\n<link rel=\"canonical\" href=\"https:\/\/anvisa.com\/pt-pt\/i-d\/\" \/>\n<meta property=\"og:locale\" content=\"pt_PT\" \/>\n<meta property=\"og:type\" content=\"article\" \/>\n<meta property=\"og:title\" content=\"I + D | Anvisa\" \/>\n<meta property=\"og:description\" content=\"Dispomos de um departamento de I+D+i com o firme prop\u00f3sito de garantir a qualidade alimentar de todos os produtos que comercializamos.\" \/>\n<meta property=\"og:url\" content=\"https:\/\/anvisa.com\/pt-pt\/i-d\/\" \/>\n<meta property=\"og:site_name\" content=\"Anvisa\" \/>\n<meta property=\"article:modified_time\" content=\"2024-02-12T17:37:13+00:00\" \/>\n<meta property=\"og:image\" content=\"https:\/\/anvisa.com\/wp-content\/uploads\/2021\/01\/logo_ifs_2-e1610363807861.png\" \/>\n<meta name=\"twitter:card\" content=\"summary_large_image\" \/>\n<meta name=\"twitter:label1\" content=\"Tempo estimado de leitura\" \/>\n\t<meta name=\"twitter:data1\" content=\"2 minutos\" \/>\n<script type=\"application\/ld+json\" class=\"yoast-schema-graph\">{\"@context\":\"https:\\\/\\\/schema.org\",\"@graph\":[{\"@type\":\"WebPage\",\"@id\":\"https:\\\/\\\/anvisa.com\\\/pt-pt\\\/i-d\\\/\",\"url\":\"https:\\\/\\\/anvisa.com\\\/pt-pt\\\/i-d\\\/\",\"name\":\"I + D | Anvisa\",\"isPartOf\":{\"@id\":\"https:\\\/\\\/anvisa.com\\\/#website\"},\"primaryImageOfPage\":{\"@id\":\"https:\\\/\\\/anvisa.com\\\/pt-pt\\\/i-d\\\/#primaryimage\"},\"image\":{\"@id\":\"https:\\\/\\\/anvisa.com\\\/pt-pt\\\/i-d\\\/#primaryimage\"},\"thumbnailUrl\":\"https:\\\/\\\/anvisa.com\\\/wp-content\\\/uploads\\\/2021\\\/01\\\/logo_ifs_2-e1610363807861.png\",\"datePublished\":\"2020-11-23T10:03:02+00:00\",\"dateModified\":\"2024-02-12T17:37:13+00:00\",\"description\":\"Dispomos de um departamento de I+D+i com o firme prop\u00f3sito de garantir a qualidade alimentar de todos os produtos que comercializamos.\",\"breadcrumb\":{\"@id\":\"https:\\\/\\\/anvisa.com\\\/pt-pt\\\/i-d\\\/#breadcrumb\"},\"inLanguage\":\"pt-PT\",\"potentialAction\":[{\"@type\":\"ReadAction\",\"target\":[\"https:\\\/\\\/anvisa.com\\\/pt-pt\\\/i-d\\\/\"]}]},{\"@type\":\"ImageObject\",\"inLanguage\":\"pt-PT\",\"@id\":\"https:\\\/\\\/anvisa.com\\\/pt-pt\\\/i-d\\\/#primaryimage\",\"url\":\"https:\\\/\\\/anvisa.com\\\/wp-content\\\/uploads\\\/2021\\\/01\\\/logo_ifs_2-e1610363807861.png\",\"contentUrl\":\"https:\\\/\\\/anvisa.com\\\/wp-content\\\/uploads\\\/2021\\\/01\\\/logo_ifs_2-e1610363807861.png\"},{\"@type\":\"BreadcrumbList\",\"@id\":\"https:\\\/\\\/anvisa.com\\\/pt-pt\\\/i-d\\\/#breadcrumb\",\"itemListElement\":[{\"@type\":\"ListItem\",\"position\":1,\"name\":\"Portada\",\"item\":\"https:\\\/\\\/anvisa.com\\\/\"},{\"@type\":\"ListItem\",\"position\":2,\"name\":\"I + D\"}]},{\"@type\":\"WebSite\",\"@id\":\"https:\\\/\\\/anvisa.com\\\/#website\",\"url\":\"https:\\\/\\\/anvisa.com\\\/\",\"name\":\"Anvisa\",\"description\":\"Alta Tecnolog\u00eda Alimentaria\",\"potentialAction\":[{\"@type\":\"SearchAction\",\"target\":{\"@type\":\"EntryPoint\",\"urlTemplate\":\"https:\\\/\\\/anvisa.com\\\/?s={search_term_string}\"},\"query-input\":{\"@type\":\"PropertyValueSpecification\",\"valueRequired\":true,\"valueName\":\"search_term_string\"}}],\"inLanguage\":\"pt-PT\"}]}<\/script>\n<!-- \/ Yoast SEO plugin. -->","yoast_head_json":{"title":"I + D | Anvisa","description":"Dispomos de um departamento de I+D+i com o firme prop\u00f3sito de garantir a qualidade alimentar de todos os produtos que comercializamos.","robots":{"index":"index","follow":"follow","max-snippet":"max-snippet:-1","max-image-preview":"max-image-preview:large","max-video-preview":"max-video-preview:-1"},"canonical":"https:\/\/anvisa.com\/pt-pt\/i-d\/","og_locale":"pt_PT","og_type":"article","og_title":"I + D | Anvisa","og_description":"Dispomos de um departamento de I+D+i com o firme prop\u00f3sito de garantir a qualidade alimentar de todos os produtos que comercializamos.","og_url":"https:\/\/anvisa.com\/pt-pt\/i-d\/","og_site_name":"Anvisa","article_modified_time":"2024-02-12T17:37:13+00:00","og_image":[{"url":"https:\/\/anvisa.com\/wp-content\/uploads\/2021\/01\/logo_ifs_2-e1610363807861.png","type":"","width":"","height":""}],"twitter_card":"summary_large_image","twitter_misc":{"Tempo estimado de leitura":"2 minutos"},"schema":{"@context":"https:\/\/schema.org","@graph":[{"@type":"WebPage","@id":"https:\/\/anvisa.com\/pt-pt\/i-d\/","url":"https:\/\/anvisa.com\/pt-pt\/i-d\/","name":"I + D | Anvisa","isPartOf":{"@id":"https:\/\/anvisa.com\/#website"},"primaryImageOfPage":{"@id":"https:\/\/anvisa.com\/pt-pt\/i-d\/#primaryimage"},"image":{"@id":"https:\/\/anvisa.com\/pt-pt\/i-d\/#primaryimage"},"thumbnailUrl":"https:\/\/anvisa.com\/wp-content\/uploads\/2021\/01\/logo_ifs_2-e1610363807861.png","datePublished":"2020-11-23T10:03:02+00:00","dateModified":"2024-02-12T17:37:13+00:00","description":"Dispomos de um departamento de I+D+i com o firme prop\u00f3sito de garantir a qualidade alimentar de todos os produtos que comercializamos.","breadcrumb":{"@id":"https:\/\/anvisa.com\/pt-pt\/i-d\/#breadcrumb"},"inLanguage":"pt-PT","potentialAction":[{"@type":"ReadAction","target":["https:\/\/anvisa.com\/pt-pt\/i-d\/"]}]},{"@type":"ImageObject","inLanguage":"pt-PT","@id":"https:\/\/anvisa.com\/pt-pt\/i-d\/#primaryimage","url":"https:\/\/anvisa.com\/wp-content\/uploads\/2021\/01\/logo_ifs_2-e1610363807861.png","contentUrl":"https:\/\/anvisa.com\/wp-content\/uploads\/2021\/01\/logo_ifs_2-e1610363807861.png"},{"@type":"BreadcrumbList","@id":"https:\/\/anvisa.com\/pt-pt\/i-d\/#breadcrumb","itemListElement":[{"@type":"ListItem","position":1,"name":"Portada","item":"https:\/\/anvisa.com\/"},{"@type":"ListItem","position":2,"name":"I + D"}]},{"@type":"WebSite","@id":"https:\/\/anvisa.com\/#website","url":"https:\/\/anvisa.com\/","name":"Anvisa","description":"Alta Tecnolog\u00eda Alimentaria","potentialAction":[{"@type":"SearchAction","target":{"@type":"EntryPoint","urlTemplate":"https:\/\/anvisa.com\/?s={search_term_string}"},"query-input":{"@type":"PropertyValueSpecification","valueRequired":true,"valueName":"search_term_string"}}],"inLanguage":"pt-PT"}]}},"_links":{"self":[{"href":"https:\/\/anvisa.com\/pt-pt\/wp-json\/wp\/v2\/pages\/4115","targetHints":{"allow":["GET"]}}],"collection":[{"href":"https:\/\/anvisa.com\/pt-pt\/wp-json\/wp\/v2\/pages"}],"about":[{"href":"https:\/\/anvisa.com\/pt-pt\/wp-json\/wp\/v2\/types\/page"}],"author":[{"embeddable":true,"href":"https:\/\/anvisa.com\/pt-pt\/wp-json\/wp\/v2\/users\/5"}],"replies":[{"embeddable":true,"href":"https:\/\/anvisa.com\/pt-pt\/wp-json\/wp\/v2\/comments?post=4115"}],"version-history":[{"count":4,"href":"https:\/\/anvisa.com\/pt-pt\/wp-json\/wp\/v2\/pages\/4115\/revisions"}],"predecessor-version":[{"id":4206,"href":"https:\/\/anvisa.com\/pt-pt\/wp-json\/wp\/v2\/pages\/4115\/revisions\/4206"}],"wp:attachment":[{"href":"https:\/\/anvisa.com\/pt-pt\/wp-json\/wp\/v2\/media?parent=4115"}],"curies":[{"name":"wp","href":"https:\/\/api.w.org\/{rel}","templated":true}]}}