{"id":4124,"date":"2020-12-20T14:33:00","date_gmt":"2020-12-20T13:33:00","guid":{"rendered":"https:\/\/anvisa.com\/politica-de-qualidade\/"},"modified":"2024-02-16T15:54:31","modified_gmt":"2024-02-16T14:54:31","slug":"politica-de-qualidade","status":"publish","type":"page","link":"https:\/\/anvisa.com\/pt-pt\/politica-de-qualidade\/","title":{"rendered":"Pol\u00edtica de Qualidade"},"content":{"rendered":"\t\t<div data-elementor-type=\"wp-page\" data-elementor-id=\"4124\" class=\"elementor elementor-4124 elementor-1508\">\n\t\t\t\t\t\t<section class=\"elementor-section elementor-top-section elementor-element elementor-element-1be01e8 elementor-section-boxed elementor-section-height-default elementor-section-height-default parallax_section_no qode_elementor_container_no\" data-id=\"1be01e8\" data-element_type=\"section\" data-e-type=\"section\">\n\t\t\t\t\t\t<div class=\"elementor-container elementor-column-gap-default\">\n\t\t\t\t\t<div class=\"elementor-column elementor-col-100 elementor-top-column elementor-element elementor-element-b8ede18\" data-id=\"b8ede18\" data-element_type=\"column\" data-e-type=\"column\">\n\t\t\t<div class=\"elementor-widget-wrap elementor-element-populated\">\n\t\t\t\t\t\t<div class=\"elementor-element elementor-element-e92605a elementor-widget elementor-widget-heading\" data-id=\"e92605a\" data-element_type=\"widget\" data-e-type=\"widget\" data-widget_type=\"heading.default\">\n\t\t\t\t<div class=\"elementor-widget-container\">\n\t\t\t\t\t<h6 class=\"elementor-heading-title elementor-size-default\">Alta tecnologia alimentar<\/h6>\t\t\t\t<\/div>\n\t\t\t\t<\/div>\n\t\t\t\t<div class=\"elementor-element elementor-element-da4ebcc elementor-widget elementor-widget-heading\" data-id=\"da4ebcc\" data-element_type=\"widget\" data-e-type=\"widget\" data-widget_type=\"heading.default\">\n\t\t\t\t<div class=\"elementor-widget-container\">\n\t\t\t\t\t<h2 class=\"elementor-heading-title elementor-size-default\">Paix\u00e3o pela excel\u00eancia<\/h2>\t\t\t\t<\/div>\n\t\t\t\t<\/div>\n\t\t\t\t<div class=\"elementor-element elementor-element-fe0a53b elementor-widget-divider--view-line elementor-widget elementor-widget-divider\" data-id=\"fe0a53b\" data-element_type=\"widget\" data-e-type=\"widget\" data-widget_type=\"divider.default\">\n\t\t\t\t<div class=\"elementor-widget-container\">\n\t\t\t\t\t\t\t<div class=\"elementor-divider\">\n\t\t\t<span class=\"elementor-divider-separator\">\n\t\t\t\t\t\t<\/span>\n\t\t<\/div>\n\t\t\t\t\t\t<\/div>\n\t\t\t\t<\/div>\n\t\t\t\t\t<\/div>\n\t\t<\/div>\n\t\t\t\t\t<\/div>\n\t\t<\/section>\n\t\t\t\t<section class=\"elementor-section elementor-top-section elementor-element elementor-element-bb537ba elementor-section-boxed elementor-section-height-default elementor-section-height-default parallax_section_no qode_elementor_container_no\" data-id=\"bb537ba\" data-element_type=\"section\" data-e-type=\"section\">\n\t\t\t\t\t\t<div class=\"elementor-container elementor-column-gap-default\">\n\t\t\t\t\t<div class=\"elementor-column elementor-col-100 elementor-top-column elementor-element elementor-element-ed421f5\" data-id=\"ed421f5\" data-element_type=\"column\" data-e-type=\"column\">\n\t\t\t<div class=\"elementor-widget-wrap elementor-element-populated\">\n\t\t\t\t\t\t<div class=\"elementor-element elementor-element-88e9696 elementor-widget elementor-widget-text-editor\" data-id=\"88e9696\" data-element_type=\"widget\" data-e-type=\"widget\" data-widget_type=\"text-editor.default\">\n\t\t\t\t<div class=\"elementor-widget-container\">\n\t\t\t\t\t\t\t\t\t<p>A qualidade \u00e9 uma prioridade em todas as atividades desenvolvidas pela empresa ANTONIO VILLORIA, S.A.<\/p>\n<p>A pol\u00edtica de qualidade da empresa rege-se pelas orienta\u00e7\u00f5es e pelos objetivos gerais estabelecidos pelos \u00f3rg\u00e3os de gest\u00e3o, repercutindo-se na documenta\u00e7\u00e3o do Sistema de Gest\u00e3o da Qualidade relativamente a tudo o que diga respeito \u00e0 qualidade.<\/p>\n<p><\/p>\n<p>A presente pol\u00edtica de qualidade rege-se pelas seguintes orienta\u00e7\u00f5es:<\/p>\n<p><\/p>\n<p>1. A ANVISA concebe, fabrica e comercializa misturas de aditivos para a ind\u00fastria alimentar, sendo um aliado dos seus clientes neste processo, para o qual lhes disponibiliza tamb\u00e9m a sua tecnologia de an\u00e1lise.<\/p>\n<p><\/p>\n<p>2. A ANVISA define a sua MISS\u00c3O do seguinte modo:<\/p>\n<p><\/p>\n<ul>\n<li>Servir e ser pelos clientes entendida como ponte entre a ci\u00eancia e a tecnologia, combinando a tecnologia mais avan\u00e7ada com uma abordagem inovadora.<\/li>\n<li>Utilizar a tecnologia de forma inovadora no sentido de desenvolver preparados que, quando devidamente utilizados pelo cliente, lhe permitam fabricar produtos de excel\u00eancia.<\/li>\n<\/ul>\n<div>&nbsp;<\/div>\n<p>3. A ANVISA baseia-se nos seguintes VALORES fundamentais para cumprir a sua miss\u00e3o:<\/p>\n<p><\/p>\n<ul>\n<li>Uma equipe de pessoas altamente qualificadas, com forma\u00e7\u00e3o profissional, empenhadas e motivadas para o exerc\u00edcio das suas tarefas.<\/li>\n<li>Um esp\u00edrito de parceria com o cliente, que se traduz na prioridade dada \u00e0 resolu\u00e7\u00e3o das suas necessidades tecnol\u00f3gicas em rela\u00e7\u00e3o \u00e0s oportunidades de venda de produtos.<\/li>\n<li>Plena disponibilidade para colocar a tecnologia, os meios e os equipamentos pr\u00f3prios \u00e0 disposi\u00e7\u00e3o do cliente.<\/li>\n<li>Um esp\u00edrito empreendedor assente na qualidade, na inova\u00e7\u00e3o e na sustentabilidade.<\/li>\n<\/ul>\n<div>&nbsp;<\/div>\n<p>4. O sistema de qualidade da ANVISA, baseado nos valores da empresa, est\u00e1 orientado para o cumprimento da sua miss\u00e3o atrav\u00e9s das seguintes linhas gerais de atua\u00e7\u00e3o:<\/p>\n<p><\/p>\n<ul>\n<li>Garantir a responsabilidade social e \u00e9tica da empresa para com o ambiente, os recursos naturais, os cidad\u00e3os, os consumidores em geral, os fornecedores, os clientes e os trabalhadores, envidando todos os esfor\u00e7os no sentido de garantir um desenvolvimento sustent\u00e1vel que os respeite a todos.<\/li>\n<li>Garantir a qualidade, a autenticidade e a seguran\u00e7a dos produtos, bem como o cumprimento dos requisitos legais e contratuais estabelecidos com os clientes, bem como das especifica\u00e7\u00f5es t\u00e9cnicas estabelecidas para cada produto.<\/li>\n<li>Promover a\u00e7\u00f5es de investiga\u00e7\u00e3o, desenvolvimento e inova\u00e7\u00e3o enquanto estrat\u00e9gia competitiva no desenvolvimento da empresa, sistematizando tais atividades de modo a tirar partido do conhecimento interno da organiza\u00e7\u00e3o, explorando e protegendo adequadamente os resultados das atividades de IDI e promovendo a utiliza\u00e7\u00e3o pelo pessoal da empresa de ferramentas e t\u00e9cnicas inovadoras que aumentem a sua produtividade.<\/li>\n<\/ul>\n<ul>\n<li>Melhoria cont\u00ednua dos seus processos e produtos, disponibilizando os recursos necess\u00e1rios para o efeito.<\/li>\n<li>Colabora\u00e7\u00e3o com os seus fornecedores, sem esquecer a procura constante dos melhores.<\/li>\n<li>Otimiza\u00e7\u00e3o de custos, com vista a oferecer ao cliente os pre\u00e7os mais adequados \u00e0 obten\u00e7\u00e3o de um benef\u00edcio m\u00fatuo.<\/li>\n<li>Estabelecimento de um estilo de lideran\u00e7a que promova o trabalho em equipe, a gera\u00e7\u00e3o de ideias inovadoras e uma gest\u00e3o \u00e1gil e eficaz.<\/li>\n<li>Promo\u00e7\u00e3o da forma\u00e7\u00e3o cont\u00ednua de todos os trabalhadores, assegurando a sua capacita\u00e7\u00e3o e a responsabilidade pelo seu trabalho, especialmente no que se refere aos aspetos fundamentais associados \u00e0 qualidade e seguran\u00e7a dos alimentos.<\/li>\n<li>Assun\u00e7\u00e3o do compromisso de cumprir e garantir o cumprimento dos requisitos estabelecidos no regulamento relativo \u00e0 utiliza\u00e7\u00e3o da marca de garantia Halal da organiza\u00e7\u00e3o Junta Isl\u00e1mica nos produtos assim certificados.<\/li>\n<\/ul>\n<p>Fdo.: Paloma Moh\u00edno <br>Diretora-geral <br>ANTONIO VILLORIA, S.A<\/p>\t\t\t\t\t\t\t\t<\/div>\n\t\t\t\t<\/div>\n\t\t\t\t\t<\/div>\n\t\t<\/div>\n\t\t\t\t\t<\/div>\n\t\t<\/section>\n\t\t\t\t<\/div>\n\t\t","protected":false},"excerpt":{"rendered":"<p>Alta tecnologia alimentar Paix\u00e3o pela excel\u00eancia A qualidade \u00e9 uma prioridade em todas as atividades desenvolvidas pela empresa ANTONIO VILLORIA, S.A. A pol\u00edtica de qualidade da empresa rege-se pelas orienta\u00e7\u00f5es e pelos objetivos gerais estabelecidos pelos \u00f3rg\u00e3os de gest\u00e3o, repercutindo-se na documenta\u00e7\u00e3o do Sistema de&#8230;<\/p>\n","protected":false},"author":5,"featured_media":0,"parent":0,"menu_order":0,"comment_status":"closed","ping_status":"closed","template":"full_width.php","meta":{"footnotes":""},"class_list":["post-4124","page","type-page","status-publish","hentry"],"yoast_head":"<!-- This site is optimized with the Yoast SEO plugin v27.3 - https:\/\/yoast.com\/product\/yoast-seo-wordpress\/ -->\n<title>Pol\u00edtica de Qualidade | Anvisa<\/title>\n<meta name=\"description\" content=\"Temos paix\u00e3o pela excel\u00eancia, pode consultar a nossa Pol\u00edtica de Qualidade aqui.\" \/>\n<meta name=\"robots\" content=\"index, follow, max-snippet:-1, max-image-preview:large, max-video-preview:-1\" \/>\n<link rel=\"canonical\" href=\"https:\/\/anvisa.com\/politica-de-calidad\/\" \/>\n<meta property=\"og:locale\" content=\"pt_PT\" \/>\n<meta property=\"og:type\" content=\"article\" \/>\n<meta property=\"og:title\" content=\"Pol\u00edtica de Qualidade | Anvisa\" \/>\n<meta property=\"og:description\" content=\"Temos paix\u00e3o pela excel\u00eancia, pode consultar a nossa Pol\u00edtica de Qualidade aqui.\" \/>\n<meta property=\"og:url\" content=\"https:\/\/anvisa.com\/politica-de-calidad\/\" \/>\n<meta property=\"og:site_name\" content=\"Anvisa\" \/>\n<meta property=\"article:modified_time\" content=\"2024-02-16T14:54:31+00:00\" \/>\n<meta name=\"twitter:card\" content=\"summary_large_image\" \/>\n<meta name=\"twitter:label1\" content=\"Tempo estimado de leitura\" \/>\n\t<meta name=\"twitter:data1\" content=\"3 minutos\" \/>\n<script type=\"application\/ld+json\" class=\"yoast-schema-graph\">{\"@context\":\"https:\\\/\\\/schema.org\",\"@graph\":[{\"@type\":\"WebPage\",\"@id\":\"https:\\\/\\\/anvisa.com\\\/politica-de-calidad\\\/\",\"url\":\"https:\\\/\\\/anvisa.com\\\/politica-de-calidad\\\/\",\"name\":\"Pol\u00edtica de Qualidade | Anvisa\",\"isPartOf\":{\"@id\":\"https:\\\/\\\/anvisa.com\\\/#website\"},\"datePublished\":\"2020-12-20T13:33:00+00:00\",\"dateModified\":\"2024-02-16T14:54:31+00:00\",\"description\":\"Temos paix\u00e3o pela excel\u00eancia, pode consultar a nossa Pol\u00edtica de Qualidade aqui.\",\"breadcrumb\":{\"@id\":\"https:\\\/\\\/anvisa.com\\\/politica-de-calidad\\\/#breadcrumb\"},\"inLanguage\":\"pt-PT\",\"potentialAction\":[{\"@type\":\"ReadAction\",\"target\":[\"https:\\\/\\\/anvisa.com\\\/politica-de-calidad\\\/\"]}]},{\"@type\":\"BreadcrumbList\",\"@id\":\"https:\\\/\\\/anvisa.com\\\/politica-de-calidad\\\/#breadcrumb\",\"itemListElement\":[{\"@type\":\"ListItem\",\"position\":1,\"name\":\"Portada\",\"item\":\"https:\\\/\\\/anvisa.com\\\/\"},{\"@type\":\"ListItem\",\"position\":2,\"name\":\"Pol\u00edtica de Qualidade\"}]},{\"@type\":\"WebSite\",\"@id\":\"https:\\\/\\\/anvisa.com\\\/#website\",\"url\":\"https:\\\/\\\/anvisa.com\\\/\",\"name\":\"Anvisa\",\"description\":\"Alta Tecnolog\u00eda Alimentaria\",\"potentialAction\":[{\"@type\":\"SearchAction\",\"target\":{\"@type\":\"EntryPoint\",\"urlTemplate\":\"https:\\\/\\\/anvisa.com\\\/?s={search_term_string}\"},\"query-input\":{\"@type\":\"PropertyValueSpecification\",\"valueRequired\":true,\"valueName\":\"search_term_string\"}}],\"inLanguage\":\"pt-PT\"}]}<\/script>\n<!-- \/ Yoast SEO plugin. -->","yoast_head_json":{"title":"Pol\u00edtica de Qualidade | Anvisa","description":"Temos paix\u00e3o pela excel\u00eancia, pode consultar a nossa Pol\u00edtica de Qualidade aqui.","robots":{"index":"index","follow":"follow","max-snippet":"max-snippet:-1","max-image-preview":"max-image-preview:large","max-video-preview":"max-video-preview:-1"},"canonical":"https:\/\/anvisa.com\/politica-de-calidad\/","og_locale":"pt_PT","og_type":"article","og_title":"Pol\u00edtica de Qualidade | Anvisa","og_description":"Temos paix\u00e3o pela excel\u00eancia, pode consultar a nossa Pol\u00edtica de Qualidade aqui.","og_url":"https:\/\/anvisa.com\/politica-de-calidad\/","og_site_name":"Anvisa","article_modified_time":"2024-02-16T14:54:31+00:00","twitter_card":"summary_large_image","twitter_misc":{"Tempo estimado de leitura":"3 minutos"},"schema":{"@context":"https:\/\/schema.org","@graph":[{"@type":"WebPage","@id":"https:\/\/anvisa.com\/politica-de-calidad\/","url":"https:\/\/anvisa.com\/politica-de-calidad\/","name":"Pol\u00edtica de Qualidade | Anvisa","isPartOf":{"@id":"https:\/\/anvisa.com\/#website"},"datePublished":"2020-12-20T13:33:00+00:00","dateModified":"2024-02-16T14:54:31+00:00","description":"Temos paix\u00e3o pela excel\u00eancia, pode consultar a nossa Pol\u00edtica de Qualidade aqui.","breadcrumb":{"@id":"https:\/\/anvisa.com\/politica-de-calidad\/#breadcrumb"},"inLanguage":"pt-PT","potentialAction":[{"@type":"ReadAction","target":["https:\/\/anvisa.com\/politica-de-calidad\/"]}]},{"@type":"BreadcrumbList","@id":"https:\/\/anvisa.com\/politica-de-calidad\/#breadcrumb","itemListElement":[{"@type":"ListItem","position":1,"name":"Portada","item":"https:\/\/anvisa.com\/"},{"@type":"ListItem","position":2,"name":"Pol\u00edtica de Qualidade"}]},{"@type":"WebSite","@id":"https:\/\/anvisa.com\/#website","url":"https:\/\/anvisa.com\/","name":"Anvisa","description":"Alta Tecnolog\u00eda Alimentaria","potentialAction":[{"@type":"SearchAction","target":{"@type":"EntryPoint","urlTemplate":"https:\/\/anvisa.com\/?s={search_term_string}"},"query-input":{"@type":"PropertyValueSpecification","valueRequired":true,"valueName":"search_term_string"}}],"inLanguage":"pt-PT"}]}},"_links":{"self":[{"href":"https:\/\/anvisa.com\/pt-pt\/wp-json\/wp\/v2\/pages\/4124","targetHints":{"allow":["GET"]}}],"collection":[{"href":"https:\/\/anvisa.com\/pt-pt\/wp-json\/wp\/v2\/pages"}],"about":[{"href":"https:\/\/anvisa.com\/pt-pt\/wp-json\/wp\/v2\/types\/page"}],"author":[{"embeddable":true,"href":"https:\/\/anvisa.com\/pt-pt\/wp-json\/wp\/v2\/users\/5"}],"replies":[{"embeddable":true,"href":"https:\/\/anvisa.com\/pt-pt\/wp-json\/wp\/v2\/comments?post=4124"}],"version-history":[{"count":10,"href":"https:\/\/anvisa.com\/pt-pt\/wp-json\/wp\/v2\/pages\/4124\/revisions"}],"predecessor-version":[{"id":4312,"href":"https:\/\/anvisa.com\/pt-pt\/wp-json\/wp\/v2\/pages\/4124\/revisions\/4312"}],"wp:attachment":[{"href":"https:\/\/anvisa.com\/pt-pt\/wp-json\/wp\/v2\/media?parent=4124"}],"curies":[{"name":"wp","href":"https:\/\/api.w.org\/{rel}","templated":true}]}}