{"id":4126,"date":"2020-12-18T15:19:17","date_gmt":"2020-12-18T14:19:17","guid":{"rendered":"https:\/\/anvisa.com\/produtos\/aviprep\/"},"modified":"2024-02-16T15:57:58","modified_gmt":"2024-02-16T14:57:58","slug":"aviprep","status":"publish","type":"page","link":"https:\/\/anvisa.com\/pt-pt\/produtos\/aviprep\/","title":{"rendered":"AVIPREP"},"content":{"rendered":"\t\t<div data-elementor-type=\"wp-page\" data-elementor-id=\"4126\" class=\"elementor elementor-4126 elementor-1161\">\n\t\t\t\t\t\t<section class=\"elementor-section elementor-top-section elementor-element elementor-element-610b54f elementor-section-boxed elementor-section-height-default elementor-section-height-default parallax_section_no qode_elementor_container_no\" data-id=\"610b54f\" data-element_type=\"section\" data-e-type=\"section\" data-settings=\"{&quot;background_background&quot;:&quot;classic&quot;}\">\n\t\t\t\t\t\t<div class=\"elementor-container elementor-column-gap-default\">\n\t\t\t\t\t<div class=\"elementor-column elementor-col-50 elementor-top-column elementor-element elementor-element-238176e\" data-id=\"238176e\" data-element_type=\"column\" data-e-type=\"column\">\n\t\t\t<div class=\"elementor-widget-wrap elementor-element-populated\">\n\t\t\t\t\t\t<div class=\"elementor-element elementor-element-f9e4919 elementor-widget elementor-widget-heading\" data-id=\"f9e4919\" data-element_type=\"widget\" data-e-type=\"widget\" data-widget_type=\"heading.default\">\n\t\t\t\t<div class=\"elementor-widget-container\">\n\t\t\t\t\t<h6 class=\"elementor-heading-title elementor-size-default\">Alta tecnologia alimentar<\/h6>\t\t\t\t<\/div>\n\t\t\t\t<\/div>\n\t\t\t\t<div class=\"elementor-element elementor-element-ab45948 elementor-widget elementor-widget-heading\" data-id=\"ab45948\" data-element_type=\"widget\" data-e-type=\"widget\" data-widget_type=\"heading.default\">\n\t\t\t\t<div class=\"elementor-widget-container\">\n\t\t\t\t\t<h2 class=\"elementor-heading-title elementor-size-default\">AVIPREP <\/h2>\t\t\t\t<\/div>\n\t\t\t\t<\/div>\n\t\t\t\t<div class=\"elementor-element elementor-element-db7b96f elementor-widget-divider--view-line elementor-widget elementor-widget-divider\" data-id=\"db7b96f\" data-element_type=\"widget\" data-e-type=\"widget\" data-widget_type=\"divider.default\">\n\t\t\t\t<div class=\"elementor-widget-container\">\n\t\t\t\t\t\t\t<div class=\"elementor-divider\">\n\t\t\t<span class=\"elementor-divider-separator\">\n\t\t\t\t\t\t<\/span>\n\t\t<\/div>\n\t\t\t\t\t\t<\/div>\n\t\t\t\t<\/div>\n\t\t\t\t<div class=\"elementor-element elementor-element-93780e0 elementor-widget elementor-widget-heading\" data-id=\"93780e0\" data-element_type=\"widget\" data-e-type=\"widget\" data-widget_type=\"heading.default\">\n\t\t\t\t<div class=\"elementor-widget-container\">\n\t\t\t\t\t<h4 class=\"elementor-heading-title elementor-size-default\">Pleno respeito pelo\nsabor natural dos produtos frescos.<\/h4>\t\t\t\t<\/div>\n\t\t\t\t<\/div>\n\t\t\t\t<div class=\"elementor-element elementor-element-0a9a612 elementor-widget elementor-widget-text-editor\" data-id=\"0a9a612\" data-element_type=\"widget\" data-e-type=\"widget\" data-widget_type=\"text-editor.default\">\n\t\t\t\t<div class=\"elementor-widget-container\">\n\t\t\t\t\t\t\t\t\t<p>A Aviprep oferece solu\u00e7\u00f5es integrais para o desenvolvimento de produtos frescos processados, proporcionando novas matizes que valorizam a ess\u00eancia da mat\u00e9ria-prima.<\/p>\t\t\t\t\t\t\t\t<\/div>\n\t\t\t\t<\/div>\n\t\t\t\t\t<\/div>\n\t\t<\/div>\n\t\t\t\t<div class=\"elementor-column elementor-col-50 elementor-top-column elementor-element elementor-element-415acd5\" data-id=\"415acd5\" data-element_type=\"column\" data-e-type=\"column\">\n\t\t\t<div class=\"elementor-widget-wrap elementor-element-populated\">\n\t\t\t\t\t\t<div class=\"elementor-element elementor-element-d7ed42d elementor-widget elementor-widget-image\" data-id=\"d7ed42d\" data-element_type=\"widget\" data-e-type=\"widget\" data-widget_type=\"image.default\">\n\t\t\t\t<div class=\"elementor-widget-container\">\n\t\t\t\t\t\t\t\t\t\t\t\t\t\t\t<img fetchpriority=\"high\" decoding=\"async\" width=\"500\" height=\"380\" src=\"https:\/\/anvisa.com\/wp-content\/uploads\/2021\/01\/aviprep_new_1.jpg\" class=\"attachment-large size-large wp-image-3820\" alt=\"\" srcset=\"https:\/\/anvisa.com\/wp-content\/uploads\/2021\/01\/aviprep_new_1.jpg 500w, https:\/\/anvisa.com\/wp-content\/uploads\/2021\/01\/aviprep_new_1-300x228.jpg 300w\" sizes=\"(max-width: 500px) 100vw, 500px\" \/>\t\t\t\t\t\t\t\t\t\t\t\t\t\t\t<\/div>\n\t\t\t\t<\/div>\n\t\t\t\t\t<\/div>\n\t\t<\/div>\n\t\t\t\t\t<\/div>\n\t\t<\/section>\n\t\t\t\t<section class=\"elementor-section elementor-top-section elementor-element elementor-element-b3fc1e2 elementor-section-boxed elementor-section-height-default elementor-section-height-default parallax_section_no qode_elementor_container_no\" data-id=\"b3fc1e2\" data-element_type=\"section\" data-e-type=\"section\" data-settings=\"{&quot;background_background&quot;:&quot;classic&quot;}\">\n\t\t\t\t\t\t\t<div class=\"elementor-background-overlay\"><\/div>\n\t\t\t\t\t\t\t<div class=\"elementor-container elementor-column-gap-default\">\n\t\t\t\t\t<div class=\"elementor-column elementor-col-50 elementor-top-column elementor-element elementor-element-41a5463\" data-id=\"41a5463\" data-element_type=\"column\" data-e-type=\"column\">\n\t\t\t<div class=\"elementor-widget-wrap elementor-element-populated\">\n\t\t\t\t\t\t<div class=\"elementor-element elementor-element-3eede34 elementor-widget elementor-widget-heading\" data-id=\"3eede34\" data-element_type=\"widget\" data-e-type=\"widget\" data-widget_type=\"heading.default\">\n\t\t\t\t<div class=\"elementor-widget-container\">\n\t\t\t\t\t<h3 class=\"elementor-heading-title elementor-size-default\">Benef\u00edcios<\/h3>\t\t\t\t<\/div>\n\t\t\t\t<\/div>\n\t\t\t\t<div class=\"elementor-element elementor-element-d4d06c7 elementor-widget elementor-widget-text-editor\" data-id=\"d4d06c7\" data-element_type=\"widget\" data-e-type=\"widget\" data-widget_type=\"text-editor.default\">\n\t\t\t\t<div class=\"elementor-widget-container\">\n\t\t\t\t\t\t\t\t\t<p>\u2022 Fus\u00e3o de cor, sabor e aroma <span style=\"font-weight: 400;\">em uma \u00fanica solu\u00e7\u00e3o.<\/span><br \/>\u2022 Refor\u00e7o e intensifica\u00e7\u00e3o das qualidades organol\u00e9ticas das mat\u00e9rias-primas.<br \/>\u2022 Obten\u00e7\u00e3o de um produto com um pre\u00e7o de venda superior <span style=\"font-weight: 400;\">ao pre\u00e7o da carne fresca.<\/span><br \/>\u2022 Amplia\u00e7ao do cat\u00e1logo de produtos frescos, com o subsequente aumento do n\u00edvel de compra dos consumidores.<\/p>\t\t\t\t\t\t\t\t<\/div>\n\t\t\t\t<\/div>\n\t\t\t\t<div class=\"elementor-element elementor-element-9eaee18 elementor-align-left elementor-widget elementor-widget-button\" data-id=\"9eaee18\" data-element_type=\"widget\" data-e-type=\"widget\" data-widget_type=\"button.default\">\n\t\t\t\t<div class=\"elementor-widget-container\">\n\t\t\t\t\t\t\t\t\t<div class=\"elementor-button-wrapper\">\n\t\t\t\t\t<a class=\"elementor-button elementor-button-link elementor-size-sm\" href=\"https:\/\/anvisa.com\/wp-content\/uploads\/2024\/02\/AVIPREP-pdf-portugues-rev.pdf\" target=\"_blank\">\n\t\t\t\t\t\t<span class=\"elementor-button-content-wrapper\">\n\t\t\t\t\t\t\t\t\t<span class=\"elementor-button-text\">Descarregar<\/span>\n\t\t\t\t\t<\/span>\n\t\t\t\t\t<\/a>\n\t\t\t\t<\/div>\n\t\t\t\t\t\t\t\t<\/div>\n\t\t\t\t<\/div>\n\t\t\t\t\t<\/div>\n\t\t<\/div>\n\t\t\t\t<div class=\"elementor-column elementor-col-50 elementor-top-column elementor-element elementor-element-e14cb24\" data-id=\"e14cb24\" data-element_type=\"column\" data-e-type=\"column\">\n\t\t\t<div class=\"elementor-widget-wrap elementor-element-populated\">\n\t\t\t\t\t\t<div class=\"elementor-element elementor-element-1019150 elementor-widget elementor-widget-heading\" data-id=\"1019150\" data-element_type=\"widget\" data-e-type=\"widget\" data-widget_type=\"heading.default\">\n\t\t\t\t<div class=\"elementor-widget-container\">\n\t\t\t\t\t<h3 class=\"elementor-heading-title elementor-size-default\">Algumas das nossas solu\u00e7\u00f5es:<\/h3>\t\t\t\t<\/div>\n\t\t\t\t<\/div>\n\t\t\t\t<div class=\"elementor-element elementor-element-980eedc elementor-widget elementor-widget-text-editor\" data-id=\"980eedc\" data-element_type=\"widget\" data-e-type=\"widget\" data-widget_type=\"text-editor.default\">\n\t\t\t\t<div class=\"elementor-widget-container\">\n\t\t\t\t\t\t\t\t\t<ul><li>Aviprep Hamb\u00farguer Sine B<\/li><li>Aviprep Hamb\u00farguer Asci<\/li><li>Avialbon 772<\/li><li>Aviprep Hamb\u00farguer Biol\u00f3gico<\/li><\/ul>\t\t\t\t\t\t\t\t<\/div>\n\t\t\t\t<\/div>\n\t\t\t\t\t<\/div>\n\t\t<\/div>\n\t\t\t\t\t<\/div>\n\t\t<\/section>\n\t\t\t\t<section class=\"elementor-section elementor-top-section elementor-element elementor-element-497571a elementor-section-boxed elementor-section-height-default elementor-section-height-default parallax_section_no qode_elementor_container_no\" data-id=\"497571a\" data-element_type=\"section\" data-e-type=\"section\" data-settings=\"{&quot;background_background&quot;:&quot;classic&quot;}\">\n\t\t\t\t\t\t<div class=\"elementor-container elementor-column-gap-default\">\n\t\t\t\t\t<div class=\"elementor-column elementor-col-100 elementor-top-column elementor-element elementor-element-f7847cc\" data-id=\"f7847cc\" data-element_type=\"column\" data-e-type=\"column\">\n\t\t\t<div class=\"elementor-widget-wrap elementor-element-populated\">\n\t\t\t\t\t\t<div class=\"elementor-element elementor-element-fb5985b elementor-widget elementor-widget-heading\" data-id=\"fb5985b\" data-element_type=\"widget\" data-e-type=\"widget\" data-widget_type=\"heading.default\">\n\t\t\t\t<div class=\"elementor-widget-container\">\n\t\t\t\t\t<h3 class=\"elementor-heading-title elementor-size-default\">Outros productos<\/h3>\t\t\t\t<\/div>\n\t\t\t\t<\/div>\n\t\t\t\t<div class=\"elementor-element elementor-element-7564c78 elementor-widget-divider--view-line elementor-widget elementor-widget-divider\" data-id=\"7564c78\" data-element_type=\"widget\" data-e-type=\"widget\" data-widget_type=\"divider.default\">\n\t\t\t\t<div class=\"elementor-widget-container\">\n\t\t\t\t\t\t\t<div class=\"elementor-divider\">\n\t\t\t<span class=\"elementor-divider-separator\">\n\t\t\t\t\t\t<\/span>\n\t\t<\/div>\n\t\t\t\t\t\t<\/div>\n\t\t\t\t<\/div>\n\t\t\t\t\t<\/div>\n\t\t<\/div>\n\t\t\t\t\t<\/div>\n\t\t<\/section>\n\t\t\t\t<section class=\"elementor-section elementor-top-section elementor-element elementor-element-6aec8e8 elementor-section-boxed elementor-section-height-default elementor-section-height-default parallax_section_no qode_elementor_container_no\" data-id=\"6aec8e8\" data-element_type=\"section\" data-e-type=\"section\" data-settings=\"{&quot;background_background&quot;:&quot;classic&quot;}\">\n\t\t\t\t\t\t<div class=\"elementor-container elementor-column-gap-default\">\n\t\t\t\t\t<div class=\"elementor-column elementor-col-50 elementor-top-column elementor-element elementor-element-0755a05\" data-id=\"0755a05\" data-element_type=\"column\" data-e-type=\"column\">\n\t\t\t<div class=\"elementor-widget-wrap elementor-element-populated\">\n\t\t\t\t\t\t<div class=\"elementor-element elementor-element-23d144f elementor-widget elementor-widget-image\" data-id=\"23d144f\" data-element_type=\"widget\" data-e-type=\"widget\" data-widget_type=\"image.default\">\n\t\t\t\t<div class=\"elementor-widget-container\">\n\t\t\t\t\t\t\t\t\t\t\t\t\t\t\t\t<a href=\"https:\/\/anvisa.com\/pt-pt\/produtos\/avisabor\/\">\n\t\t\t\t\t\t\t<img decoding=\"async\" width=\"1000\" height=\"500\" src=\"https:\/\/anvisa.com\/wp-content\/uploads\/2021\/01\/avisabor_new_3-1.jpg\" class=\"attachment-portfolio_masonry_wide size-portfolio_masonry_wide wp-image-3845\" alt=\"\" srcset=\"https:\/\/anvisa.com\/wp-content\/uploads\/2021\/01\/avisabor_new_3-1.jpg 1000w, https:\/\/anvisa.com\/wp-content\/uploads\/2021\/01\/avisabor_new_3-1-300x150.jpg 300w, https:\/\/anvisa.com\/wp-content\/uploads\/2021\/01\/avisabor_new_3-1-768x384.jpg 768w, https:\/\/anvisa.com\/wp-content\/uploads\/2021\/01\/avisabor_new_3-1-700x350.jpg 700w, https:\/\/anvisa.com\/wp-content\/uploads\/2021\/01\/avisabor_new_3-1-600x300.jpg 600w\" sizes=\"(max-width: 1000px) 100vw, 1000px\" \/>\t\t\t\t\t\t\t\t<\/a>\n\t\t\t\t\t\t\t\t\t\t\t\t\t\t\t<\/div>\n\t\t\t\t<\/div>\n\t\t\t\t<div class=\"elementor-element elementor-element-8958184 elementor-widget elementor-widget-heading\" data-id=\"8958184\" data-element_type=\"widget\" data-e-type=\"widget\" data-widget_type=\"heading.default\">\n\t\t\t\t<div class=\"elementor-widget-container\">\n\t\t\t\t\t<h4 class=\"elementor-heading-title elementor-size-default\"><a href=\"https:\/\/anvisa.com\/productos\/avisabor\/\">AVISABOR \u00ae<\/a><\/h4>\t\t\t\t<\/div>\n\t\t\t\t<\/div>\n\t\t\t\t<div class=\"elementor-element elementor-element-7d27bf9 elementor-widget elementor-widget-text-editor\" data-id=\"7d27bf9\" data-element_type=\"widget\" data-e-type=\"widget\" data-widget_type=\"text-editor.default\">\n\t\t\t\t<div class=\"elementor-widget-container\">\n\t\t\t\t\t\t\t\t\t<p>Uma reinven\u00e7\u00e3o do conceito de sabor.<\/p>\n\t\t\t\t\t\t\t\t<\/div>\n\t\t\t\t<\/div>\n\t\t\t\t<div class=\"elementor-element elementor-element-e7662ae elementor-widget elementor-widget-heading\" data-id=\"e7662ae\" data-element_type=\"widget\" data-e-type=\"widget\" data-widget_type=\"heading.default\">\n\t\t\t\t<div class=\"elementor-widget-container\">\n\t\t\t\t\t<h5 class=\"elementor-heading-title elementor-size-default\"><a href=\"https:\/\/anvisa.com\/pt-pt\/produtos\/avisabor\/\">Ver Produto<\/a><\/h5>\t\t\t\t<\/div>\n\t\t\t\t<\/div>\n\t\t\t\t\t<\/div>\n\t\t<\/div>\n\t\t\t\t<div class=\"elementor-column elementor-col-50 elementor-top-column elementor-element elementor-element-5cf6477\" data-id=\"5cf6477\" data-element_type=\"column\" data-e-type=\"column\">\n\t\t\t<div class=\"elementor-widget-wrap elementor-element-populated\">\n\t\t\t\t\t\t<div class=\"elementor-element elementor-element-fccb882 elementor-widget elementor-widget-image\" data-id=\"fccb882\" data-element_type=\"widget\" data-e-type=\"widget\" data-widget_type=\"image.default\">\n\t\t\t\t<div class=\"elementor-widget-container\">\n\t\t\t\t\t\t\t\t\t\t\t\t\t\t\t\t<a href=\"https:\/\/anvisa.com\/pt-pt\/produtos\/retenavi\/\">\n\t\t\t\t\t\t\t<img decoding=\"async\" width=\"1000\" height=\"500\" src=\"https:\/\/anvisa.com\/wp-content\/uploads\/2021\/01\/retenavi_new_3.jpg\" class=\"attachment-portfolio_masonry_wide size-portfolio_masonry_wide wp-image-3846\" alt=\"\" srcset=\"https:\/\/anvisa.com\/wp-content\/uploads\/2021\/01\/retenavi_new_3.jpg 1000w, https:\/\/anvisa.com\/wp-content\/uploads\/2021\/01\/retenavi_new_3-300x150.jpg 300w, https:\/\/anvisa.com\/wp-content\/uploads\/2021\/01\/retenavi_new_3-768x384.jpg 768w, https:\/\/anvisa.com\/wp-content\/uploads\/2021\/01\/retenavi_new_3-700x350.jpg 700w, https:\/\/anvisa.com\/wp-content\/uploads\/2021\/01\/retenavi_new_3-600x300.jpg 600w\" sizes=\"(max-width: 1000px) 100vw, 1000px\" \/>\t\t\t\t\t\t\t\t<\/a>\n\t\t\t\t\t\t\t\t\t\t\t\t\t\t\t<\/div>\n\t\t\t\t<\/div>\n\t\t\t\t<div class=\"elementor-element elementor-element-6d4baf1 elementor-widget elementor-widget-heading\" data-id=\"6d4baf1\" data-element_type=\"widget\" data-e-type=\"widget\" data-widget_type=\"heading.default\">\n\t\t\t\t<div class=\"elementor-widget-container\">\n\t\t\t\t\t<h4 class=\"elementor-heading-title elementor-size-default\"><a href=\"https:\/\/anvisa.com\/productos\/retenavi\/\">RETENAVI<\/a><\/h4>\t\t\t\t<\/div>\n\t\t\t\t<\/div>\n\t\t\t\t<div class=\"elementor-element elementor-element-65c8548 elementor-widget elementor-widget-text-editor\" data-id=\"65c8548\" data-element_type=\"widget\" data-e-type=\"widget\" data-widget_type=\"text-editor.default\">\n\t\t\t\t<div class=\"elementor-widget-container\">\n\t\t\t\t\t\t\t\t\t<p>Funcionalidade e rendimento.<\/p>\n\t\t\t\t\t\t\t\t<\/div>\n\t\t\t\t<\/div>\n\t\t\t\t<div class=\"elementor-element elementor-element-c9d3ea0 elementor-widget elementor-widget-heading\" data-id=\"c9d3ea0\" data-element_type=\"widget\" data-e-type=\"widget\" data-widget_type=\"heading.default\">\n\t\t\t\t<div class=\"elementor-widget-container\">\n\t\t\t\t\t<h5 class=\"elementor-heading-title elementor-size-default\"><a href=\"https:\/\/anvisa.com\/pt-pt\/produtos\/retenavi\/\">Ver Produto<\/a><\/h5>\t\t\t\t<\/div>\n\t\t\t\t<\/div>\n\t\t\t\t\t<\/div>\n\t\t<\/div>\n\t\t\t\t\t<\/div>\n\t\t<\/section>\n\t\t\t\t<\/div>\n\t\t","protected":false},"excerpt":{"rendered":"<p>Alta tecnologia alimentar AVIPREP Pleno respeito pelo sabor natural dos produtos frescos. A Aviprep oferece solu\u00e7\u00f5es integrais para o desenvolvimento de produtos frescos processados, proporcionando novas matizes que valorizam a ess\u00eancia da mat\u00e9ria-prima. Benef\u00edcios \u2022 Fus\u00e3o de cor, sabor e aroma em uma \u00fanica solu\u00e7\u00e3o.\u2022&#8230;<\/p>\n","protected":false},"author":5,"featured_media":0,"parent":4111,"menu_order":0,"comment_status":"closed","ping_status":"closed","template":"full_width.php","meta":{"footnotes":""},"class_list":["post-4126","page","type-page","status-publish","hentry"],"yoast_head":"<!-- This site is optimized with the Yoast SEO plugin v27.4 - https:\/\/yoast.com\/product\/yoast-seo-wordpress\/ -->\n<title>AVIPREP | Anvisa<\/title>\n<meta name=\"description\" content=\"Solu\u00e7\u00f5es integrais para o desenvolvimento de produtos rec\u00e9m-processados, proporcionando novas nuances real\u00e7ando a ess\u00eancia da mat\u00e9ria-prima.\" \/>\n<meta name=\"robots\" content=\"index, follow, max-snippet:-1, max-image-preview:large, max-video-preview:-1\" \/>\n<link rel=\"canonical\" href=\"https:\/\/anvisa.com\/productos\/aviprep\/\" \/>\n<meta property=\"og:locale\" content=\"pt_PT\" \/>\n<meta property=\"og:type\" content=\"article\" \/>\n<meta property=\"og:title\" content=\"AVIPREP | Anvisa\" \/>\n<meta property=\"og:description\" content=\"Solu\u00e7\u00f5es integrais para o desenvolvimento de produtos rec\u00e9m-processados, proporcionando novas nuances real\u00e7ando a ess\u00eancia da mat\u00e9ria-prima.\" \/>\n<meta property=\"og:url\" content=\"https:\/\/anvisa.com\/productos\/aviprep\/\" \/>\n<meta property=\"og:site_name\" content=\"Anvisa\" \/>\n<meta property=\"article:modified_time\" content=\"2024-02-16T14:57:58+00:00\" \/>\n<meta property=\"og:image\" content=\"https:\/\/anvisa.com\/wp-content\/uploads\/2021\/01\/aviprep_new_1.jpg\" \/>\n<meta name=\"twitter:card\" content=\"summary_large_image\" \/>\n<meta name=\"twitter:label1\" content=\"Tempo estimado de leitura\" \/>\n\t<meta name=\"twitter:data1\" content=\"2 minutos\" \/>\n<script type=\"application\/ld+json\" class=\"yoast-schema-graph\">{\"@context\":\"https:\\\/\\\/schema.org\",\"@graph\":[{\"@type\":\"WebPage\",\"@id\":\"https:\\\/\\\/anvisa.com\\\/productos\\\/aviprep\\\/\",\"url\":\"https:\\\/\\\/anvisa.com\\\/productos\\\/aviprep\\\/\",\"name\":\"AVIPREP | Anvisa\",\"isPartOf\":{\"@id\":\"https:\\\/\\\/anvisa.com\\\/#website\"},\"primaryImageOfPage\":{\"@id\":\"https:\\\/\\\/anvisa.com\\\/productos\\\/aviprep\\\/#primaryimage\"},\"image\":{\"@id\":\"https:\\\/\\\/anvisa.com\\\/productos\\\/aviprep\\\/#primaryimage\"},\"thumbnailUrl\":\"https:\\\/\\\/anvisa.com\\\/wp-content\\\/uploads\\\/2021\\\/01\\\/aviprep_new_1.jpg\",\"datePublished\":\"2020-12-18T14:19:17+00:00\",\"dateModified\":\"2024-02-16T14:57:58+00:00\",\"description\":\"Solu\u00e7\u00f5es integrais para o desenvolvimento de produtos rec\u00e9m-processados, proporcionando novas nuances real\u00e7ando a ess\u00eancia da mat\u00e9ria-prima.\",\"breadcrumb\":{\"@id\":\"https:\\\/\\\/anvisa.com\\\/productos\\\/aviprep\\\/#breadcrumb\"},\"inLanguage\":\"pt-PT\",\"potentialAction\":[{\"@type\":\"ReadAction\",\"target\":[\"https:\\\/\\\/anvisa.com\\\/productos\\\/aviprep\\\/\"]}]},{\"@type\":\"ImageObject\",\"inLanguage\":\"pt-PT\",\"@id\":\"https:\\\/\\\/anvisa.com\\\/productos\\\/aviprep\\\/#primaryimage\",\"url\":\"https:\\\/\\\/anvisa.com\\\/wp-content\\\/uploads\\\/2021\\\/01\\\/aviprep_new_1.jpg\",\"contentUrl\":\"https:\\\/\\\/anvisa.com\\\/wp-content\\\/uploads\\\/2021\\\/01\\\/aviprep_new_1.jpg\"},{\"@type\":\"BreadcrumbList\",\"@id\":\"https:\\\/\\\/anvisa.com\\\/productos\\\/aviprep\\\/#breadcrumb\",\"itemListElement\":[{\"@type\":\"ListItem\",\"position\":1,\"name\":\"Portada\",\"item\":\"https:\\\/\\\/anvisa.com\\\/\"},{\"@type\":\"ListItem\",\"position\":2,\"name\":\"Produtos\",\"item\":\"https:\\\/\\\/anvisa.com\\\/productos\\\/\"},{\"@type\":\"ListItem\",\"position\":3,\"name\":\"AVIPREP\"}]},{\"@type\":\"WebSite\",\"@id\":\"https:\\\/\\\/anvisa.com\\\/#website\",\"url\":\"https:\\\/\\\/anvisa.com\\\/\",\"name\":\"Anvisa\",\"description\":\"Alta Tecnolog\u00eda Alimentaria\",\"potentialAction\":[{\"@type\":\"SearchAction\",\"target\":{\"@type\":\"EntryPoint\",\"urlTemplate\":\"https:\\\/\\\/anvisa.com\\\/?s={search_term_string}\"},\"query-input\":{\"@type\":\"PropertyValueSpecification\",\"valueRequired\":true,\"valueName\":\"search_term_string\"}}],\"inLanguage\":\"pt-PT\"}]}<\/script>\n<!-- \/ Yoast SEO plugin. -->","yoast_head_json":{"title":"AVIPREP | Anvisa","description":"Solu\u00e7\u00f5es integrais para o desenvolvimento de produtos rec\u00e9m-processados, proporcionando novas nuances real\u00e7ando a ess\u00eancia da mat\u00e9ria-prima.","robots":{"index":"index","follow":"follow","max-snippet":"max-snippet:-1","max-image-preview":"max-image-preview:large","max-video-preview":"max-video-preview:-1"},"canonical":"https:\/\/anvisa.com\/productos\/aviprep\/","og_locale":"pt_PT","og_type":"article","og_title":"AVIPREP | Anvisa","og_description":"Solu\u00e7\u00f5es integrais para o desenvolvimento de produtos rec\u00e9m-processados, proporcionando novas nuances real\u00e7ando a ess\u00eancia da mat\u00e9ria-prima.","og_url":"https:\/\/anvisa.com\/productos\/aviprep\/","og_site_name":"Anvisa","article_modified_time":"2024-02-16T14:57:58+00:00","og_image":[{"url":"https:\/\/anvisa.com\/wp-content\/uploads\/2021\/01\/aviprep_new_1.jpg","type":"","width":"","height":""}],"twitter_card":"summary_large_image","twitter_misc":{"Tempo estimado de leitura":"2 minutos"},"schema":{"@context":"https:\/\/schema.org","@graph":[{"@type":"WebPage","@id":"https:\/\/anvisa.com\/productos\/aviprep\/","url":"https:\/\/anvisa.com\/productos\/aviprep\/","name":"AVIPREP | Anvisa","isPartOf":{"@id":"https:\/\/anvisa.com\/#website"},"primaryImageOfPage":{"@id":"https:\/\/anvisa.com\/productos\/aviprep\/#primaryimage"},"image":{"@id":"https:\/\/anvisa.com\/productos\/aviprep\/#primaryimage"},"thumbnailUrl":"https:\/\/anvisa.com\/wp-content\/uploads\/2021\/01\/aviprep_new_1.jpg","datePublished":"2020-12-18T14:19:17+00:00","dateModified":"2024-02-16T14:57:58+00:00","description":"Solu\u00e7\u00f5es integrais para o desenvolvimento de produtos rec\u00e9m-processados, proporcionando novas nuances real\u00e7ando a ess\u00eancia da mat\u00e9ria-prima.","breadcrumb":{"@id":"https:\/\/anvisa.com\/productos\/aviprep\/#breadcrumb"},"inLanguage":"pt-PT","potentialAction":[{"@type":"ReadAction","target":["https:\/\/anvisa.com\/productos\/aviprep\/"]}]},{"@type":"ImageObject","inLanguage":"pt-PT","@id":"https:\/\/anvisa.com\/productos\/aviprep\/#primaryimage","url":"https:\/\/anvisa.com\/wp-content\/uploads\/2021\/01\/aviprep_new_1.jpg","contentUrl":"https:\/\/anvisa.com\/wp-content\/uploads\/2021\/01\/aviprep_new_1.jpg"},{"@type":"BreadcrumbList","@id":"https:\/\/anvisa.com\/productos\/aviprep\/#breadcrumb","itemListElement":[{"@type":"ListItem","position":1,"name":"Portada","item":"https:\/\/anvisa.com\/"},{"@type":"ListItem","position":2,"name":"Produtos","item":"https:\/\/anvisa.com\/productos\/"},{"@type":"ListItem","position":3,"name":"AVIPREP"}]},{"@type":"WebSite","@id":"https:\/\/anvisa.com\/#website","url":"https:\/\/anvisa.com\/","name":"Anvisa","description":"Alta Tecnolog\u00eda Alimentaria","potentialAction":[{"@type":"SearchAction","target":{"@type":"EntryPoint","urlTemplate":"https:\/\/anvisa.com\/?s={search_term_string}"},"query-input":{"@type":"PropertyValueSpecification","valueRequired":true,"valueName":"search_term_string"}}],"inLanguage":"pt-PT"}]}},"_links":{"self":[{"href":"https:\/\/anvisa.com\/pt-pt\/wp-json\/wp\/v2\/pages\/4126","targetHints":{"allow":["GET"]}}],"collection":[{"href":"https:\/\/anvisa.com\/pt-pt\/wp-json\/wp\/v2\/pages"}],"about":[{"href":"https:\/\/anvisa.com\/pt-pt\/wp-json\/wp\/v2\/types\/page"}],"author":[{"embeddable":true,"href":"https:\/\/anvisa.com\/pt-pt\/wp-json\/wp\/v2\/users\/5"}],"replies":[{"embeddable":true,"href":"https:\/\/anvisa.com\/pt-pt\/wp-json\/wp\/v2\/comments?post=4126"}],"version-history":[{"count":10,"href":"https:\/\/anvisa.com\/pt-pt\/wp-json\/wp\/v2\/pages\/4126\/revisions"}],"predecessor-version":[{"id":4349,"href":"https:\/\/anvisa.com\/pt-pt\/wp-json\/wp\/v2\/pages\/4126\/revisions\/4349"}],"up":[{"embeddable":true,"href":"https:\/\/anvisa.com\/pt-pt\/wp-json\/wp\/v2\/pages\/4111"}],"wp:attachment":[{"href":"https:\/\/anvisa.com\/pt-pt\/wp-json\/wp\/v2\/media?parent=4126"}],"curies":[{"name":"wp","href":"https:\/\/api.w.org\/{rel}","templated":true}]}}