{"id":4171,"date":"2020-12-18T16:50:14","date_gmt":"2020-12-18T15:50:14","guid":{"rendered":"https:\/\/anvisa.com\/produtos\/aviplat\/"},"modified":"2024-02-16T16:01:52","modified_gmt":"2024-02-16T15:01:52","slug":"aviplat","status":"publish","type":"page","link":"https:\/\/anvisa.com\/pt-pt\/produtos\/aviplat\/","title":{"rendered":"AVIPLAT"},"content":{"rendered":"\t\t<div data-elementor-type=\"wp-page\" data-elementor-id=\"4171\" class=\"elementor elementor-4171 elementor-1237\">\n\t\t\t\t\t\t<section class=\"elementor-section elementor-top-section elementor-element elementor-element-610b54f elementor-section-boxed elementor-section-height-default elementor-section-height-default parallax_section_no qode_elementor_container_no\" data-id=\"610b54f\" data-element_type=\"section\" data-e-type=\"section\" data-settings=\"{&quot;background_background&quot;:&quot;classic&quot;}\">\n\t\t\t\t\t\t<div class=\"elementor-container elementor-column-gap-default\">\n\t\t\t\t\t<div class=\"elementor-column elementor-col-50 elementor-top-column elementor-element elementor-element-238176e\" data-id=\"238176e\" data-element_type=\"column\" data-e-type=\"column\">\n\t\t\t<div class=\"elementor-widget-wrap elementor-element-populated\">\n\t\t\t\t\t\t<div class=\"elementor-element elementor-element-f9e4919 elementor-widget elementor-widget-heading\" data-id=\"f9e4919\" data-element_type=\"widget\" data-e-type=\"widget\" data-widget_type=\"heading.default\">\n\t\t\t\t<div class=\"elementor-widget-container\">\n\t\t\t\t\t<h6 class=\"elementor-heading-title elementor-size-default\">Alta tecnologia alimentar<\/h6>\t\t\t\t<\/div>\n\t\t\t\t<\/div>\n\t\t\t\t<div class=\"elementor-element elementor-element-ab45948 elementor-widget elementor-widget-heading\" data-id=\"ab45948\" data-element_type=\"widget\" data-e-type=\"widget\" data-widget_type=\"heading.default\">\n\t\t\t\t<div class=\"elementor-widget-container\">\n\t\t\t\t\t<h2 class=\"elementor-heading-title elementor-size-default\">AVIPLAT<\/h2>\t\t\t\t<\/div>\n\t\t\t\t<\/div>\n\t\t\t\t<div class=\"elementor-element elementor-element-db7b96f elementor-widget-divider--view-line elementor-widget elementor-widget-divider\" data-id=\"db7b96f\" data-element_type=\"widget\" data-e-type=\"widget\" data-widget_type=\"divider.default\">\n\t\t\t\t<div class=\"elementor-widget-container\">\n\t\t\t\t\t\t\t<div class=\"elementor-divider\">\n\t\t\t<span class=\"elementor-divider-separator\">\n\t\t\t\t\t\t<\/span>\n\t\t<\/div>\n\t\t\t\t\t\t<\/div>\n\t\t\t\t<\/div>\n\t\t\t\t<div class=\"elementor-element elementor-element-93780e0 elementor-widget elementor-widget-heading\" data-id=\"93780e0\" data-element_type=\"widget\" data-e-type=\"widget\" data-widget_type=\"heading.default\">\n\t\t\t\t<div class=\"elementor-widget-container\">\n\t\t\t\t\t<h4 class=\"elementor-heading-title elementor-size-default\">Experi\u00eancias gastron\u00f3micas: uma fus\u00e3o\nentre ci\u00eancia, arte e inova\u00e7\u00e3o.<\/h4>\t\t\t\t<\/div>\n\t\t\t\t<\/div>\n\t\t\t\t<div class=\"elementor-element elementor-element-0a9a612 elementor-widget elementor-widget-text-editor\" data-id=\"0a9a612\" data-element_type=\"widget\" data-e-type=\"widget\" data-widget_type=\"text-editor.default\">\n\t\t\t\t<div class=\"elementor-widget-container\">\n\t\t\t\t\t\t\t\t\t<p><span style=\"font-weight: 400;\">A linha Aviplat surgiu da uni\u00e3o entre a alta-cozinha, o nosso talento, <\/span><span style=\"font-weight: 400;\">com uma profunda paix\u00e3o pelos ingredientes, <\/span><span style=\"font-weight: 400;\">permitindo<\/span><span style=\"font-weight: 400;\"> a<\/span> <span style=\"font-weight: 400;\">elabora\u00e7\u00e3o de uma grande variedade de <\/span><span style=\"font-weight: 400;\">pratos prontos<\/span><span style=\"font-weight: 400;\">.<\/span><\/p>\t\t\t\t\t\t\t\t<\/div>\n\t\t\t\t<\/div>\n\t\t\t\t\t<\/div>\n\t\t<\/div>\n\t\t\t\t<div class=\"elementor-column elementor-col-50 elementor-top-column elementor-element elementor-element-415acd5\" data-id=\"415acd5\" data-element_type=\"column\" data-e-type=\"column\">\n\t\t\t<div class=\"elementor-widget-wrap elementor-element-populated\">\n\t\t\t\t\t\t<div class=\"elementor-element elementor-element-d7ed42d elementor-widget elementor-widget-image\" data-id=\"d7ed42d\" data-element_type=\"widget\" data-e-type=\"widget\" data-widget_type=\"image.default\">\n\t\t\t\t<div class=\"elementor-widget-container\">\n\t\t\t\t\t\t\t\t\t\t\t\t\t\t\t<img fetchpriority=\"high\" decoding=\"async\" width=\"500\" height=\"380\" src=\"https:\/\/anvisa.com\/wp-content\/uploads\/2021\/01\/aviplat_new_1.jpg\" class=\"attachment-large size-large wp-image-3826\" alt=\"\" srcset=\"https:\/\/anvisa.com\/wp-content\/uploads\/2021\/01\/aviplat_new_1.jpg 500w, https:\/\/anvisa.com\/wp-content\/uploads\/2021\/01\/aviplat_new_1-300x228.jpg 300w\" sizes=\"(max-width: 500px) 100vw, 500px\" \/>\t\t\t\t\t\t\t\t\t\t\t\t\t\t\t<\/div>\n\t\t\t\t<\/div>\n\t\t\t\t\t<\/div>\n\t\t<\/div>\n\t\t\t\t\t<\/div>\n\t\t<\/section>\n\t\t\t\t<section class=\"elementor-section elementor-top-section elementor-element elementor-element-b3fc1e2 elementor-section-boxed elementor-section-height-default elementor-section-height-default parallax_section_no qode_elementor_container_no\" data-id=\"b3fc1e2\" data-element_type=\"section\" data-e-type=\"section\" data-settings=\"{&quot;background_background&quot;:&quot;classic&quot;}\">\n\t\t\t\t\t\t\t<div class=\"elementor-background-overlay\"><\/div>\n\t\t\t\t\t\t\t<div class=\"elementor-container elementor-column-gap-default\">\n\t\t\t\t\t<div class=\"elementor-column elementor-col-50 elementor-top-column elementor-element elementor-element-41a5463\" data-id=\"41a5463\" data-element_type=\"column\" data-e-type=\"column\">\n\t\t\t<div class=\"elementor-widget-wrap elementor-element-populated\">\n\t\t\t\t\t\t<div class=\"elementor-element elementor-element-3eede34 elementor-widget elementor-widget-heading\" data-id=\"3eede34\" data-element_type=\"widget\" data-e-type=\"widget\" data-widget_type=\"heading.default\">\n\t\t\t\t<div class=\"elementor-widget-container\">\n\t\t\t\t\t<h3 class=\"elementor-heading-title elementor-size-default\">Benef\u00edcios<\/h3>\t\t\t\t<\/div>\n\t\t\t\t<\/div>\n\t\t\t\t<div class=\"elementor-element elementor-element-d4d06c7 elementor-widget elementor-widget-text-editor\" data-id=\"d4d06c7\" data-element_type=\"widget\" data-e-type=\"widget\" data-widget_type=\"text-editor.default\">\n\t\t\t\t<div class=\"elementor-widget-container\">\n\t\t\t\t\t\t\t\t\t<ul><li>Desenvolvimento de experi\u00eancias gastron\u00f3micas que perduram na mem\u00f3ria do consumidor final.<\/li><li>Acesso a <span style=\"font-weight: 400;\">elabora\u00e7\u00f5es<\/span> culin\u00e1rias de alta qualidade e totalmente diferenciadas.<\/li><li>Resolu\u00e7\u00e3o completa dos <span style=\"font-weight: 400;\">principais problemas de fabrica\u00e7\u00e3o<\/span><span style=\"font-weight: 400;\">.<\/span><\/li><\/ul>\t\t\t\t\t\t\t\t<\/div>\n\t\t\t\t<\/div>\n\t\t\t\t<div class=\"elementor-element elementor-element-9eaee18 elementor-align-left elementor-widget elementor-widget-button\" data-id=\"9eaee18\" data-element_type=\"widget\" data-e-type=\"widget\" data-widget_type=\"button.default\">\n\t\t\t\t<div class=\"elementor-widget-container\">\n\t\t\t\t\t\t\t\t\t<div class=\"elementor-button-wrapper\">\n\t\t\t\t\t<a class=\"elementor-button elementor-button-link elementor-size-sm\" href=\"https:\/\/anvisa.com\/wp-content\/uploads\/2024\/02\/AVIPLAT-pdf-portugues-rev.pdf\" target=\"_blank\">\n\t\t\t\t\t\t<span class=\"elementor-button-content-wrapper\">\n\t\t\t\t\t\t\t\t\t<span class=\"elementor-button-text\">Descarregar<\/span>\n\t\t\t\t\t<\/span>\n\t\t\t\t\t<\/a>\n\t\t\t\t<\/div>\n\t\t\t\t\t\t\t\t<\/div>\n\t\t\t\t<\/div>\n\t\t\t\t\t<\/div>\n\t\t<\/div>\n\t\t\t\t<div class=\"elementor-column elementor-col-50 elementor-top-column elementor-element elementor-element-e14cb24\" data-id=\"e14cb24\" data-element_type=\"column\" data-e-type=\"column\">\n\t\t\t<div class=\"elementor-widget-wrap elementor-element-populated\">\n\t\t\t\t\t\t<div class=\"elementor-element elementor-element-1019150 elementor-widget elementor-widget-heading\" data-id=\"1019150\" data-element_type=\"widget\" data-e-type=\"widget\" data-widget_type=\"heading.default\">\n\t\t\t\t<div class=\"elementor-widget-container\">\n\t\t\t\t\t<h3 class=\"elementor-heading-title elementor-size-default\">Algumas das nossas solu\u00e7\u00f5es:<\/h3>\t\t\t\t<\/div>\n\t\t\t\t<\/div>\n\t\t\t\t<div class=\"elementor-element elementor-element-980eedc elementor-widget elementor-widget-text-editor\" data-id=\"980eedc\" data-element_type=\"widget\" data-e-type=\"widget\" data-widget_type=\"text-editor.default\">\n\t\t\t\t<div class=\"elementor-widget-container\">\n\t\t\t\t\t\t\t\t\t<ul>\n<li>Avigum \u201cSine\u201d<\/li>\n<li>Avisalsa 9<\/li>\n<li>Avisalsa 10<\/li>\n<li>Prepara\u00e7\u00e3o de tripas Avi S\/GMS<\/li>\n<li>Avimel 889<\/li>\n<li>Avisalsa ESF<\/li>\n<\/ul>\n\t\t\t\t\t\t\t\t<\/div>\n\t\t\t\t<\/div>\n\t\t\t\t\t<\/div>\n\t\t<\/div>\n\t\t\t\t\t<\/div>\n\t\t<\/section>\n\t\t\t\t<section class=\"elementor-section elementor-top-section elementor-element elementor-element-c1f7141 elementor-section-boxed elementor-section-height-default elementor-section-height-default parallax_section_no qode_elementor_container_no\" data-id=\"c1f7141\" data-element_type=\"section\" data-e-type=\"section\" data-settings=\"{&quot;background_background&quot;:&quot;classic&quot;}\">\n\t\t\t\t\t\t<div class=\"elementor-container elementor-column-gap-default\">\n\t\t\t\t\t<div class=\"elementor-column elementor-col-100 elementor-top-column elementor-element elementor-element-58f5e63\" data-id=\"58f5e63\" data-element_type=\"column\" data-e-type=\"column\">\n\t\t\t<div class=\"elementor-widget-wrap elementor-element-populated\">\n\t\t\t\t\t\t<div class=\"elementor-element elementor-element-52bb581 elementor-widget elementor-widget-heading\" data-id=\"52bb581\" data-element_type=\"widget\" data-e-type=\"widget\" data-widget_type=\"heading.default\">\n\t\t\t\t<div class=\"elementor-widget-container\">\n\t\t\t\t\t<h3 class=\"elementor-heading-title elementor-size-default\">Outros productos<\/h3>\t\t\t\t<\/div>\n\t\t\t\t<\/div>\n\t\t\t\t<div class=\"elementor-element elementor-element-7024deb elementor-widget-divider--view-line elementor-widget elementor-widget-divider\" data-id=\"7024deb\" data-element_type=\"widget\" data-e-type=\"widget\" data-widget_type=\"divider.default\">\n\t\t\t\t<div class=\"elementor-widget-container\">\n\t\t\t\t\t\t\t<div class=\"elementor-divider\">\n\t\t\t<span class=\"elementor-divider-separator\">\n\t\t\t\t\t\t<\/span>\n\t\t<\/div>\n\t\t\t\t\t\t<\/div>\n\t\t\t\t<\/div>\n\t\t\t\t\t<\/div>\n\t\t<\/div>\n\t\t\t\t\t<\/div>\n\t\t<\/section>\n\t\t\t\t<section class=\"elementor-section elementor-top-section elementor-element elementor-element-bd56e35 elementor-section-boxed elementor-section-height-default elementor-section-height-default parallax_section_no qode_elementor_container_no\" data-id=\"bd56e35\" data-element_type=\"section\" data-e-type=\"section\" data-settings=\"{&quot;background_background&quot;:&quot;classic&quot;}\">\n\t\t\t\t\t\t<div class=\"elementor-container elementor-column-gap-default\">\n\t\t\t\t\t<div class=\"elementor-column elementor-col-50 elementor-top-column elementor-element elementor-element-03faae5\" data-id=\"03faae5\" data-element_type=\"column\" data-e-type=\"column\">\n\t\t\t<div class=\"elementor-widget-wrap elementor-element-populated\">\n\t\t\t\t\t\t<div class=\"elementor-element elementor-element-b7bf2fe elementor-widget elementor-widget-image\" data-id=\"b7bf2fe\" data-element_type=\"widget\" data-e-type=\"widget\" data-widget_type=\"image.default\">\n\t\t\t\t<div class=\"elementor-widget-container\">\n\t\t\t\t\t\t\t\t\t\t\t\t\t\t\t\t<a href=\"https:\/\/anvisa.com\/pt-pt\/produtos\/avisabor\/\">\n\t\t\t\t\t\t\t<img decoding=\"async\" width=\"1000\" height=\"500\" src=\"https:\/\/anvisa.com\/wp-content\/uploads\/2021\/01\/avisabor_new_3-1.jpg\" class=\"attachment-portfolio_masonry_wide size-portfolio_masonry_wide wp-image-3845\" alt=\"\" srcset=\"https:\/\/anvisa.com\/wp-content\/uploads\/2021\/01\/avisabor_new_3-1.jpg 1000w, https:\/\/anvisa.com\/wp-content\/uploads\/2021\/01\/avisabor_new_3-1-300x150.jpg 300w, https:\/\/anvisa.com\/wp-content\/uploads\/2021\/01\/avisabor_new_3-1-768x384.jpg 768w, https:\/\/anvisa.com\/wp-content\/uploads\/2021\/01\/avisabor_new_3-1-700x350.jpg 700w, https:\/\/anvisa.com\/wp-content\/uploads\/2021\/01\/avisabor_new_3-1-600x300.jpg 600w\" sizes=\"(max-width: 1000px) 100vw, 1000px\" \/>\t\t\t\t\t\t\t\t<\/a>\n\t\t\t\t\t\t\t\t\t\t\t\t\t\t\t<\/div>\n\t\t\t\t<\/div>\n\t\t\t\t<div class=\"elementor-element elementor-element-418356f elementor-widget elementor-widget-heading\" data-id=\"418356f\" data-element_type=\"widget\" data-e-type=\"widget\" data-widget_type=\"heading.default\">\n\t\t\t\t<div class=\"elementor-widget-container\">\n\t\t\t\t\t<h4 class=\"elementor-heading-title elementor-size-default\"><a href=\"https:\/\/anvisa.com\/pt-pt\/produtos\/avisabor\/\">AVISABOR<\/a><\/h4>\t\t\t\t<\/div>\n\t\t\t\t<\/div>\n\t\t\t\t<div class=\"elementor-element elementor-element-8e60d4f elementor-widget elementor-widget-text-editor\" data-id=\"8e60d4f\" data-element_type=\"widget\" data-e-type=\"widget\" data-widget_type=\"text-editor.default\">\n\t\t\t\t<div class=\"elementor-widget-container\">\n\t\t\t\t\t\t\t\t\t<p>Uma reinven\u00e7\u00e3o do conceito de sabor.<\/p>\n\t\t\t\t\t\t\t\t<\/div>\n\t\t\t\t<\/div>\n\t\t\t\t<div class=\"elementor-element elementor-element-b82591b elementor-widget elementor-widget-heading\" data-id=\"b82591b\" data-element_type=\"widget\" data-e-type=\"widget\" data-widget_type=\"heading.default\">\n\t\t\t\t<div class=\"elementor-widget-container\">\n\t\t\t\t\t<h5 class=\"elementor-heading-title elementor-size-default\"><a href=\"https:\/\/anvisa.com\/pt-pt\/produtos\/avisabor\/\">Ver Produto<\/a><\/h5>\t\t\t\t<\/div>\n\t\t\t\t<\/div>\n\t\t\t\t\t<\/div>\n\t\t<\/div>\n\t\t\t\t<div class=\"elementor-column elementor-col-50 elementor-top-column elementor-element elementor-element-77e5c36\" data-id=\"77e5c36\" data-element_type=\"column\" data-e-type=\"column\">\n\t\t\t<div class=\"elementor-widget-wrap elementor-element-populated\">\n\t\t\t\t\t\t<div class=\"elementor-element elementor-element-4b9391f elementor-widget elementor-widget-image\" data-id=\"4b9391f\" data-element_type=\"widget\" data-e-type=\"widget\" data-widget_type=\"image.default\">\n\t\t\t\t<div class=\"elementor-widget-container\">\n\t\t\t\t\t\t\t\t\t\t\t\t\t\t\t\t<a href=\"https:\/\/anvisa.com\/pt-pt\/produtos\/conseravi\/\">\n\t\t\t\t\t\t\t<img decoding=\"async\" width=\"1000\" height=\"500\" src=\"https:\/\/anvisa.com\/wp-content\/uploads\/2021\/01\/conseravi_new_3.jpg\" class=\"attachment-portfolio_masonry_wide size-portfolio_masonry_wide wp-image-3849\" alt=\"\" srcset=\"https:\/\/anvisa.com\/wp-content\/uploads\/2021\/01\/conseravi_new_3.jpg 1000w, https:\/\/anvisa.com\/wp-content\/uploads\/2021\/01\/conseravi_new_3-300x150.jpg 300w, https:\/\/anvisa.com\/wp-content\/uploads\/2021\/01\/conseravi_new_3-768x384.jpg 768w, https:\/\/anvisa.com\/wp-content\/uploads\/2021\/01\/conseravi_new_3-700x350.jpg 700w, https:\/\/anvisa.com\/wp-content\/uploads\/2021\/01\/conseravi_new_3-600x300.jpg 600w\" sizes=\"(max-width: 1000px) 100vw, 1000px\" \/>\t\t\t\t\t\t\t\t<\/a>\n\t\t\t\t\t\t\t\t\t\t\t\t\t\t\t<\/div>\n\t\t\t\t<\/div>\n\t\t\t\t<div class=\"elementor-element elementor-element-3124563 elementor-widget elementor-widget-heading\" data-id=\"3124563\" data-element_type=\"widget\" data-e-type=\"widget\" data-widget_type=\"heading.default\">\n\t\t\t\t<div class=\"elementor-widget-container\">\n\t\t\t\t\t<h4 class=\"elementor-heading-title elementor-size-default\"><a href=\"https:\/\/anvisa.com\/productos\/conseravi\/\">CONSERAVI<\/a><\/h4>\t\t\t\t<\/div>\n\t\t\t\t<\/div>\n\t\t\t\t<div class=\"elementor-element elementor-element-75a1598 elementor-widget elementor-widget-text-editor\" data-id=\"75a1598\" data-element_type=\"widget\" data-e-type=\"widget\" data-widget_type=\"text-editor.default\">\n\t\t\t\t<div class=\"elementor-widget-container\">\n\t\t\t\t\t\t\t\t\t<p>Solu\u00e7\u00f5es de conservantes para a ind\u00fastria alimentar.<\/p>\n\t\t\t\t\t\t\t\t<\/div>\n\t\t\t\t<\/div>\n\t\t\t\t<div class=\"elementor-element elementor-element-72ce736 elementor-widget elementor-widget-heading\" data-id=\"72ce736\" data-element_type=\"widget\" data-e-type=\"widget\" data-widget_type=\"heading.default\">\n\t\t\t\t<div class=\"elementor-widget-container\">\n\t\t\t\t\t<h5 class=\"elementor-heading-title elementor-size-default\"><a href=\"https:\/\/anvisa.com\/pt-pt\/produtos\/conseravi\/\">Ver Produto<\/a><\/h5>\t\t\t\t<\/div>\n\t\t\t\t<\/div>\n\t\t\t\t\t<\/div>\n\t\t<\/div>\n\t\t\t\t\t<\/div>\n\t\t<\/section>\n\t\t\t\t<\/div>\n\t\t","protected":false},"excerpt":{"rendered":"<p>Alta tecnologia alimentar AVIPLAT Experi\u00eancias gastron\u00f3micas: uma fus\u00e3o entre ci\u00eancia, arte e inova\u00e7\u00e3o. A linha Aviplat surgiu da uni\u00e3o entre a alta-cozinha, o nosso talento, com uma profunda paix\u00e3o pelos ingredientes, permitindo a elabora\u00e7\u00e3o de uma grande variedade de pratos prontos. Benef\u00edcios Desenvolvimento de experi\u00eancias&#8230;<\/p>\n","protected":false},"author":5,"featured_media":0,"parent":4111,"menu_order":0,"comment_status":"closed","ping_status":"closed","template":"full_width.php","meta":{"footnotes":""},"class_list":["post-4171","page","type-page","status-publish","hentry"],"yoast_head":"<!-- This site is optimized with the Yoast SEO plugin v27.4 - https:\/\/yoast.com\/product\/yoast-seo-wordpress\/ -->\n<title>AVIPLAT | Anvisa<\/title>\n<meta name=\"description\" content=\"A uni\u00e3o da alta gastronomia, talento pr\u00f3prio e paix\u00e3o pelos ingredientes permite a prepara\u00e7\u00e3o de uma grande variedade de pratos confeccionados.\" \/>\n<meta name=\"robots\" content=\"index, follow, max-snippet:-1, max-image-preview:large, max-video-preview:-1\" \/>\n<link rel=\"canonical\" href=\"https:\/\/anvisa.com\/productos\/aviplat\/\" \/>\n<meta property=\"og:locale\" content=\"pt_PT\" \/>\n<meta property=\"og:type\" content=\"article\" \/>\n<meta property=\"og:title\" content=\"AVIPLAT | Anvisa\" \/>\n<meta property=\"og:description\" content=\"A uni\u00e3o da alta gastronomia, talento pr\u00f3prio e paix\u00e3o pelos ingredientes permite a prepara\u00e7\u00e3o de uma grande variedade de pratos confeccionados.\" \/>\n<meta property=\"og:url\" content=\"https:\/\/anvisa.com\/productos\/aviplat\/\" \/>\n<meta property=\"og:site_name\" content=\"Anvisa\" \/>\n<meta property=\"article:modified_time\" content=\"2024-02-16T15:01:52+00:00\" \/>\n<meta property=\"og:image\" content=\"https:\/\/anvisa.com\/wp-content\/uploads\/2021\/01\/aviplat_new_1.jpg\" \/>\n<meta name=\"twitter:card\" content=\"summary_large_image\" \/>\n<meta name=\"twitter:label1\" content=\"Tempo estimado de leitura\" \/>\n\t<meta name=\"twitter:data1\" content=\"2 minutos\" \/>\n<script type=\"application\/ld+json\" class=\"yoast-schema-graph\">{\"@context\":\"https:\\\/\\\/schema.org\",\"@graph\":[{\"@type\":\"WebPage\",\"@id\":\"https:\\\/\\\/anvisa.com\\\/productos\\\/aviplat\\\/\",\"url\":\"https:\\\/\\\/anvisa.com\\\/productos\\\/aviplat\\\/\",\"name\":\"AVIPLAT | Anvisa\",\"isPartOf\":{\"@id\":\"https:\\\/\\\/anvisa.com\\\/#website\"},\"primaryImageOfPage\":{\"@id\":\"https:\\\/\\\/anvisa.com\\\/productos\\\/aviplat\\\/#primaryimage\"},\"image\":{\"@id\":\"https:\\\/\\\/anvisa.com\\\/productos\\\/aviplat\\\/#primaryimage\"},\"thumbnailUrl\":\"https:\\\/\\\/anvisa.com\\\/wp-content\\\/uploads\\\/2021\\\/01\\\/aviplat_new_1.jpg\",\"datePublished\":\"2020-12-18T15:50:14+00:00\",\"dateModified\":\"2024-02-16T15:01:52+00:00\",\"description\":\"A uni\u00e3o da alta gastronomia, talento pr\u00f3prio e paix\u00e3o pelos ingredientes permite a prepara\u00e7\u00e3o de uma grande variedade de pratos confeccionados.\",\"breadcrumb\":{\"@id\":\"https:\\\/\\\/anvisa.com\\\/productos\\\/aviplat\\\/#breadcrumb\"},\"inLanguage\":\"pt-PT\",\"potentialAction\":[{\"@type\":\"ReadAction\",\"target\":[\"https:\\\/\\\/anvisa.com\\\/productos\\\/aviplat\\\/\"]}]},{\"@type\":\"ImageObject\",\"inLanguage\":\"pt-PT\",\"@id\":\"https:\\\/\\\/anvisa.com\\\/productos\\\/aviplat\\\/#primaryimage\",\"url\":\"https:\\\/\\\/anvisa.com\\\/wp-content\\\/uploads\\\/2021\\\/01\\\/aviplat_new_1.jpg\",\"contentUrl\":\"https:\\\/\\\/anvisa.com\\\/wp-content\\\/uploads\\\/2021\\\/01\\\/aviplat_new_1.jpg\"},{\"@type\":\"BreadcrumbList\",\"@id\":\"https:\\\/\\\/anvisa.com\\\/productos\\\/aviplat\\\/#breadcrumb\",\"itemListElement\":[{\"@type\":\"ListItem\",\"position\":1,\"name\":\"Portada\",\"item\":\"https:\\\/\\\/anvisa.com\\\/\"},{\"@type\":\"ListItem\",\"position\":2,\"name\":\"Produtos\",\"item\":\"https:\\\/\\\/anvisa.com\\\/productos\\\/\"},{\"@type\":\"ListItem\",\"position\":3,\"name\":\"AVIPLAT\"}]},{\"@type\":\"WebSite\",\"@id\":\"https:\\\/\\\/anvisa.com\\\/#website\",\"url\":\"https:\\\/\\\/anvisa.com\\\/\",\"name\":\"Anvisa\",\"description\":\"Alta Tecnolog\u00eda Alimentaria\",\"potentialAction\":[{\"@type\":\"SearchAction\",\"target\":{\"@type\":\"EntryPoint\",\"urlTemplate\":\"https:\\\/\\\/anvisa.com\\\/?s={search_term_string}\"},\"query-input\":{\"@type\":\"PropertyValueSpecification\",\"valueRequired\":true,\"valueName\":\"search_term_string\"}}],\"inLanguage\":\"pt-PT\"}]}<\/script>\n<!-- \/ Yoast SEO plugin. -->","yoast_head_json":{"title":"AVIPLAT | Anvisa","description":"A uni\u00e3o da alta gastronomia, talento pr\u00f3prio e paix\u00e3o pelos ingredientes permite a prepara\u00e7\u00e3o de uma grande variedade de pratos confeccionados.","robots":{"index":"index","follow":"follow","max-snippet":"max-snippet:-1","max-image-preview":"max-image-preview:large","max-video-preview":"max-video-preview:-1"},"canonical":"https:\/\/anvisa.com\/productos\/aviplat\/","og_locale":"pt_PT","og_type":"article","og_title":"AVIPLAT | Anvisa","og_description":"A uni\u00e3o da alta gastronomia, talento pr\u00f3prio e paix\u00e3o pelos ingredientes permite a prepara\u00e7\u00e3o de uma grande variedade de pratos confeccionados.","og_url":"https:\/\/anvisa.com\/productos\/aviplat\/","og_site_name":"Anvisa","article_modified_time":"2024-02-16T15:01:52+00:00","og_image":[{"url":"https:\/\/anvisa.com\/wp-content\/uploads\/2021\/01\/aviplat_new_1.jpg","type":"","width":"","height":""}],"twitter_card":"summary_large_image","twitter_misc":{"Tempo estimado de leitura":"2 minutos"},"schema":{"@context":"https:\/\/schema.org","@graph":[{"@type":"WebPage","@id":"https:\/\/anvisa.com\/productos\/aviplat\/","url":"https:\/\/anvisa.com\/productos\/aviplat\/","name":"AVIPLAT | Anvisa","isPartOf":{"@id":"https:\/\/anvisa.com\/#website"},"primaryImageOfPage":{"@id":"https:\/\/anvisa.com\/productos\/aviplat\/#primaryimage"},"image":{"@id":"https:\/\/anvisa.com\/productos\/aviplat\/#primaryimage"},"thumbnailUrl":"https:\/\/anvisa.com\/wp-content\/uploads\/2021\/01\/aviplat_new_1.jpg","datePublished":"2020-12-18T15:50:14+00:00","dateModified":"2024-02-16T15:01:52+00:00","description":"A uni\u00e3o da alta gastronomia, talento pr\u00f3prio e paix\u00e3o pelos ingredientes permite a prepara\u00e7\u00e3o de uma grande variedade de pratos confeccionados.","breadcrumb":{"@id":"https:\/\/anvisa.com\/productos\/aviplat\/#breadcrumb"},"inLanguage":"pt-PT","potentialAction":[{"@type":"ReadAction","target":["https:\/\/anvisa.com\/productos\/aviplat\/"]}]},{"@type":"ImageObject","inLanguage":"pt-PT","@id":"https:\/\/anvisa.com\/productos\/aviplat\/#primaryimage","url":"https:\/\/anvisa.com\/wp-content\/uploads\/2021\/01\/aviplat_new_1.jpg","contentUrl":"https:\/\/anvisa.com\/wp-content\/uploads\/2021\/01\/aviplat_new_1.jpg"},{"@type":"BreadcrumbList","@id":"https:\/\/anvisa.com\/productos\/aviplat\/#breadcrumb","itemListElement":[{"@type":"ListItem","position":1,"name":"Portada","item":"https:\/\/anvisa.com\/"},{"@type":"ListItem","position":2,"name":"Produtos","item":"https:\/\/anvisa.com\/productos\/"},{"@type":"ListItem","position":3,"name":"AVIPLAT"}]},{"@type":"WebSite","@id":"https:\/\/anvisa.com\/#website","url":"https:\/\/anvisa.com\/","name":"Anvisa","description":"Alta Tecnolog\u00eda Alimentaria","potentialAction":[{"@type":"SearchAction","target":{"@type":"EntryPoint","urlTemplate":"https:\/\/anvisa.com\/?s={search_term_string}"},"query-input":{"@type":"PropertyValueSpecification","valueRequired":true,"valueName":"search_term_string"}}],"inLanguage":"pt-PT"}]}},"_links":{"self":[{"href":"https:\/\/anvisa.com\/pt-pt\/wp-json\/wp\/v2\/pages\/4171","targetHints":{"allow":["GET"]}}],"collection":[{"href":"https:\/\/anvisa.com\/pt-pt\/wp-json\/wp\/v2\/pages"}],"about":[{"href":"https:\/\/anvisa.com\/pt-pt\/wp-json\/wp\/v2\/types\/page"}],"author":[{"embeddable":true,"href":"https:\/\/anvisa.com\/pt-pt\/wp-json\/wp\/v2\/users\/5"}],"replies":[{"embeddable":true,"href":"https:\/\/anvisa.com\/pt-pt\/wp-json\/wp\/v2\/comments?post=4171"}],"version-history":[{"count":12,"href":"https:\/\/anvisa.com\/pt-pt\/wp-json\/wp\/v2\/pages\/4171\/revisions"}],"predecessor-version":[{"id":4355,"href":"https:\/\/anvisa.com\/pt-pt\/wp-json\/wp\/v2\/pages\/4171\/revisions\/4355"}],"up":[{"embeddable":true,"href":"https:\/\/anvisa.com\/pt-pt\/wp-json\/wp\/v2\/pages\/4111"}],"wp:attachment":[{"href":"https:\/\/anvisa.com\/pt-pt\/wp-json\/wp\/v2\/media?parent=4171"}],"curies":[{"name":"wp","href":"https:\/\/api.w.org\/{rel}","templated":true}]}}