{"id":4194,"date":"2020-12-18T19:11:41","date_gmt":"2020-12-18T18:11:41","guid":{"rendered":"https:\/\/anvisa.com\/produtos\/avijam\/"},"modified":"2024-02-20T20:53:58","modified_gmt":"2024-02-20T19:53:58","slug":"avijam","status":"publish","type":"page","link":"https:\/\/anvisa.com\/pt-pt\/produtos\/avijam\/","title":{"rendered":"AVIJAM"},"content":{"rendered":"\t\t<div data-elementor-type=\"wp-page\" data-elementor-id=\"4194\" class=\"elementor elementor-4194 elementor-1287\">\n\t\t\t\t\t\t<section class=\"elementor-section elementor-top-section elementor-element elementor-element-610b54f elementor-section-boxed elementor-section-height-default elementor-section-height-default parallax_section_no qode_elementor_container_no\" data-id=\"610b54f\" data-element_type=\"section\" data-e-type=\"section\" data-settings=\"{&quot;background_background&quot;:&quot;classic&quot;}\">\n\t\t\t\t\t\t<div class=\"elementor-container elementor-column-gap-default\">\n\t\t\t\t\t<div class=\"elementor-column elementor-col-50 elementor-top-column elementor-element elementor-element-238176e\" data-id=\"238176e\" data-element_type=\"column\" data-e-type=\"column\">\n\t\t\t<div class=\"elementor-widget-wrap elementor-element-populated\">\n\t\t\t\t\t\t<div class=\"elementor-element elementor-element-f9e4919 elementor-widget elementor-widget-heading\" data-id=\"f9e4919\" data-element_type=\"widget\" data-e-type=\"widget\" data-widget_type=\"heading.default\">\n\t\t\t\t<div class=\"elementor-widget-container\">\n\t\t\t\t\t<h6 class=\"elementor-heading-title elementor-size-default\">Alta tecnologia alimentar<\/h6>\t\t\t\t<\/div>\n\t\t\t\t<\/div>\n\t\t\t\t<div class=\"elementor-element elementor-element-ab45948 elementor-widget elementor-widget-heading\" data-id=\"ab45948\" data-element_type=\"widget\" data-e-type=\"widget\" data-widget_type=\"heading.default\">\n\t\t\t\t<div class=\"elementor-widget-container\">\n\t\t\t\t\t<h2 class=\"elementor-heading-title elementor-size-default\">AVIJAM \u00ae<\/h2>\t\t\t\t<\/div>\n\t\t\t\t<\/div>\n\t\t\t\t<div class=\"elementor-element elementor-element-db7b96f elementor-widget-divider--view-line elementor-widget elementor-widget-divider\" data-id=\"db7b96f\" data-element_type=\"widget\" data-e-type=\"widget\" data-widget_type=\"divider.default\">\n\t\t\t\t<div class=\"elementor-widget-container\">\n\t\t\t\t\t\t\t<div class=\"elementor-divider\">\n\t\t\t<span class=\"elementor-divider-separator\">\n\t\t\t\t\t\t<\/span>\n\t\t<\/div>\n\t\t\t\t\t\t<\/div>\n\t\t\t\t<\/div>\n\t\t\t\t<div class=\"elementor-element elementor-element-93780e0 elementor-widget elementor-widget-heading\" data-id=\"93780e0\" data-element_type=\"widget\" data-e-type=\"widget\" data-widget_type=\"heading.default\">\n\t\t\t\t<div class=\"elementor-widget-container\">\n\t\t\t\t\t<h4 class=\"elementor-heading-title elementor-size-default\">Precis\u00e3o e desempenho na produ\u00e7\u00e3o\nde produtos cozidos.<\/h4>\t\t\t\t<\/div>\n\t\t\t\t<\/div>\n\t\t\t\t<div class=\"elementor-element elementor-element-0a9a612 elementor-widget elementor-widget-text-editor\" data-id=\"0a9a612\" data-element_type=\"widget\" data-e-type=\"widget\" data-widget_type=\"text-editor.default\">\n\t\t\t\t<div class=\"elementor-widget-container\">\n\t\t\t\t\t\t\t\t\t<p>A linha Avijam\u00ae <span style=\"font-weight: 400;\">oferece uma grande variedade de solu\u00e7\u00f5es,<\/span> <span style=\"font-weight: 400;\">englobando<\/span><span style=\"font-weight: 400;\"> a produ\u00e7\u00e3o dos produtos <\/span><span style=\"font-weight: 400;\">cozidos<\/span><span style=\"font-weight: 400;\"> mais procurados da ind\u00fastria alimentar.<\/span><\/p>\t\t\t\t\t\t\t\t<\/div>\n\t\t\t\t<\/div>\n\t\t\t\t\t<\/div>\n\t\t<\/div>\n\t\t\t\t<div class=\"elementor-column elementor-col-50 elementor-top-column elementor-element elementor-element-415acd5\" data-id=\"415acd5\" data-element_type=\"column\" data-e-type=\"column\">\n\t\t\t<div class=\"elementor-widget-wrap elementor-element-populated\">\n\t\t\t\t\t\t<div class=\"elementor-element elementor-element-d7ed42d elementor-widget elementor-widget-image\" data-id=\"d7ed42d\" data-element_type=\"widget\" data-e-type=\"widget\" data-widget_type=\"image.default\">\n\t\t\t\t<div class=\"elementor-widget-container\">\n\t\t\t\t\t\t\t\t\t\t\t\t\t\t\t<img fetchpriority=\"high\" decoding=\"async\" width=\"500\" height=\"380\" src=\"https:\/\/anvisa.com\/wp-content\/uploads\/2021\/01\/avijam_new_1.jpg\" class=\"attachment-large size-large wp-image-3830\" alt=\"\" srcset=\"https:\/\/anvisa.com\/wp-content\/uploads\/2021\/01\/avijam_new_1.jpg 500w, https:\/\/anvisa.com\/wp-content\/uploads\/2021\/01\/avijam_new_1-300x228.jpg 300w\" sizes=\"(max-width: 500px) 100vw, 500px\" \/>\t\t\t\t\t\t\t\t\t\t\t\t\t\t\t<\/div>\n\t\t\t\t<\/div>\n\t\t\t\t\t<\/div>\n\t\t<\/div>\n\t\t\t\t\t<\/div>\n\t\t<\/section>\n\t\t\t\t<section class=\"elementor-section elementor-top-section elementor-element elementor-element-b3fc1e2 elementor-section-boxed elementor-section-height-default elementor-section-height-default parallax_section_no qode_elementor_container_no\" data-id=\"b3fc1e2\" data-element_type=\"section\" data-e-type=\"section\" data-settings=\"{&quot;background_background&quot;:&quot;classic&quot;}\">\n\t\t\t\t\t\t\t<div class=\"elementor-background-overlay\"><\/div>\n\t\t\t\t\t\t\t<div class=\"elementor-container elementor-column-gap-default\">\n\t\t\t\t\t<div class=\"elementor-column elementor-col-50 elementor-top-column elementor-element elementor-element-41a5463\" data-id=\"41a5463\" data-element_type=\"column\" data-e-type=\"column\">\n\t\t\t<div class=\"elementor-widget-wrap elementor-element-populated\">\n\t\t\t\t\t\t<div class=\"elementor-element elementor-element-3eede34 elementor-widget elementor-widget-heading\" data-id=\"3eede34\" data-element_type=\"widget\" data-e-type=\"widget\" data-widget_type=\"heading.default\">\n\t\t\t\t<div class=\"elementor-widget-container\">\n\t\t\t\t\t<h3 class=\"elementor-heading-title elementor-size-default\">Benef\u00edcios<\/h3>\t\t\t\t<\/div>\n\t\t\t\t<\/div>\n\t\t\t\t<div class=\"elementor-element elementor-element-d4d06c7 elementor-widget elementor-widget-text-editor\" data-id=\"d4d06c7\" data-element_type=\"widget\" data-e-type=\"widget\" data-widget_type=\"text-editor.default\">\n\t\t\t\t<div class=\"elementor-widget-container\">\n\t\t\t\t\t\t\t\t\t<ul><li><span style=\"font-weight: 400;\">Patroniza\u00e7\u00e3o<\/span> do desempenho em todos os ciclos de fabrica\u00e7\u00e3o.<\/li><li>Redu\u00e7\u00e3o m\u00e1xima dos defeitos relacionados com os processos de <span style=\"font-weight: 400;\">cozimento<\/span>.<\/li><li>Capacidade de desenvolver diferentes produtos cozidos com uma \u00fanica solu\u00e7\u00e3o.<\/li><li>Possibilidade de modificar as caracter\u00edsticas da prepara\u00e7\u00e3o com pequenos ajustes na dosagem.<\/li><\/ul>\t\t\t\t\t\t\t\t<\/div>\n\t\t\t\t<\/div>\n\t\t\t\t<div class=\"elementor-element elementor-element-9eaee18 elementor-align-left elementor-widget elementor-widget-button\" data-id=\"9eaee18\" data-element_type=\"widget\" data-e-type=\"widget\" data-widget_type=\"button.default\">\n\t\t\t\t<div class=\"elementor-widget-container\">\n\t\t\t\t\t\t\t\t\t<div class=\"elementor-button-wrapper\">\n\t\t\t\t\t<a class=\"elementor-button elementor-button-link elementor-size-sm\" href=\"https:\/\/anvisa.com\/wp-content\/uploads\/2024\/02\/AVIJAM-pdf-portugues-rev.pdf\" target=\"_blank\">\n\t\t\t\t\t\t<span class=\"elementor-button-content-wrapper\">\n\t\t\t\t\t\t\t\t\t<span class=\"elementor-button-text\">Descarregar<\/span>\n\t\t\t\t\t<\/span>\n\t\t\t\t\t<\/a>\n\t\t\t\t<\/div>\n\t\t\t\t\t\t\t\t<\/div>\n\t\t\t\t<\/div>\n\t\t\t\t\t<\/div>\n\t\t<\/div>\n\t\t\t\t<div class=\"elementor-column elementor-col-50 elementor-top-column elementor-element elementor-element-e14cb24\" data-id=\"e14cb24\" data-element_type=\"column\" data-e-type=\"column\">\n\t\t\t<div class=\"elementor-widget-wrap elementor-element-populated\">\n\t\t\t\t\t\t<div class=\"elementor-element elementor-element-1019150 elementor-widget elementor-widget-heading\" data-id=\"1019150\" data-element_type=\"widget\" data-e-type=\"widget\" data-widget_type=\"heading.default\">\n\t\t\t\t<div class=\"elementor-widget-container\">\n\t\t\t\t\t<h3 class=\"elementor-heading-title elementor-size-default\">Algumas das nossas solu\u00e7\u00f5es:<\/h3>\t\t\t\t<\/div>\n\t\t\t\t<\/div>\n\t\t\t\t<div class=\"elementor-element elementor-element-980eedc elementor-widget elementor-widget-text-editor\" data-id=\"980eedc\" data-element_type=\"widget\" data-e-type=\"widget\" data-widget_type=\"text-editor.default\">\n\t\t\t\t<div class=\"elementor-widget-container\">\n\t\t\t\t\t\t\t\t\t<ul>\n<li>Avijam\u00ae H<\/li>\n<li>Avijam\u00ae F3<\/li>\n<li>Avijam\u00ae PC VE S\/A S\/GMS<\/li>\n<li>Avijam\u00ae \u201cCOM\u201d S\/L 438<\/li>\n<\/ul>\n\t\t\t\t\t\t\t\t<\/div>\n\t\t\t\t<\/div>\n\t\t\t\t\t<\/div>\n\t\t<\/div>\n\t\t\t\t\t<\/div>\n\t\t<\/section>\n\t\t\t\t<section class=\"elementor-section elementor-top-section elementor-element elementor-element-55d5fe1 elementor-section-boxed elementor-section-height-default elementor-section-height-default parallax_section_no qode_elementor_container_no\" data-id=\"55d5fe1\" data-element_type=\"section\" data-e-type=\"section\" data-settings=\"{&quot;background_background&quot;:&quot;classic&quot;}\">\n\t\t\t\t\t\t<div class=\"elementor-container elementor-column-gap-default\">\n\t\t\t\t\t<div class=\"elementor-column elementor-col-100 elementor-top-column elementor-element elementor-element-eac5618\" data-id=\"eac5618\" data-element_type=\"column\" data-e-type=\"column\">\n\t\t\t<div class=\"elementor-widget-wrap elementor-element-populated\">\n\t\t\t\t\t\t<div class=\"elementor-element elementor-element-01a08da elementor-widget elementor-widget-heading\" data-id=\"01a08da\" data-element_type=\"widget\" data-e-type=\"widget\" data-widget_type=\"heading.default\">\n\t\t\t\t<div class=\"elementor-widget-container\">\n\t\t\t\t\t<h3 class=\"elementor-heading-title elementor-size-default\">Outros productos<\/h3>\t\t\t\t<\/div>\n\t\t\t\t<\/div>\n\t\t\t\t<div class=\"elementor-element elementor-element-cfc1501 elementor-widget-divider--view-line elementor-widget elementor-widget-divider\" data-id=\"cfc1501\" data-element_type=\"widget\" data-e-type=\"widget\" data-widget_type=\"divider.default\">\n\t\t\t\t<div class=\"elementor-widget-container\">\n\t\t\t\t\t\t\t<div class=\"elementor-divider\">\n\t\t\t<span class=\"elementor-divider-separator\">\n\t\t\t\t\t\t<\/span>\n\t\t<\/div>\n\t\t\t\t\t\t<\/div>\n\t\t\t\t<\/div>\n\t\t\t\t\t<\/div>\n\t\t<\/div>\n\t\t\t\t\t<\/div>\n\t\t<\/section>\n\t\t\t\t<section class=\"elementor-section elementor-top-section elementor-element elementor-element-9e953cc elementor-section-boxed elementor-section-height-default elementor-section-height-default parallax_section_no qode_elementor_container_no\" data-id=\"9e953cc\" data-element_type=\"section\" data-e-type=\"section\" data-settings=\"{&quot;background_background&quot;:&quot;classic&quot;}\">\n\t\t\t\t\t\t<div class=\"elementor-container elementor-column-gap-default\">\n\t\t\t\t\t<div class=\"elementor-column elementor-col-50 elementor-top-column elementor-element elementor-element-4ac7f9b\" data-id=\"4ac7f9b\" data-element_type=\"column\" data-e-type=\"column\">\n\t\t\t<div class=\"elementor-widget-wrap elementor-element-populated\">\n\t\t\t\t\t\t<div class=\"elementor-element elementor-element-140bdd6 elementor-widget elementor-widget-image\" data-id=\"140bdd6\" data-element_type=\"widget\" data-e-type=\"widget\" data-widget_type=\"image.default\">\n\t\t\t\t<div class=\"elementor-widget-container\">\n\t\t\t\t\t\t\t\t\t\t\t\t\t\t\t\t<a href=\"https:\/\/anvisa.com\/pt-pt\/produtos\/avisabor\/\">\n\t\t\t\t\t\t\t<img decoding=\"async\" width=\"1000\" height=\"500\" src=\"https:\/\/anvisa.com\/wp-content\/uploads\/2021\/01\/avisabor_new_3-1.jpg\" class=\"attachment-portfolio_masonry_wide size-portfolio_masonry_wide wp-image-3845\" alt=\"\" srcset=\"https:\/\/anvisa.com\/wp-content\/uploads\/2021\/01\/avisabor_new_3-1.jpg 1000w, https:\/\/anvisa.com\/wp-content\/uploads\/2021\/01\/avisabor_new_3-1-300x150.jpg 300w, https:\/\/anvisa.com\/wp-content\/uploads\/2021\/01\/avisabor_new_3-1-768x384.jpg 768w, https:\/\/anvisa.com\/wp-content\/uploads\/2021\/01\/avisabor_new_3-1-700x350.jpg 700w, https:\/\/anvisa.com\/wp-content\/uploads\/2021\/01\/avisabor_new_3-1-600x300.jpg 600w\" sizes=\"(max-width: 1000px) 100vw, 1000px\" \/>\t\t\t\t\t\t\t\t<\/a>\n\t\t\t\t\t\t\t\t\t\t\t\t\t\t\t<\/div>\n\t\t\t\t<\/div>\n\t\t\t\t<div class=\"elementor-element elementor-element-cf2a074 elementor-widget elementor-widget-heading\" data-id=\"cf2a074\" data-element_type=\"widget\" data-e-type=\"widget\" data-widget_type=\"heading.default\">\n\t\t\t\t<div class=\"elementor-widget-container\">\n\t\t\t\t\t<h4 class=\"elementor-heading-title elementor-size-default\"><a href=\"https:\/\/anvisa.com\/pt-pt\/produtos\/avisabor\/\">AVISABOR<\/a><\/h4>\t\t\t\t<\/div>\n\t\t\t\t<\/div>\n\t\t\t\t<div class=\"elementor-element elementor-element-08b6822 elementor-widget elementor-widget-text-editor\" data-id=\"08b6822\" data-element_type=\"widget\" data-e-type=\"widget\" data-widget_type=\"text-editor.default\">\n\t\t\t\t<div class=\"elementor-widget-container\">\n\t\t\t\t\t\t\t\t\t<p>Uma reinven\u00e7\u00e3o do conceito de sabor.<\/p>\n\t\t\t\t\t\t\t\t<\/div>\n\t\t\t\t<\/div>\n\t\t\t\t<div class=\"elementor-element elementor-element-6d99746 elementor-widget elementor-widget-heading\" data-id=\"6d99746\" data-element_type=\"widget\" data-e-type=\"widget\" data-widget_type=\"heading.default\">\n\t\t\t\t<div class=\"elementor-widget-container\">\n\t\t\t\t\t<h5 class=\"elementor-heading-title elementor-size-default\"><a href=\"https:\/\/anvisa.com\/pt-pt\/produtos\/avisabor\/\">Ver Produto<\/a><\/h5>\t\t\t\t<\/div>\n\t\t\t\t<\/div>\n\t\t\t\t\t<\/div>\n\t\t<\/div>\n\t\t\t\t<div class=\"elementor-column elementor-col-50 elementor-top-column elementor-element elementor-element-44702ad\" data-id=\"44702ad\" data-element_type=\"column\" data-e-type=\"column\">\n\t\t\t<div class=\"elementor-widget-wrap elementor-element-populated\">\n\t\t\t\t\t\t<div class=\"elementor-element elementor-element-cc1af00 elementor-widget elementor-widget-image\" data-id=\"cc1af00\" data-element_type=\"widget\" data-e-type=\"widget\" data-widget_type=\"image.default\">\n\t\t\t\t<div class=\"elementor-widget-container\">\n\t\t\t\t\t\t\t\t\t\t\t\t\t\t\t\t<a href=\"https:\/\/anvisa.com\/pt-pt\/produtos\/antioxiavi\/\">\n\t\t\t\t\t\t\t<img decoding=\"async\" width=\"1000\" height=\"500\" src=\"https:\/\/anvisa.com\/wp-content\/uploads\/2021\/01\/antioxiavi_new_3.jpg\" class=\"attachment-portfolio_masonry_wide size-portfolio_masonry_wide wp-image-3850\" alt=\"\" srcset=\"https:\/\/anvisa.com\/wp-content\/uploads\/2021\/01\/antioxiavi_new_3.jpg 1000w, https:\/\/anvisa.com\/wp-content\/uploads\/2021\/01\/antioxiavi_new_3-300x150.jpg 300w, https:\/\/anvisa.com\/wp-content\/uploads\/2021\/01\/antioxiavi_new_3-768x384.jpg 768w, https:\/\/anvisa.com\/wp-content\/uploads\/2021\/01\/antioxiavi_new_3-700x350.jpg 700w, https:\/\/anvisa.com\/wp-content\/uploads\/2021\/01\/antioxiavi_new_3-600x300.jpg 600w\" sizes=\"(max-width: 1000px) 100vw, 1000px\" \/>\t\t\t\t\t\t\t\t<\/a>\n\t\t\t\t\t\t\t\t\t\t\t\t\t\t\t<\/div>\n\t\t\t\t<\/div>\n\t\t\t\t<div class=\"elementor-element elementor-element-5265b67 elementor-widget elementor-widget-heading\" data-id=\"5265b67\" data-element_type=\"widget\" data-e-type=\"widget\" data-widget_type=\"heading.default\">\n\t\t\t\t<div class=\"elementor-widget-container\">\n\t\t\t\t\t<h4 class=\"elementor-heading-title elementor-size-default\"><a href=\"https:\/\/anvisa.com\/pt-pt\/produtos\/antioxiavi\/\">ANTIOXIAVI<\/a><\/h4>\t\t\t\t<\/div>\n\t\t\t\t<\/div>\n\t\t\t\t<div class=\"elementor-element elementor-element-d0bf679 elementor-widget elementor-widget-text-editor\" data-id=\"d0bf679\" data-element_type=\"widget\" data-e-type=\"widget\" data-widget_type=\"text-editor.default\">\n\t\t\t\t<div class=\"elementor-widget-container\">\n\t\t\t\t\t\t\t\t\t<p>M\u00e1ximo controlo dos processos oxidativos.<\/p>\n\t\t\t\t\t\t\t\t<\/div>\n\t\t\t\t<\/div>\n\t\t\t\t<div class=\"elementor-element elementor-element-966b474 elementor-widget elementor-widget-heading\" data-id=\"966b474\" data-element_type=\"widget\" data-e-type=\"widget\" data-widget_type=\"heading.default\">\n\t\t\t\t<div class=\"elementor-widget-container\">\n\t\t\t\t\t<h5 class=\"elementor-heading-title elementor-size-default\"><a href=\"https:\/\/anvisa.com\/pt-pt\/produtos\/antioxiavi\/\">Ver Produto<\/a><\/h5>\t\t\t\t<\/div>\n\t\t\t\t<\/div>\n\t\t\t\t\t<\/div>\n\t\t<\/div>\n\t\t\t\t\t<\/div>\n\t\t<\/section>\n\t\t\t\t<\/div>\n\t\t","protected":false},"excerpt":{"rendered":"<p>Alta tecnologia alimentar AVIJAM \u00ae Precis\u00e3o e desempenho na produ\u00e7\u00e3o de produtos cozidos. A linha Avijam\u00ae oferece uma grande variedade de solu\u00e7\u00f5es, englobando a produ\u00e7\u00e3o dos produtos cozidos mais procurados da ind\u00fastria alimentar. Benef\u00edcios Patroniza\u00e7\u00e3o do desempenho em todos os ciclos de fabrica\u00e7\u00e3o. Redu\u00e7\u00e3o m\u00e1xima&#8230;<\/p>\n","protected":false},"author":5,"featured_media":0,"parent":4111,"menu_order":0,"comment_status":"closed","ping_status":"closed","template":"full_width.php","meta":{"footnotes":""},"class_list":["post-4194","page","type-page","status-publish","hentry"],"yoast_head":"<!-- This site is optimized with the Yoast SEO plugin v27.3 - https:\/\/yoast.com\/product\/yoast-seo-wordpress\/ -->\n<title>AVIJAM | Anvisa<\/title>\n<meta name=\"description\" content=\"Grande variedade de solu\u00e7\u00f5es, abrangendo a produ\u00e7\u00e3o dos produtos cozinhados mais procurados pela ind\u00fastria alimentar.\" \/>\n<meta name=\"robots\" content=\"index, follow, max-snippet:-1, max-image-preview:large, max-video-preview:-1\" \/>\n<link rel=\"canonical\" href=\"https:\/\/anvisa.com\/productos\/avijam\/\" \/>\n<meta property=\"og:locale\" content=\"pt_PT\" \/>\n<meta property=\"og:type\" content=\"article\" \/>\n<meta property=\"og:title\" content=\"AVIJAM | Anvisa\" \/>\n<meta property=\"og:description\" content=\"Grande variedade de solu\u00e7\u00f5es, abrangendo a produ\u00e7\u00e3o dos produtos cozinhados mais procurados pela ind\u00fastria alimentar.\" \/>\n<meta property=\"og:url\" content=\"https:\/\/anvisa.com\/productos\/avijam\/\" \/>\n<meta property=\"og:site_name\" content=\"Anvisa\" \/>\n<meta property=\"article:modified_time\" content=\"2024-02-20T19:53:58+00:00\" \/>\n<meta property=\"og:image\" content=\"https:\/\/anvisa.com\/wp-content\/uploads\/2021\/01\/avijam_new_1.jpg\" \/>\n<meta name=\"twitter:card\" content=\"summary_large_image\" \/>\n<meta name=\"twitter:label1\" content=\"Tempo estimado de leitura\" \/>\n\t<meta name=\"twitter:data1\" content=\"2 minutos\" \/>\n<script type=\"application\/ld+json\" class=\"yoast-schema-graph\">{\"@context\":\"https:\\\/\\\/schema.org\",\"@graph\":[{\"@type\":\"WebPage\",\"@id\":\"https:\\\/\\\/anvisa.com\\\/productos\\\/avijam\\\/\",\"url\":\"https:\\\/\\\/anvisa.com\\\/productos\\\/avijam\\\/\",\"name\":\"AVIJAM | Anvisa\",\"isPartOf\":{\"@id\":\"https:\\\/\\\/anvisa.com\\\/#website\"},\"primaryImageOfPage\":{\"@id\":\"https:\\\/\\\/anvisa.com\\\/productos\\\/avijam\\\/#primaryimage\"},\"image\":{\"@id\":\"https:\\\/\\\/anvisa.com\\\/productos\\\/avijam\\\/#primaryimage\"},\"thumbnailUrl\":\"https:\\\/\\\/anvisa.com\\\/wp-content\\\/uploads\\\/2021\\\/01\\\/avijam_new_1.jpg\",\"datePublished\":\"2020-12-18T18:11:41+00:00\",\"dateModified\":\"2024-02-20T19:53:58+00:00\",\"description\":\"Grande variedade de solu\u00e7\u00f5es, abrangendo a produ\u00e7\u00e3o dos produtos cozinhados mais procurados pela ind\u00fastria alimentar.\",\"breadcrumb\":{\"@id\":\"https:\\\/\\\/anvisa.com\\\/productos\\\/avijam\\\/#breadcrumb\"},\"inLanguage\":\"pt-PT\",\"potentialAction\":[{\"@type\":\"ReadAction\",\"target\":[\"https:\\\/\\\/anvisa.com\\\/productos\\\/avijam\\\/\"]}]},{\"@type\":\"ImageObject\",\"inLanguage\":\"pt-PT\",\"@id\":\"https:\\\/\\\/anvisa.com\\\/productos\\\/avijam\\\/#primaryimage\",\"url\":\"https:\\\/\\\/anvisa.com\\\/wp-content\\\/uploads\\\/2021\\\/01\\\/avijam_new_1.jpg\",\"contentUrl\":\"https:\\\/\\\/anvisa.com\\\/wp-content\\\/uploads\\\/2021\\\/01\\\/avijam_new_1.jpg\"},{\"@type\":\"BreadcrumbList\",\"@id\":\"https:\\\/\\\/anvisa.com\\\/productos\\\/avijam\\\/#breadcrumb\",\"itemListElement\":[{\"@type\":\"ListItem\",\"position\":1,\"name\":\"Portada\",\"item\":\"https:\\\/\\\/anvisa.com\\\/\"},{\"@type\":\"ListItem\",\"position\":2,\"name\":\"Produtos\",\"item\":\"https:\\\/\\\/anvisa.com\\\/productos\\\/\"},{\"@type\":\"ListItem\",\"position\":3,\"name\":\"AVIJAM\"}]},{\"@type\":\"WebSite\",\"@id\":\"https:\\\/\\\/anvisa.com\\\/#website\",\"url\":\"https:\\\/\\\/anvisa.com\\\/\",\"name\":\"Anvisa\",\"description\":\"Alta Tecnolog\u00eda Alimentaria\",\"potentialAction\":[{\"@type\":\"SearchAction\",\"target\":{\"@type\":\"EntryPoint\",\"urlTemplate\":\"https:\\\/\\\/anvisa.com\\\/?s={search_term_string}\"},\"query-input\":{\"@type\":\"PropertyValueSpecification\",\"valueRequired\":true,\"valueName\":\"search_term_string\"}}],\"inLanguage\":\"pt-PT\"}]}<\/script>\n<!-- \/ Yoast SEO plugin. -->","yoast_head_json":{"title":"AVIJAM | Anvisa","description":"Grande variedade de solu\u00e7\u00f5es, abrangendo a produ\u00e7\u00e3o dos produtos cozinhados mais procurados pela ind\u00fastria alimentar.","robots":{"index":"index","follow":"follow","max-snippet":"max-snippet:-1","max-image-preview":"max-image-preview:large","max-video-preview":"max-video-preview:-1"},"canonical":"https:\/\/anvisa.com\/productos\/avijam\/","og_locale":"pt_PT","og_type":"article","og_title":"AVIJAM | Anvisa","og_description":"Grande variedade de solu\u00e7\u00f5es, abrangendo a produ\u00e7\u00e3o dos produtos cozinhados mais procurados pela ind\u00fastria alimentar.","og_url":"https:\/\/anvisa.com\/productos\/avijam\/","og_site_name":"Anvisa","article_modified_time":"2024-02-20T19:53:58+00:00","og_image":[{"url":"https:\/\/anvisa.com\/wp-content\/uploads\/2021\/01\/avijam_new_1.jpg","type":"","width":"","height":""}],"twitter_card":"summary_large_image","twitter_misc":{"Tempo estimado de leitura":"2 minutos"},"schema":{"@context":"https:\/\/schema.org","@graph":[{"@type":"WebPage","@id":"https:\/\/anvisa.com\/productos\/avijam\/","url":"https:\/\/anvisa.com\/productos\/avijam\/","name":"AVIJAM | Anvisa","isPartOf":{"@id":"https:\/\/anvisa.com\/#website"},"primaryImageOfPage":{"@id":"https:\/\/anvisa.com\/productos\/avijam\/#primaryimage"},"image":{"@id":"https:\/\/anvisa.com\/productos\/avijam\/#primaryimage"},"thumbnailUrl":"https:\/\/anvisa.com\/wp-content\/uploads\/2021\/01\/avijam_new_1.jpg","datePublished":"2020-12-18T18:11:41+00:00","dateModified":"2024-02-20T19:53:58+00:00","description":"Grande variedade de solu\u00e7\u00f5es, abrangendo a produ\u00e7\u00e3o dos produtos cozinhados mais procurados pela ind\u00fastria alimentar.","breadcrumb":{"@id":"https:\/\/anvisa.com\/productos\/avijam\/#breadcrumb"},"inLanguage":"pt-PT","potentialAction":[{"@type":"ReadAction","target":["https:\/\/anvisa.com\/productos\/avijam\/"]}]},{"@type":"ImageObject","inLanguage":"pt-PT","@id":"https:\/\/anvisa.com\/productos\/avijam\/#primaryimage","url":"https:\/\/anvisa.com\/wp-content\/uploads\/2021\/01\/avijam_new_1.jpg","contentUrl":"https:\/\/anvisa.com\/wp-content\/uploads\/2021\/01\/avijam_new_1.jpg"},{"@type":"BreadcrumbList","@id":"https:\/\/anvisa.com\/productos\/avijam\/#breadcrumb","itemListElement":[{"@type":"ListItem","position":1,"name":"Portada","item":"https:\/\/anvisa.com\/"},{"@type":"ListItem","position":2,"name":"Produtos","item":"https:\/\/anvisa.com\/productos\/"},{"@type":"ListItem","position":3,"name":"AVIJAM"}]},{"@type":"WebSite","@id":"https:\/\/anvisa.com\/#website","url":"https:\/\/anvisa.com\/","name":"Anvisa","description":"Alta Tecnolog\u00eda Alimentaria","potentialAction":[{"@type":"SearchAction","target":{"@type":"EntryPoint","urlTemplate":"https:\/\/anvisa.com\/?s={search_term_string}"},"query-input":{"@type":"PropertyValueSpecification","valueRequired":true,"valueName":"search_term_string"}}],"inLanguage":"pt-PT"}]}},"_links":{"self":[{"href":"https:\/\/anvisa.com\/pt-pt\/wp-json\/wp\/v2\/pages\/4194","targetHints":{"allow":["GET"]}}],"collection":[{"href":"https:\/\/anvisa.com\/pt-pt\/wp-json\/wp\/v2\/pages"}],"about":[{"href":"https:\/\/anvisa.com\/pt-pt\/wp-json\/wp\/v2\/types\/page"}],"author":[{"embeddable":true,"href":"https:\/\/anvisa.com\/pt-pt\/wp-json\/wp\/v2\/users\/5"}],"replies":[{"embeddable":true,"href":"https:\/\/anvisa.com\/pt-pt\/wp-json\/wp\/v2\/comments?post=4194"}],"version-history":[{"count":18,"href":"https:\/\/anvisa.com\/pt-pt\/wp-json\/wp\/v2\/pages\/4194\/revisions"}],"predecessor-version":[{"id":4397,"href":"https:\/\/anvisa.com\/pt-pt\/wp-json\/wp\/v2\/pages\/4194\/revisions\/4397"}],"up":[{"embeddable":true,"href":"https:\/\/anvisa.com\/pt-pt\/wp-json\/wp\/v2\/pages\/4111"}],"wp:attachment":[{"href":"https:\/\/anvisa.com\/pt-pt\/wp-json\/wp\/v2\/media?parent=4194"}],"curies":[{"name":"wp","href":"https:\/\/api.w.org\/{rel}","templated":true}]}}