{"id":4207,"date":"2020-12-18T16:25:41","date_gmt":"2020-12-18T15:25:41","guid":{"rendered":"https:\/\/anvisa.com\/produtos\/retenavi\/"},"modified":"2024-02-16T16:00:16","modified_gmt":"2024-02-16T15:00:16","slug":"retenavi","status":"publish","type":"page","link":"https:\/\/anvisa.com\/pt-pt\/produtos\/retenavi\/","title":{"rendered":"RETENAVI"},"content":{"rendered":"\t\t<div data-elementor-type=\"wp-page\" data-elementor-id=\"4207\" class=\"elementor elementor-4207 elementor-1218\">\n\t\t\t\t\t\t<section class=\"elementor-section elementor-top-section elementor-element elementor-element-610b54f elementor-section-boxed elementor-section-height-default elementor-section-height-default parallax_section_no qode_elementor_container_no\" data-id=\"610b54f\" data-element_type=\"section\" data-e-type=\"section\" data-settings=\"{&quot;background_background&quot;:&quot;classic&quot;}\">\n\t\t\t\t\t\t<div class=\"elementor-container elementor-column-gap-default\">\n\t\t\t\t\t<div class=\"elementor-column elementor-col-50 elementor-top-column elementor-element elementor-element-238176e\" data-id=\"238176e\" data-element_type=\"column\" data-e-type=\"column\">\n\t\t\t<div class=\"elementor-widget-wrap elementor-element-populated\">\n\t\t\t\t\t\t<div class=\"elementor-element elementor-element-f9e4919 elementor-widget elementor-widget-heading\" data-id=\"f9e4919\" data-element_type=\"widget\" data-e-type=\"widget\" data-widget_type=\"heading.default\">\n\t\t\t\t<div class=\"elementor-widget-container\">\n\t\t\t\t\t<h6 class=\"elementor-heading-title elementor-size-default\">Alta tecnologia alimentar<\/h6>\t\t\t\t<\/div>\n\t\t\t\t<\/div>\n\t\t\t\t<div class=\"elementor-element elementor-element-ab45948 elementor-widget elementor-widget-heading\" data-id=\"ab45948\" data-element_type=\"widget\" data-e-type=\"widget\" data-widget_type=\"heading.default\">\n\t\t\t\t<div class=\"elementor-widget-container\">\n\t\t\t\t\t<h2 class=\"elementor-heading-title elementor-size-default\">RETENAVI<\/h2>\t\t\t\t<\/div>\n\t\t\t\t<\/div>\n\t\t\t\t<div class=\"elementor-element elementor-element-db7b96f elementor-widget-divider--view-line elementor-widget elementor-widget-divider\" data-id=\"db7b96f\" data-element_type=\"widget\" data-e-type=\"widget\" data-widget_type=\"divider.default\">\n\t\t\t\t<div class=\"elementor-widget-container\">\n\t\t\t\t\t\t\t<div class=\"elementor-divider\">\n\t\t\t<span class=\"elementor-divider-separator\">\n\t\t\t\t\t\t<\/span>\n\t\t<\/div>\n\t\t\t\t\t\t<\/div>\n\t\t\t\t<\/div>\n\t\t\t\t<div class=\"elementor-element elementor-element-93780e0 elementor-widget elementor-widget-heading\" data-id=\"93780e0\" data-element_type=\"widget\" data-e-type=\"widget\" data-widget_type=\"heading.default\">\n\t\t\t\t<div class=\"elementor-widget-container\">\n\t\t\t\t\t<h4 class=\"elementor-heading-title elementor-size-default\">Funcionalidade e rendimento.<\/h4>\t\t\t\t<\/div>\n\t\t\t\t<\/div>\n\t\t\t\t<div class=\"elementor-element elementor-element-0a9a612 elementor-widget elementor-widget-text-editor\" data-id=\"0a9a612\" data-element_type=\"widget\" data-e-type=\"widget\" data-widget_type=\"text-editor.default\">\n\t\t\t\t<div class=\"elementor-widget-container\">\n\t\t\t\t\t\t\t\t\t<p>A linha Retenavi inclui solu\u00e7\u00f5es para otimizar a composi\u00e7\u00e3o dos produtos alimentares, recorrendo sempre a ingredientes altamente funcionais.<\/p>\n\t\t\t\t\t\t\t\t<\/div>\n\t\t\t\t<\/div>\n\t\t\t\t\t<\/div>\n\t\t<\/div>\n\t\t\t\t<div class=\"elementor-column elementor-col-50 elementor-top-column elementor-element elementor-element-415acd5\" data-id=\"415acd5\" data-element_type=\"column\" data-e-type=\"column\">\n\t\t\t<div class=\"elementor-widget-wrap elementor-element-populated\">\n\t\t\t\t\t\t<div class=\"elementor-element elementor-element-d7ed42d elementor-widget elementor-widget-image\" data-id=\"d7ed42d\" data-element_type=\"widget\" data-e-type=\"widget\" data-widget_type=\"image.default\">\n\t\t\t\t<div class=\"elementor-widget-container\">\n\t\t\t\t\t\t\t\t\t\t\t\t\t\t\t<img fetchpriority=\"high\" decoding=\"async\" width=\"500\" height=\"380\" src=\"https:\/\/anvisa.com\/wp-content\/uploads\/2021\/01\/retenavi_new_1.jpg\" class=\"attachment-large size-large wp-image-3824\" alt=\"\" srcset=\"https:\/\/anvisa.com\/wp-content\/uploads\/2021\/01\/retenavi_new_1.jpg 500w, https:\/\/anvisa.com\/wp-content\/uploads\/2021\/01\/retenavi_new_1-300x228.jpg 300w\" sizes=\"(max-width: 500px) 100vw, 500px\" \/>\t\t\t\t\t\t\t\t\t\t\t\t\t\t\t<\/div>\n\t\t\t\t<\/div>\n\t\t\t\t\t<\/div>\n\t\t<\/div>\n\t\t\t\t\t<\/div>\n\t\t<\/section>\n\t\t\t\t<section class=\"elementor-section elementor-top-section elementor-element elementor-element-b3fc1e2 elementor-section-boxed elementor-section-height-default elementor-section-height-default parallax_section_no qode_elementor_container_no\" data-id=\"b3fc1e2\" data-element_type=\"section\" data-e-type=\"section\" data-settings=\"{&quot;background_background&quot;:&quot;classic&quot;}\">\n\t\t\t\t\t\t\t<div class=\"elementor-background-overlay\"><\/div>\n\t\t\t\t\t\t\t<div class=\"elementor-container elementor-column-gap-default\">\n\t\t\t\t\t<div class=\"elementor-column elementor-col-50 elementor-top-column elementor-element elementor-element-41a5463\" data-id=\"41a5463\" data-element_type=\"column\" data-e-type=\"column\">\n\t\t\t<div class=\"elementor-widget-wrap elementor-element-populated\">\n\t\t\t\t\t\t<div class=\"elementor-element elementor-element-3eede34 elementor-widget elementor-widget-heading\" data-id=\"3eede34\" data-element_type=\"widget\" data-e-type=\"widget\" data-widget_type=\"heading.default\">\n\t\t\t\t<div class=\"elementor-widget-container\">\n\t\t\t\t\t<h3 class=\"elementor-heading-title elementor-size-default\">Benef\u00edcios<\/h3>\t\t\t\t<\/div>\n\t\t\t\t<\/div>\n\t\t\t\t<div class=\"elementor-element elementor-element-d4d06c7 elementor-widget elementor-widget-text-editor\" data-id=\"d4d06c7\" data-element_type=\"widget\" data-e-type=\"widget\" data-widget_type=\"text-editor.default\">\n\t\t\t\t<div class=\"elementor-widget-container\">\n\t\t\t\t\t\t\t\t\t<ul><li>Melhoria indireta das caracter\u00edsticas organol\u00e9ticas do produto, nomeadamente em termos de textura e sucul\u00eancia.<\/li><li>Aumento da rentabilidade econ\u00f3mica do produto final.<\/li><li>Incorpora\u00e7\u00e3o de matizes sensoriais em produtos de qualidade superior.<\/li><\/ul>\t\t\t\t\t\t\t\t<\/div>\n\t\t\t\t<\/div>\n\t\t\t\t<div class=\"elementor-element elementor-element-9eaee18 elementor-align-left elementor-widget elementor-widget-button\" data-id=\"9eaee18\" data-element_type=\"widget\" data-e-type=\"widget\" data-widget_type=\"button.default\">\n\t\t\t\t<div class=\"elementor-widget-container\">\n\t\t\t\t\t\t\t\t\t<div class=\"elementor-button-wrapper\">\n\t\t\t\t\t<a class=\"elementor-button elementor-button-link elementor-size-sm\" href=\"https:\/\/anvisa.com\/wp-content\/uploads\/2024\/02\/RETENAVI-pdf-portugues-rev.pdf\" target=\"_blank\">\n\t\t\t\t\t\t<span class=\"elementor-button-content-wrapper\">\n\t\t\t\t\t\t\t\t\t<span class=\"elementor-button-text\">Descarregar<\/span>\n\t\t\t\t\t<\/span>\n\t\t\t\t\t<\/a>\n\t\t\t\t<\/div>\n\t\t\t\t\t\t\t\t<\/div>\n\t\t\t\t<\/div>\n\t\t\t\t\t<\/div>\n\t\t<\/div>\n\t\t\t\t<div class=\"elementor-column elementor-col-50 elementor-top-column elementor-element elementor-element-e14cb24\" data-id=\"e14cb24\" data-element_type=\"column\" data-e-type=\"column\">\n\t\t\t<div class=\"elementor-widget-wrap elementor-element-populated\">\n\t\t\t\t\t\t<div class=\"elementor-element elementor-element-1019150 elementor-widget elementor-widget-heading\" data-id=\"1019150\" data-element_type=\"widget\" data-e-type=\"widget\" data-widget_type=\"heading.default\">\n\t\t\t\t<div class=\"elementor-widget-container\">\n\t\t\t\t\t<h3 class=\"elementor-heading-title elementor-size-default\">Algumas das nossas solu\u00e7\u00f5es:<\/h3>\t\t\t\t<\/div>\n\t\t\t\t<\/div>\n\t\t\t\t<div class=\"elementor-element elementor-element-980eedc elementor-widget elementor-widget-text-editor\" data-id=\"980eedc\" data-element_type=\"widget\" data-e-type=\"widget\" data-widget_type=\"text-editor.default\">\n\t\t\t\t<div class=\"elementor-widget-container\">\n\t\t\t\t\t\t\t\t\t<ul><li style=\"font-weight: 400;\" aria-level=\"1\"><span style=\"font-weight: 400;\">Avilon f2<\/span><\/li><li style=\"font-weight: 400;\" aria-level=\"1\"><span style=\"font-weight: 400;\">Retenavi ef<\/span><\/li><li style=\"font-weight: 400;\" aria-level=\"1\"><span style=\"font-weight: 400;\">Retenavi ef pork<\/span><\/li><li style=\"font-weight: 400;\" aria-level=\"1\"><span style=\"font-weight: 400;\">Retenavi ef beef<\/span><\/li><li style=\"font-weight: 400;\" aria-level=\"1\"><span style=\"font-weight: 400;\">Retenavi ef beef 2<\/span><\/li><li style=\"font-weight: 400;\" aria-level=\"1\"><span style=\"font-weight: 400;\">Retenavi ef poultry<\/span><\/li><\/ul>\t\t\t\t\t\t\t\t<\/div>\n\t\t\t\t<\/div>\n\t\t\t\t\t<\/div>\n\t\t<\/div>\n\t\t\t\t\t<\/div>\n\t\t<\/section>\n\t\t\t\t<section class=\"elementor-section elementor-top-section elementor-element elementor-element-a17f126 elementor-section-boxed elementor-section-height-default elementor-section-height-default parallax_section_no qode_elementor_container_no\" data-id=\"a17f126\" data-element_type=\"section\" data-e-type=\"section\" data-settings=\"{&quot;background_background&quot;:&quot;classic&quot;}\">\n\t\t\t\t\t\t<div class=\"elementor-container elementor-column-gap-default\">\n\t\t\t\t\t<div class=\"elementor-column elementor-col-100 elementor-top-column elementor-element elementor-element-35db58e\" data-id=\"35db58e\" data-element_type=\"column\" data-e-type=\"column\">\n\t\t\t<div class=\"elementor-widget-wrap elementor-element-populated\">\n\t\t\t\t\t\t<div class=\"elementor-element elementor-element-1b6e98a elementor-widget elementor-widget-heading\" data-id=\"1b6e98a\" data-element_type=\"widget\" data-e-type=\"widget\" data-widget_type=\"heading.default\">\n\t\t\t\t<div class=\"elementor-widget-container\">\n\t\t\t\t\t<h3 class=\"elementor-heading-title elementor-size-default\">Outros productos<\/h3>\t\t\t\t<\/div>\n\t\t\t\t<\/div>\n\t\t\t\t<div class=\"elementor-element elementor-element-e967a1d elementor-widget-divider--view-line elementor-widget elementor-widget-divider\" data-id=\"e967a1d\" data-element_type=\"widget\" data-e-type=\"widget\" data-widget_type=\"divider.default\">\n\t\t\t\t<div class=\"elementor-widget-container\">\n\t\t\t\t\t\t\t<div class=\"elementor-divider\">\n\t\t\t<span class=\"elementor-divider-separator\">\n\t\t\t\t\t\t<\/span>\n\t\t<\/div>\n\t\t\t\t\t\t<\/div>\n\t\t\t\t<\/div>\n\t\t\t\t\t<\/div>\n\t\t<\/div>\n\t\t\t\t\t<\/div>\n\t\t<\/section>\n\t\t\t\t<section class=\"elementor-section elementor-top-section elementor-element elementor-element-512be32 elementor-section-boxed elementor-section-height-default elementor-section-height-default parallax_section_no qode_elementor_container_no\" data-id=\"512be32\" data-element_type=\"section\" data-e-type=\"section\" data-settings=\"{&quot;background_background&quot;:&quot;classic&quot;}\">\n\t\t\t\t\t\t<div class=\"elementor-container elementor-column-gap-default\">\n\t\t\t\t\t<div class=\"elementor-column elementor-col-50 elementor-top-column elementor-element elementor-element-1d8d469\" data-id=\"1d8d469\" data-element_type=\"column\" data-e-type=\"column\">\n\t\t\t<div class=\"elementor-widget-wrap elementor-element-populated\">\n\t\t\t\t\t\t<div class=\"elementor-element elementor-element-4b8f213 elementor-widget elementor-widget-image\" data-id=\"4b8f213\" data-element_type=\"widget\" data-e-type=\"widget\" data-widget_type=\"image.default\">\n\t\t\t\t<div class=\"elementor-widget-container\">\n\t\t\t\t\t\t\t\t\t\t\t\t\t\t\t\t<a href=\"https:\/\/anvisa.com\/pt-pt\/produtos\/aviprep\/\">\n\t\t\t\t\t\t\t<img decoding=\"async\" width=\"1000\" height=\"500\" src=\"https:\/\/anvisa.com\/wp-content\/uploads\/2021\/01\/aviprep_new_3.jpg\" class=\"attachment-portfolio_masonry_wide size-portfolio_masonry_wide wp-image-3848\" alt=\"\" srcset=\"https:\/\/anvisa.com\/wp-content\/uploads\/2021\/01\/aviprep_new_3.jpg 1000w, https:\/\/anvisa.com\/wp-content\/uploads\/2021\/01\/aviprep_new_3-300x150.jpg 300w, https:\/\/anvisa.com\/wp-content\/uploads\/2021\/01\/aviprep_new_3-768x384.jpg 768w, https:\/\/anvisa.com\/wp-content\/uploads\/2021\/01\/aviprep_new_3-700x350.jpg 700w, https:\/\/anvisa.com\/wp-content\/uploads\/2021\/01\/aviprep_new_3-600x300.jpg 600w\" sizes=\"(max-width: 1000px) 100vw, 1000px\" \/>\t\t\t\t\t\t\t\t<\/a>\n\t\t\t\t\t\t\t\t\t\t\t\t\t\t\t<\/div>\n\t\t\t\t<\/div>\n\t\t\t\t<div class=\"elementor-element elementor-element-bcd7937 elementor-widget elementor-widget-heading\" data-id=\"bcd7937\" data-element_type=\"widget\" data-e-type=\"widget\" data-widget_type=\"heading.default\">\n\t\t\t\t<div class=\"elementor-widget-container\">\n\t\t\t\t\t<h4 class=\"elementor-heading-title elementor-size-default\"><a href=\"https:\/\/anvisa.com\/pt-pt\/produtos\/aviprep\/\">AVIPREP<\/a><\/h4>\t\t\t\t<\/div>\n\t\t\t\t<\/div>\n\t\t\t\t<div class=\"elementor-element elementor-element-9f928ab elementor-widget elementor-widget-text-editor\" data-id=\"9f928ab\" data-element_type=\"widget\" data-e-type=\"widget\" data-widget_type=\"text-editor.default\">\n\t\t\t\t<div class=\"elementor-widget-container\">\n\t\t\t\t\t\t\t\t\t<p>Pleno respeito pelo sabor natural dos produtos frescos.<\/p>\n\t\t\t\t\t\t\t\t<\/div>\n\t\t\t\t<\/div>\n\t\t\t\t<div class=\"elementor-element elementor-element-29ab018 elementor-widget elementor-widget-heading\" data-id=\"29ab018\" data-element_type=\"widget\" data-e-type=\"widget\" data-widget_type=\"heading.default\">\n\t\t\t\t<div class=\"elementor-widget-container\">\n\t\t\t\t\t<h5 class=\"elementor-heading-title elementor-size-default\"><a href=\"https:\/\/anvisa.com\/pt-pt\/produtos\/aviprep\/\">Ver Produto<\/a><\/h5>\t\t\t\t<\/div>\n\t\t\t\t<\/div>\n\t\t\t\t\t<\/div>\n\t\t<\/div>\n\t\t\t\t<div class=\"elementor-column elementor-col-50 elementor-top-column elementor-element elementor-element-3833d61\" data-id=\"3833d61\" data-element_type=\"column\" data-e-type=\"column\">\n\t\t\t<div class=\"elementor-widget-wrap elementor-element-populated\">\n\t\t\t\t\t\t<div class=\"elementor-element elementor-element-461a644 elementor-widget elementor-widget-image\" data-id=\"461a644\" data-element_type=\"widget\" data-e-type=\"widget\" data-widget_type=\"image.default\">\n\t\t\t\t<div class=\"elementor-widget-container\">\n\t\t\t\t\t\t\t\t\t\t\t\t\t\t\t\t<a href=\"https:\/\/anvisa.com\/pt-pt\/produtos\/aviplat\/\">\n\t\t\t\t\t\t\t<img decoding=\"async\" width=\"1000\" height=\"500\" src=\"https:\/\/anvisa.com\/wp-content\/uploads\/2021\/01\/aviplat_new_3.jpg\" class=\"attachment-portfolio_masonry_wide size-portfolio_masonry_wide wp-image-3847\" alt=\"\" srcset=\"https:\/\/anvisa.com\/wp-content\/uploads\/2021\/01\/aviplat_new_3.jpg 1000w, https:\/\/anvisa.com\/wp-content\/uploads\/2021\/01\/aviplat_new_3-300x150.jpg 300w, https:\/\/anvisa.com\/wp-content\/uploads\/2021\/01\/aviplat_new_3-768x384.jpg 768w, https:\/\/anvisa.com\/wp-content\/uploads\/2021\/01\/aviplat_new_3-700x350.jpg 700w, https:\/\/anvisa.com\/wp-content\/uploads\/2021\/01\/aviplat_new_3-600x300.jpg 600w\" sizes=\"(max-width: 1000px) 100vw, 1000px\" \/>\t\t\t\t\t\t\t\t<\/a>\n\t\t\t\t\t\t\t\t\t\t\t\t\t\t\t<\/div>\n\t\t\t\t<\/div>\n\t\t\t\t<div class=\"elementor-element elementor-element-ea444dd elementor-widget elementor-widget-heading\" data-id=\"ea444dd\" data-element_type=\"widget\" data-e-type=\"widget\" data-widget_type=\"heading.default\">\n\t\t\t\t<div class=\"elementor-widget-container\">\n\t\t\t\t\t<h4 class=\"elementor-heading-title elementor-size-default\"><a href=\"https:\/\/anvisa.com\/pt-pt\/produtos\/aviplat\/\">AVIPLAT<\/a><\/h4>\t\t\t\t<\/div>\n\t\t\t\t<\/div>\n\t\t\t\t<div class=\"elementor-element elementor-element-6a0864d elementor-widget elementor-widget-text-editor\" data-id=\"6a0864d\" data-element_type=\"widget\" data-e-type=\"widget\" data-widget_type=\"text-editor.default\">\n\t\t\t\t<div class=\"elementor-widget-container\">\n\t\t\t\t\t\t\t\t\t<p>Experi\u00eancias gastron\u00f3micas: uma fus\u00e3o entre ci\u00eancia, arte e inova\u00e7\u00e3o.<\/p>\n\t\t\t\t\t\t\t\t<\/div>\n\t\t\t\t<\/div>\n\t\t\t\t<div class=\"elementor-element elementor-element-b156cab elementor-widget elementor-widget-heading\" data-id=\"b156cab\" data-element_type=\"widget\" data-e-type=\"widget\" data-widget_type=\"heading.default\">\n\t\t\t\t<div class=\"elementor-widget-container\">\n\t\t\t\t\t<h5 class=\"elementor-heading-title elementor-size-default\"><a href=\"https:\/\/anvisa.com\/pt-pt\/produtos\/aviplat\/\">Ver Produto<\/a><\/h5>\t\t\t\t<\/div>\n\t\t\t\t<\/div>\n\t\t\t\t\t<\/div>\n\t\t<\/div>\n\t\t\t\t\t<\/div>\n\t\t<\/section>\n\t\t\t\t<\/div>\n\t\t","protected":false},"excerpt":{"rendered":"<p>Alta tecnologia alimentar RETENAVI Funcionalidade e rendimento. A linha Retenavi inclui solu\u00e7\u00f5es para otimizar a composi\u00e7\u00e3o dos produtos alimentares, recorrendo sempre a ingredientes altamente funcionais. Benef\u00edcios Melhoria indireta das caracter\u00edsticas organol\u00e9ticas do produto, nomeadamente em termos de textura e sucul\u00eancia. Aumento da rentabilidade econ\u00f3mica do&#8230;<\/p>\n","protected":false},"author":5,"featured_media":0,"parent":4111,"menu_order":0,"comment_status":"closed","ping_status":"closed","template":"full_width.php","meta":{"footnotes":""},"class_list":["post-4207","page","type-page","status-publish","hentry"],"yoast_head":"<!-- This site is optimized with the Yoast SEO plugin v27.4 - https:\/\/yoast.com\/product\/yoast-seo-wordpress\/ -->\n<title>RETENAVI | Anvisa<\/title>\n<meta name=\"description\" content=\"A Retenavi engloba solu\u00e7\u00f5es para otimizar a composi\u00e7\u00e3o de produtos aliment\u00edcios atrav\u00e9s de ingredientes altamente funcionais.\" \/>\n<meta name=\"robots\" content=\"index, follow, max-snippet:-1, max-image-preview:large, max-video-preview:-1\" \/>\n<link rel=\"canonical\" href=\"https:\/\/anvisa.com\/productos\/retenavi\/\" \/>\n<meta property=\"og:locale\" content=\"pt_PT\" \/>\n<meta property=\"og:type\" content=\"article\" \/>\n<meta property=\"og:title\" content=\"RETENAVI | Anvisa\" \/>\n<meta property=\"og:description\" content=\"A Retenavi engloba solu\u00e7\u00f5es para otimizar a composi\u00e7\u00e3o de produtos aliment\u00edcios atrav\u00e9s de ingredientes altamente funcionais.\" \/>\n<meta property=\"og:url\" content=\"https:\/\/anvisa.com\/productos\/retenavi\/\" \/>\n<meta property=\"og:site_name\" content=\"Anvisa\" \/>\n<meta property=\"article:modified_time\" content=\"2024-02-16T15:00:16+00:00\" \/>\n<meta property=\"og:image\" content=\"https:\/\/anvisa.com\/wp-content\/uploads\/2021\/01\/retenavi_new_1.jpg\" \/>\n<meta name=\"twitter:card\" content=\"summary_large_image\" \/>\n<meta name=\"twitter:label1\" content=\"Tempo estimado de leitura\" \/>\n\t<meta name=\"twitter:data1\" content=\"2 minutos\" \/>\n<script type=\"application\/ld+json\" class=\"yoast-schema-graph\">{\"@context\":\"https:\\\/\\\/schema.org\",\"@graph\":[{\"@type\":\"WebPage\",\"@id\":\"https:\\\/\\\/anvisa.com\\\/productos\\\/retenavi\\\/\",\"url\":\"https:\\\/\\\/anvisa.com\\\/productos\\\/retenavi\\\/\",\"name\":\"RETENAVI | Anvisa\",\"isPartOf\":{\"@id\":\"https:\\\/\\\/anvisa.com\\\/#website\"},\"primaryImageOfPage\":{\"@id\":\"https:\\\/\\\/anvisa.com\\\/productos\\\/retenavi\\\/#primaryimage\"},\"image\":{\"@id\":\"https:\\\/\\\/anvisa.com\\\/productos\\\/retenavi\\\/#primaryimage\"},\"thumbnailUrl\":\"https:\\\/\\\/anvisa.com\\\/wp-content\\\/uploads\\\/2021\\\/01\\\/retenavi_new_1.jpg\",\"datePublished\":\"2020-12-18T15:25:41+00:00\",\"dateModified\":\"2024-02-16T15:00:16+00:00\",\"description\":\"A Retenavi engloba solu\u00e7\u00f5es para otimizar a composi\u00e7\u00e3o de produtos aliment\u00edcios atrav\u00e9s de ingredientes altamente funcionais.\",\"breadcrumb\":{\"@id\":\"https:\\\/\\\/anvisa.com\\\/productos\\\/retenavi\\\/#breadcrumb\"},\"inLanguage\":\"pt-PT\",\"potentialAction\":[{\"@type\":\"ReadAction\",\"target\":[\"https:\\\/\\\/anvisa.com\\\/productos\\\/retenavi\\\/\"]}]},{\"@type\":\"ImageObject\",\"inLanguage\":\"pt-PT\",\"@id\":\"https:\\\/\\\/anvisa.com\\\/productos\\\/retenavi\\\/#primaryimage\",\"url\":\"https:\\\/\\\/anvisa.com\\\/wp-content\\\/uploads\\\/2021\\\/01\\\/retenavi_new_1.jpg\",\"contentUrl\":\"https:\\\/\\\/anvisa.com\\\/wp-content\\\/uploads\\\/2021\\\/01\\\/retenavi_new_1.jpg\"},{\"@type\":\"BreadcrumbList\",\"@id\":\"https:\\\/\\\/anvisa.com\\\/productos\\\/retenavi\\\/#breadcrumb\",\"itemListElement\":[{\"@type\":\"ListItem\",\"position\":1,\"name\":\"Portada\",\"item\":\"https:\\\/\\\/anvisa.com\\\/\"},{\"@type\":\"ListItem\",\"position\":2,\"name\":\"Produtos\",\"item\":\"https:\\\/\\\/anvisa.com\\\/productos\\\/\"},{\"@type\":\"ListItem\",\"position\":3,\"name\":\"RETENAVI\"}]},{\"@type\":\"WebSite\",\"@id\":\"https:\\\/\\\/anvisa.com\\\/#website\",\"url\":\"https:\\\/\\\/anvisa.com\\\/\",\"name\":\"Anvisa\",\"description\":\"Alta Tecnolog\u00eda Alimentaria\",\"potentialAction\":[{\"@type\":\"SearchAction\",\"target\":{\"@type\":\"EntryPoint\",\"urlTemplate\":\"https:\\\/\\\/anvisa.com\\\/?s={search_term_string}\"},\"query-input\":{\"@type\":\"PropertyValueSpecification\",\"valueRequired\":true,\"valueName\":\"search_term_string\"}}],\"inLanguage\":\"pt-PT\"}]}<\/script>\n<!-- \/ Yoast SEO plugin. -->","yoast_head_json":{"title":"RETENAVI | Anvisa","description":"A Retenavi engloba solu\u00e7\u00f5es para otimizar a composi\u00e7\u00e3o de produtos aliment\u00edcios atrav\u00e9s de ingredientes altamente funcionais.","robots":{"index":"index","follow":"follow","max-snippet":"max-snippet:-1","max-image-preview":"max-image-preview:large","max-video-preview":"max-video-preview:-1"},"canonical":"https:\/\/anvisa.com\/productos\/retenavi\/","og_locale":"pt_PT","og_type":"article","og_title":"RETENAVI | Anvisa","og_description":"A Retenavi engloba solu\u00e7\u00f5es para otimizar a composi\u00e7\u00e3o de produtos aliment\u00edcios atrav\u00e9s de ingredientes altamente funcionais.","og_url":"https:\/\/anvisa.com\/productos\/retenavi\/","og_site_name":"Anvisa","article_modified_time":"2024-02-16T15:00:16+00:00","og_image":[{"url":"https:\/\/anvisa.com\/wp-content\/uploads\/2021\/01\/retenavi_new_1.jpg","type":"","width":"","height":""}],"twitter_card":"summary_large_image","twitter_misc":{"Tempo estimado de leitura":"2 minutos"},"schema":{"@context":"https:\/\/schema.org","@graph":[{"@type":"WebPage","@id":"https:\/\/anvisa.com\/productos\/retenavi\/","url":"https:\/\/anvisa.com\/productos\/retenavi\/","name":"RETENAVI | Anvisa","isPartOf":{"@id":"https:\/\/anvisa.com\/#website"},"primaryImageOfPage":{"@id":"https:\/\/anvisa.com\/productos\/retenavi\/#primaryimage"},"image":{"@id":"https:\/\/anvisa.com\/productos\/retenavi\/#primaryimage"},"thumbnailUrl":"https:\/\/anvisa.com\/wp-content\/uploads\/2021\/01\/retenavi_new_1.jpg","datePublished":"2020-12-18T15:25:41+00:00","dateModified":"2024-02-16T15:00:16+00:00","description":"A Retenavi engloba solu\u00e7\u00f5es para otimizar a composi\u00e7\u00e3o de produtos aliment\u00edcios atrav\u00e9s de ingredientes altamente funcionais.","breadcrumb":{"@id":"https:\/\/anvisa.com\/productos\/retenavi\/#breadcrumb"},"inLanguage":"pt-PT","potentialAction":[{"@type":"ReadAction","target":["https:\/\/anvisa.com\/productos\/retenavi\/"]}]},{"@type":"ImageObject","inLanguage":"pt-PT","@id":"https:\/\/anvisa.com\/productos\/retenavi\/#primaryimage","url":"https:\/\/anvisa.com\/wp-content\/uploads\/2021\/01\/retenavi_new_1.jpg","contentUrl":"https:\/\/anvisa.com\/wp-content\/uploads\/2021\/01\/retenavi_new_1.jpg"},{"@type":"BreadcrumbList","@id":"https:\/\/anvisa.com\/productos\/retenavi\/#breadcrumb","itemListElement":[{"@type":"ListItem","position":1,"name":"Portada","item":"https:\/\/anvisa.com\/"},{"@type":"ListItem","position":2,"name":"Produtos","item":"https:\/\/anvisa.com\/productos\/"},{"@type":"ListItem","position":3,"name":"RETENAVI"}]},{"@type":"WebSite","@id":"https:\/\/anvisa.com\/#website","url":"https:\/\/anvisa.com\/","name":"Anvisa","description":"Alta Tecnolog\u00eda Alimentaria","potentialAction":[{"@type":"SearchAction","target":{"@type":"EntryPoint","urlTemplate":"https:\/\/anvisa.com\/?s={search_term_string}"},"query-input":{"@type":"PropertyValueSpecification","valueRequired":true,"valueName":"search_term_string"}}],"inLanguage":"pt-PT"}]}},"_links":{"self":[{"href":"https:\/\/anvisa.com\/pt-pt\/wp-json\/wp\/v2\/pages\/4207","targetHints":{"allow":["GET"]}}],"collection":[{"href":"https:\/\/anvisa.com\/pt-pt\/wp-json\/wp\/v2\/pages"}],"about":[{"href":"https:\/\/anvisa.com\/pt-pt\/wp-json\/wp\/v2\/types\/page"}],"author":[{"embeddable":true,"href":"https:\/\/anvisa.com\/pt-pt\/wp-json\/wp\/v2\/users\/5"}],"replies":[{"embeddable":true,"href":"https:\/\/anvisa.com\/pt-pt\/wp-json\/wp\/v2\/comments?post=4207"}],"version-history":[{"count":12,"href":"https:\/\/anvisa.com\/pt-pt\/wp-json\/wp\/v2\/pages\/4207\/revisions"}],"predecessor-version":[{"id":4352,"href":"https:\/\/anvisa.com\/pt-pt\/wp-json\/wp\/v2\/pages\/4207\/revisions\/4352"}],"up":[{"embeddable":true,"href":"https:\/\/anvisa.com\/pt-pt\/wp-json\/wp\/v2\/pages\/4111"}],"wp:attachment":[{"href":"https:\/\/anvisa.com\/pt-pt\/wp-json\/wp\/v2\/media?parent=4207"}],"curies":[{"name":"wp","href":"https:\/\/api.w.org\/{rel}","templated":true}]}}