{"id":4211,"date":"2020-12-17T22:21:54","date_gmt":"2020-12-17T21:21:54","guid":{"rendered":"https:\/\/anvisa.com\/produtos\/coloravi\/"},"modified":"2024-02-13T18:34:32","modified_gmt":"2024-02-13T17:34:32","slug":"coloravi","status":"publish","type":"page","link":"https:\/\/anvisa.com\/pt-pt\/produtos\/coloravi\/","title":{"rendered":"COLORAVI"},"content":{"rendered":"\t\t<div data-elementor-type=\"wp-page\" data-elementor-id=\"4211\" class=\"elementor elementor-4211 elementor-1138\">\n\t\t\t\t\t\t<section class=\"elementor-section elementor-top-section elementor-element elementor-element-610b54f elementor-section-boxed elementor-section-height-default elementor-section-height-default parallax_section_no qode_elementor_container_no\" data-id=\"610b54f\" data-element_type=\"section\" data-e-type=\"section\" data-settings=\"{&quot;background_background&quot;:&quot;classic&quot;}\">\n\t\t\t\t\t\t<div class=\"elementor-container elementor-column-gap-default\">\n\t\t\t\t\t<div class=\"elementor-column elementor-col-50 elementor-top-column elementor-element elementor-element-238176e\" data-id=\"238176e\" data-element_type=\"column\" data-e-type=\"column\">\n\t\t\t<div class=\"elementor-widget-wrap elementor-element-populated\">\n\t\t\t\t\t\t<div class=\"elementor-element elementor-element-f9e4919 elementor-widget elementor-widget-heading\" data-id=\"f9e4919\" data-element_type=\"widget\" data-e-type=\"widget\" data-widget_type=\"heading.default\">\n\t\t\t\t<div class=\"elementor-widget-container\">\n\t\t\t\t\t<h6 class=\"elementor-heading-title elementor-size-default\">Alta tecnologia alimentar<\/h6>\t\t\t\t<\/div>\n\t\t\t\t<\/div>\n\t\t\t\t<div class=\"elementor-element elementor-element-ab45948 elementor-widget elementor-widget-heading\" data-id=\"ab45948\" data-element_type=\"widget\" data-e-type=\"widget\" data-widget_type=\"heading.default\">\n\t\t\t\t<div class=\"elementor-widget-container\">\n\t\t\t\t\t<h2 class=\"elementor-heading-title elementor-size-default\">COLORAVI \u00ae<\/h2>\t\t\t\t<\/div>\n\t\t\t\t<\/div>\n\t\t\t\t<div class=\"elementor-element elementor-element-db7b96f elementor-widget-divider--view-line elementor-widget elementor-widget-divider\" data-id=\"db7b96f\" data-element_type=\"widget\" data-e-type=\"widget\" data-widget_type=\"divider.default\">\n\t\t\t\t<div class=\"elementor-widget-container\">\n\t\t\t\t\t\t\t<div class=\"elementor-divider\">\n\t\t\t<span class=\"elementor-divider-separator\">\n\t\t\t\t\t\t<\/span>\n\t\t<\/div>\n\t\t\t\t\t\t<\/div>\n\t\t\t\t<\/div>\n\t\t\t\t<div class=\"elementor-element elementor-element-93780e0 elementor-widget elementor-widget-heading\" data-id=\"93780e0\" data-element_type=\"widget\" data-e-type=\"widget\" data-widget_type=\"heading.default\">\n\t\t\t\t<div class=\"elementor-widget-container\">\n\t\t\t\t\t<h4 class=\"elementor-heading-title elementor-size-default\">Identidade e pureza atrav\u00e9s da cor<\/h4>\t\t\t\t<\/div>\n\t\t\t\t<\/div>\n\t\t\t\t<div class=\"elementor-element elementor-element-0a9a612 elementor-widget elementor-widget-text-editor\" data-id=\"0a9a612\" data-element_type=\"widget\" data-e-type=\"widget\" data-widget_type=\"text-editor.default\">\n\t\t\t\t<div class=\"elementor-widget-container\">\n\t\t\t\t\t\t\t\t\t<p>A linha Coloravi\u24c7 oferece uma gama de solu\u00e7\u00f5es inovadoras de colora\u00e7\u00e3o, capazes de construir e definir com precis\u00e3o a identidade visual do produto final, transmitindo toda a sua ess\u00eancia e apelo.<\/p>\n\t\t\t\t\t\t\t\t<\/div>\n\t\t\t\t<\/div>\n\t\t\t\t\t<\/div>\n\t\t<\/div>\n\t\t\t\t<div class=\"elementor-column elementor-col-50 elementor-top-column elementor-element elementor-element-415acd5\" data-id=\"415acd5\" data-element_type=\"column\" data-e-type=\"column\">\n\t\t\t<div class=\"elementor-widget-wrap elementor-element-populated\">\n\t\t\t\t\t\t<div class=\"elementor-element elementor-element-d7ed42d elementor-widget elementor-widget-image\" data-id=\"d7ed42d\" data-element_type=\"widget\" data-e-type=\"widget\" data-widget_type=\"image.default\">\n\t\t\t\t<div class=\"elementor-widget-container\">\n\t\t\t\t\t\t\t\t\t\t\t\t\t\t\t<img fetchpriority=\"high\" decoding=\"async\" width=\"500\" height=\"380\" src=\"https:\/\/anvisa.com\/wp-content\/uploads\/2021\/01\/coloravi_new_1.jpg\" class=\"attachment-large size-large wp-image-3842\" alt=\"\" srcset=\"https:\/\/anvisa.com\/wp-content\/uploads\/2021\/01\/coloravi_new_1.jpg 500w, https:\/\/anvisa.com\/wp-content\/uploads\/2021\/01\/coloravi_new_1-300x228.jpg 300w\" sizes=\"(max-width: 500px) 100vw, 500px\" \/>\t\t\t\t\t\t\t\t\t\t\t\t\t\t\t<\/div>\n\t\t\t\t<\/div>\n\t\t\t\t\t<\/div>\n\t\t<\/div>\n\t\t\t\t\t<\/div>\n\t\t<\/section>\n\t\t\t\t<section class=\"elementor-section elementor-top-section elementor-element elementor-element-b3fc1e2 elementor-section-boxed elementor-section-height-default elementor-section-height-default parallax_section_no qode_elementor_container_no\" data-id=\"b3fc1e2\" data-element_type=\"section\" data-e-type=\"section\" data-settings=\"{&quot;background_background&quot;:&quot;classic&quot;}\">\n\t\t\t\t\t\t\t<div class=\"elementor-background-overlay\"><\/div>\n\t\t\t\t\t\t\t<div class=\"elementor-container elementor-column-gap-default\">\n\t\t\t\t\t<div class=\"elementor-column elementor-col-50 elementor-top-column elementor-element elementor-element-41a5463\" data-id=\"41a5463\" data-element_type=\"column\" data-e-type=\"column\">\n\t\t\t<div class=\"elementor-widget-wrap elementor-element-populated\">\n\t\t\t\t\t\t<div class=\"elementor-element elementor-element-3eede34 elementor-widget elementor-widget-heading\" data-id=\"3eede34\" data-element_type=\"widget\" data-e-type=\"widget\" data-widget_type=\"heading.default\">\n\t\t\t\t<div class=\"elementor-widget-container\">\n\t\t\t\t\t<h3 class=\"elementor-heading-title elementor-size-default\">Benef\u00edcios<\/h3>\t\t\t\t<\/div>\n\t\t\t\t<\/div>\n\t\t\t\t<div class=\"elementor-element elementor-element-d4d06c7 elementor-widget elementor-widget-text-editor\" data-id=\"d4d06c7\" data-element_type=\"widget\" data-e-type=\"widget\" data-widget_type=\"text-editor.default\">\n\t\t\t\t<div class=\"elementor-widget-container\">\n\t\t\t\t\t\t\t\t\t<ul>\n<li>Elimina\u00e7\u00e3o de corantes sint\u00e9ticos com aditivos E.<\/li>\n<li>Incorpora\u00e7\u00e3o de solu\u00e7\u00f5es naturais no produto final.<\/li>\n<li>Desenvolvimento de gamas de cor pr\u00f3prias e inovadoras.<\/li>\n<\/ul>\n\t\t\t\t\t\t\t\t<\/div>\n\t\t\t\t<\/div>\n\t\t\t\t<div class=\"elementor-element elementor-element-9eaee18 elementor-align-left elementor-widget elementor-widget-button\" data-id=\"9eaee18\" data-element_type=\"widget\" data-e-type=\"widget\" data-widget_type=\"button.default\">\n\t\t\t\t<div class=\"elementor-widget-container\">\n\t\t\t\t\t\t\t\t\t<div class=\"elementor-button-wrapper\">\n\t\t\t\t\t<a class=\"elementor-button elementor-button-link elementor-size-sm\" href=\"https:\/\/anvisa.com\/wp-content\/uploads\/2024\/02\/COLORAVI-pdf-portugues.pdf\" target=\"_blank\">\n\t\t\t\t\t\t<span class=\"elementor-button-content-wrapper\">\n\t\t\t\t\t\t\t\t\t<span class=\"elementor-button-text\">Descarregar<\/span>\n\t\t\t\t\t<\/span>\n\t\t\t\t\t<\/a>\n\t\t\t\t<\/div>\n\t\t\t\t\t\t\t\t<\/div>\n\t\t\t\t<\/div>\n\t\t\t\t\t<\/div>\n\t\t<\/div>\n\t\t\t\t<div class=\"elementor-column elementor-col-50 elementor-top-column elementor-element elementor-element-e14cb24\" data-id=\"e14cb24\" data-element_type=\"column\" data-e-type=\"column\">\n\t\t\t<div class=\"elementor-widget-wrap elementor-element-populated\">\n\t\t\t\t\t\t<div class=\"elementor-element elementor-element-1019150 elementor-widget elementor-widget-heading\" data-id=\"1019150\" data-element_type=\"widget\" data-e-type=\"widget\" data-widget_type=\"heading.default\">\n\t\t\t\t<div class=\"elementor-widget-container\">\n\t\t\t\t\t<h3 class=\"elementor-heading-title elementor-size-default\">Algumas das nossas solu\u00e7\u00f5es:<\/h3>\t\t\t\t<\/div>\n\t\t\t\t<\/div>\n\t\t\t\t<div class=\"elementor-element elementor-element-980eedc elementor-widget elementor-widget-text-editor\" data-id=\"980eedc\" data-element_type=\"widget\" data-e-type=\"widget\" data-widget_type=\"text-editor.default\">\n\t\t\t\t<div class=\"elementor-widget-container\">\n\t\t\t\t\t\t\t\t\t<ul>\n<li>Coloravi \u00ae 27\/2<\/li>\n<\/ul>\n\t\t\t\t\t\t\t\t<\/div>\n\t\t\t\t<\/div>\n\t\t\t\t\t<\/div>\n\t\t<\/div>\n\t\t\t\t\t<\/div>\n\t\t<\/section>\n\t\t\t\t<section class=\"elementor-section elementor-top-section elementor-element elementor-element-f896bd6 elementor-section-boxed elementor-section-height-default elementor-section-height-default parallax_section_no qode_elementor_container_no\" data-id=\"f896bd6\" data-element_type=\"section\" data-e-type=\"section\" data-settings=\"{&quot;background_background&quot;:&quot;classic&quot;}\">\n\t\t\t\t\t\t<div class=\"elementor-container elementor-column-gap-default\">\n\t\t\t\t\t<div class=\"elementor-column elementor-col-100 elementor-top-column elementor-element elementor-element-6886bae\" data-id=\"6886bae\" data-element_type=\"column\" data-e-type=\"column\">\n\t\t\t<div class=\"elementor-widget-wrap elementor-element-populated\">\n\t\t\t\t\t\t<div class=\"elementor-element elementor-element-f93ebd6 elementor-widget elementor-widget-heading\" data-id=\"f93ebd6\" data-element_type=\"widget\" data-e-type=\"widget\" data-widget_type=\"heading.default\">\n\t\t\t\t<div class=\"elementor-widget-container\">\n\t\t\t\t\t<h3 class=\"elementor-heading-title elementor-size-default\">Outros productos<\/h3>\t\t\t\t<\/div>\n\t\t\t\t<\/div>\n\t\t\t\t<div class=\"elementor-element elementor-element-1b8016e elementor-widget-divider--view-line elementor-widget elementor-widget-divider\" data-id=\"1b8016e\" data-element_type=\"widget\" data-e-type=\"widget\" data-widget_type=\"divider.default\">\n\t\t\t\t<div class=\"elementor-widget-container\">\n\t\t\t\t\t\t\t<div class=\"elementor-divider\">\n\t\t\t<span class=\"elementor-divider-separator\">\n\t\t\t\t\t\t<\/span>\n\t\t<\/div>\n\t\t\t\t\t\t<\/div>\n\t\t\t\t<\/div>\n\t\t\t\t\t<\/div>\n\t\t<\/div>\n\t\t\t\t\t<\/div>\n\t\t<\/section>\n\t\t\t\t<section class=\"elementor-section elementor-top-section elementor-element elementor-element-d754d98 elementor-section-boxed elementor-section-height-default elementor-section-height-default parallax_section_no qode_elementor_container_no\" data-id=\"d754d98\" data-element_type=\"section\" data-e-type=\"section\" data-settings=\"{&quot;background_background&quot;:&quot;classic&quot;}\">\n\t\t\t\t\t\t<div class=\"elementor-container elementor-column-gap-default\">\n\t\t\t\t\t<div class=\"elementor-column elementor-col-50 elementor-top-column elementor-element elementor-element-30ed390\" data-id=\"30ed390\" data-element_type=\"column\" data-e-type=\"column\">\n\t\t\t<div class=\"elementor-widget-wrap elementor-element-populated\">\n\t\t\t\t\t\t<div class=\"elementor-element elementor-element-5b929df elementor-widget elementor-widget-image\" data-id=\"5b929df\" data-element_type=\"widget\" data-e-type=\"widget\" data-widget_type=\"image.default\">\n\t\t\t\t<div class=\"elementor-widget-container\">\n\t\t\t\t\t\t\t\t\t\t\t\t\t\t\t\t<a href=\"https:\/\/anvisa.com\/pt-pt\/produtos\/aviprep\/\">\n\t\t\t\t\t\t\t<img decoding=\"async\" width=\"1000\" height=\"500\" src=\"https:\/\/anvisa.com\/wp-content\/uploads\/2021\/01\/aviprep_new_3.jpg\" class=\"attachment-portfolio_masonry_wide size-portfolio_masonry_wide wp-image-3848\" alt=\"\" srcset=\"https:\/\/anvisa.com\/wp-content\/uploads\/2021\/01\/aviprep_new_3.jpg 1000w, https:\/\/anvisa.com\/wp-content\/uploads\/2021\/01\/aviprep_new_3-300x150.jpg 300w, https:\/\/anvisa.com\/wp-content\/uploads\/2021\/01\/aviprep_new_3-768x384.jpg 768w, https:\/\/anvisa.com\/wp-content\/uploads\/2021\/01\/aviprep_new_3-700x350.jpg 700w, https:\/\/anvisa.com\/wp-content\/uploads\/2021\/01\/aviprep_new_3-600x300.jpg 600w\" sizes=\"(max-width: 1000px) 100vw, 1000px\" \/>\t\t\t\t\t\t\t\t<\/a>\n\t\t\t\t\t\t\t\t\t\t\t\t\t\t\t<\/div>\n\t\t\t\t<\/div>\n\t\t\t\t<div class=\"elementor-element elementor-element-b2d7ea8 elementor-widget elementor-widget-heading\" data-id=\"b2d7ea8\" data-element_type=\"widget\" data-e-type=\"widget\" data-widget_type=\"heading.default\">\n\t\t\t\t<div class=\"elementor-widget-container\">\n\t\t\t\t\t<h4 class=\"elementor-heading-title elementor-size-default\"><a href=\"https:\/\/anvisa.com\/pt-pt\/produtos\/aviprep\/\">AVIPREP<\/a><\/h4>\t\t\t\t<\/div>\n\t\t\t\t<\/div>\n\t\t\t\t<div class=\"elementor-element elementor-element-61ee5e6 elementor-widget elementor-widget-text-editor\" data-id=\"61ee5e6\" data-element_type=\"widget\" data-e-type=\"widget\" data-widget_type=\"text-editor.default\">\n\t\t\t\t<div class=\"elementor-widget-container\">\n\t\t\t\t\t\t\t\t\t<p>Pleno respeito pelo sabor natural dos produtos frescos.<\/p>\n\t\t\t\t\t\t\t\t<\/div>\n\t\t\t\t<\/div>\n\t\t\t\t<div class=\"elementor-element elementor-element-b63211f elementor-widget elementor-widget-heading\" data-id=\"b63211f\" data-element_type=\"widget\" data-e-type=\"widget\" data-widget_type=\"heading.default\">\n\t\t\t\t<div class=\"elementor-widget-container\">\n\t\t\t\t\t<h5 class=\"elementor-heading-title elementor-size-default\"><a href=\"https:\/\/anvisa.com\/pt-pt\/produtos\/aviprep\/\">Ver Produto<\/a><\/h5>\t\t\t\t<\/div>\n\t\t\t\t<\/div>\n\t\t\t\t\t<\/div>\n\t\t<\/div>\n\t\t\t\t<div class=\"elementor-column elementor-col-50 elementor-top-column elementor-element elementor-element-13e1ee6\" data-id=\"13e1ee6\" data-element_type=\"column\" data-e-type=\"column\">\n\t\t\t<div class=\"elementor-widget-wrap elementor-element-populated\">\n\t\t\t\t\t\t<div class=\"elementor-element elementor-element-73f4da7 elementor-widget elementor-widget-image\" data-id=\"73f4da7\" data-element_type=\"widget\" data-e-type=\"widget\" data-widget_type=\"image.default\">\n\t\t\t\t<div class=\"elementor-widget-container\">\n\t\t\t\t\t\t\t\t\t\t\t\t\t\t\t\t<a href=\"https:\/\/anvisa.com\/pt-pt\/produtos\/antioxiavi\/\">\n\t\t\t\t\t\t\t<img decoding=\"async\" width=\"1000\" height=\"500\" src=\"https:\/\/anvisa.com\/wp-content\/uploads\/2021\/01\/antioxiavi_new_3.jpg\" class=\"attachment-portfolio_masonry_wide size-portfolio_masonry_wide wp-image-3850\" alt=\"\" srcset=\"https:\/\/anvisa.com\/wp-content\/uploads\/2021\/01\/antioxiavi_new_3.jpg 1000w, https:\/\/anvisa.com\/wp-content\/uploads\/2021\/01\/antioxiavi_new_3-300x150.jpg 300w, https:\/\/anvisa.com\/wp-content\/uploads\/2021\/01\/antioxiavi_new_3-768x384.jpg 768w, https:\/\/anvisa.com\/wp-content\/uploads\/2021\/01\/antioxiavi_new_3-700x350.jpg 700w, https:\/\/anvisa.com\/wp-content\/uploads\/2021\/01\/antioxiavi_new_3-600x300.jpg 600w\" sizes=\"(max-width: 1000px) 100vw, 1000px\" \/>\t\t\t\t\t\t\t\t<\/a>\n\t\t\t\t\t\t\t\t\t\t\t\t\t\t\t<\/div>\n\t\t\t\t<\/div>\n\t\t\t\t<div class=\"elementor-element elementor-element-a6c4e62 elementor-widget elementor-widget-heading\" data-id=\"a6c4e62\" data-element_type=\"widget\" data-e-type=\"widget\" data-widget_type=\"heading.default\">\n\t\t\t\t<div class=\"elementor-widget-container\">\n\t\t\t\t\t<h4 class=\"elementor-heading-title elementor-size-default\"><a href=\"https:\/\/anvisa.com\/pt-pt\/produtos\/antioxiavi\/\">ANTIOXIAVI<\/a><\/h4>\t\t\t\t<\/div>\n\t\t\t\t<\/div>\n\t\t\t\t<div class=\"elementor-element elementor-element-3c5cc5c elementor-widget elementor-widget-text-editor\" data-id=\"3c5cc5c\" data-element_type=\"widget\" data-e-type=\"widget\" data-widget_type=\"text-editor.default\">\n\t\t\t\t<div class=\"elementor-widget-container\">\n\t\t\t\t\t\t\t\t\t<p>M\u00e1ximo controlo dos processos oxidativos.<\/p>\n\t\t\t\t\t\t\t\t<\/div>\n\t\t\t\t<\/div>\n\t\t\t\t<div class=\"elementor-element elementor-element-5d431dc elementor-widget elementor-widget-heading\" data-id=\"5d431dc\" data-element_type=\"widget\" data-e-type=\"widget\" data-widget_type=\"heading.default\">\n\t\t\t\t<div class=\"elementor-widget-container\">\n\t\t\t\t\t<h5 class=\"elementor-heading-title elementor-size-default\"><a href=\"https:\/\/anvisa.com\/pt-pt\/produtos\/antioxiavi\/\">Ver Produto<\/a><\/h5>\t\t\t\t<\/div>\n\t\t\t\t<\/div>\n\t\t\t\t\t<\/div>\n\t\t<\/div>\n\t\t\t\t\t<\/div>\n\t\t<\/section>\n\t\t\t\t<\/div>\n\t\t","protected":false},"excerpt":{"rendered":"<p>Alta tecnologia alimentar COLORAVI \u00ae Identidade e pureza atrav\u00e9s da cor A linha Coloravi\u24c7 oferece uma gama de solu\u00e7\u00f5es inovadoras de colora\u00e7\u00e3o, capazes de construir e definir com precis\u00e3o a identidade visual do produto final, transmitindo toda a sua ess\u00eancia e apelo. Benef\u00edcios Elimina\u00e7\u00e3o de&#8230;<\/p>\n","protected":false},"author":5,"featured_media":0,"parent":4111,"menu_order":0,"comment_status":"closed","ping_status":"closed","template":"full_width.php","meta":{"footnotes":""},"class_list":["post-4211","page","type-page","status-publish","hentry"],"yoast_head":"<!-- This site is optimized with the Yoast SEO plugin v27.3 - https:\/\/yoast.com\/product\/yoast-seo-wordpress\/ -->\n<title>COLORAVI | Anvisa<\/title>\n<meta name=\"description\" content=\"Gama de solu\u00e7\u00f5es de colora\u00e7\u00e3o inovadoras capazes de construir e definir com precis\u00e3o a identidade visual do produto final.\" \/>\n<meta name=\"robots\" content=\"index, follow, max-snippet:-1, max-image-preview:large, max-video-preview:-1\" \/>\n<link rel=\"canonical\" href=\"https:\/\/anvisa.com\/productos\/coloravi\/\" \/>\n<meta property=\"og:locale\" content=\"pt_PT\" \/>\n<meta property=\"og:type\" content=\"article\" \/>\n<meta property=\"og:title\" content=\"COLORAVI | Anvisa\" \/>\n<meta property=\"og:description\" content=\"Gama de solu\u00e7\u00f5es de colora\u00e7\u00e3o inovadoras capazes de construir e definir com precis\u00e3o a identidade visual do produto final.\" \/>\n<meta property=\"og:url\" content=\"https:\/\/anvisa.com\/productos\/coloravi\/\" \/>\n<meta property=\"og:site_name\" content=\"Anvisa\" \/>\n<meta property=\"article:modified_time\" content=\"2024-02-13T17:34:32+00:00\" \/>\n<meta property=\"og:image\" content=\"https:\/\/anvisa.com\/wp-content\/uploads\/2021\/01\/coloravi_new_1.jpg\" \/>\n<meta name=\"twitter:card\" content=\"summary_large_image\" \/>\n<meta name=\"twitter:label1\" content=\"Tempo estimado de leitura\" \/>\n\t<meta name=\"twitter:data1\" content=\"2 minutos\" \/>\n<script type=\"application\/ld+json\" class=\"yoast-schema-graph\">{\"@context\":\"https:\\\/\\\/schema.org\",\"@graph\":[{\"@type\":\"WebPage\",\"@id\":\"https:\\\/\\\/anvisa.com\\\/productos\\\/coloravi\\\/\",\"url\":\"https:\\\/\\\/anvisa.com\\\/productos\\\/coloravi\\\/\",\"name\":\"COLORAVI | Anvisa\",\"isPartOf\":{\"@id\":\"https:\\\/\\\/anvisa.com\\\/#website\"},\"primaryImageOfPage\":{\"@id\":\"https:\\\/\\\/anvisa.com\\\/productos\\\/coloravi\\\/#primaryimage\"},\"image\":{\"@id\":\"https:\\\/\\\/anvisa.com\\\/productos\\\/coloravi\\\/#primaryimage\"},\"thumbnailUrl\":\"https:\\\/\\\/anvisa.com\\\/wp-content\\\/uploads\\\/2021\\\/01\\\/coloravi_new_1.jpg\",\"datePublished\":\"2020-12-17T21:21:54+00:00\",\"dateModified\":\"2024-02-13T17:34:32+00:00\",\"description\":\"Gama de solu\u00e7\u00f5es de colora\u00e7\u00e3o inovadoras capazes de construir e definir com precis\u00e3o a identidade visual do produto final.\",\"breadcrumb\":{\"@id\":\"https:\\\/\\\/anvisa.com\\\/productos\\\/coloravi\\\/#breadcrumb\"},\"inLanguage\":\"pt-PT\",\"potentialAction\":[{\"@type\":\"ReadAction\",\"target\":[\"https:\\\/\\\/anvisa.com\\\/productos\\\/coloravi\\\/\"]}]},{\"@type\":\"ImageObject\",\"inLanguage\":\"pt-PT\",\"@id\":\"https:\\\/\\\/anvisa.com\\\/productos\\\/coloravi\\\/#primaryimage\",\"url\":\"https:\\\/\\\/anvisa.com\\\/wp-content\\\/uploads\\\/2021\\\/01\\\/coloravi_new_1.jpg\",\"contentUrl\":\"https:\\\/\\\/anvisa.com\\\/wp-content\\\/uploads\\\/2021\\\/01\\\/coloravi_new_1.jpg\"},{\"@type\":\"BreadcrumbList\",\"@id\":\"https:\\\/\\\/anvisa.com\\\/productos\\\/coloravi\\\/#breadcrumb\",\"itemListElement\":[{\"@type\":\"ListItem\",\"position\":1,\"name\":\"Portada\",\"item\":\"https:\\\/\\\/anvisa.com\\\/\"},{\"@type\":\"ListItem\",\"position\":2,\"name\":\"Produtos\",\"item\":\"https:\\\/\\\/anvisa.com\\\/productos\\\/\"},{\"@type\":\"ListItem\",\"position\":3,\"name\":\"COLORAVI\"}]},{\"@type\":\"WebSite\",\"@id\":\"https:\\\/\\\/anvisa.com\\\/#website\",\"url\":\"https:\\\/\\\/anvisa.com\\\/\",\"name\":\"Anvisa\",\"description\":\"Alta Tecnolog\u00eda Alimentaria\",\"potentialAction\":[{\"@type\":\"SearchAction\",\"target\":{\"@type\":\"EntryPoint\",\"urlTemplate\":\"https:\\\/\\\/anvisa.com\\\/?s={search_term_string}\"},\"query-input\":{\"@type\":\"PropertyValueSpecification\",\"valueRequired\":true,\"valueName\":\"search_term_string\"}}],\"inLanguage\":\"pt-PT\"}]}<\/script>\n<!-- \/ Yoast SEO plugin. -->","yoast_head_json":{"title":"COLORAVI | Anvisa","description":"Gama de solu\u00e7\u00f5es de colora\u00e7\u00e3o inovadoras capazes de construir e definir com precis\u00e3o a identidade visual do produto final.","robots":{"index":"index","follow":"follow","max-snippet":"max-snippet:-1","max-image-preview":"max-image-preview:large","max-video-preview":"max-video-preview:-1"},"canonical":"https:\/\/anvisa.com\/productos\/coloravi\/","og_locale":"pt_PT","og_type":"article","og_title":"COLORAVI | Anvisa","og_description":"Gama de solu\u00e7\u00f5es de colora\u00e7\u00e3o inovadoras capazes de construir e definir com precis\u00e3o a identidade visual do produto final.","og_url":"https:\/\/anvisa.com\/productos\/coloravi\/","og_site_name":"Anvisa","article_modified_time":"2024-02-13T17:34:32+00:00","og_image":[{"url":"https:\/\/anvisa.com\/wp-content\/uploads\/2021\/01\/coloravi_new_1.jpg","type":"","width":"","height":""}],"twitter_card":"summary_large_image","twitter_misc":{"Tempo estimado de leitura":"2 minutos"},"schema":{"@context":"https:\/\/schema.org","@graph":[{"@type":"WebPage","@id":"https:\/\/anvisa.com\/productos\/coloravi\/","url":"https:\/\/anvisa.com\/productos\/coloravi\/","name":"COLORAVI | Anvisa","isPartOf":{"@id":"https:\/\/anvisa.com\/#website"},"primaryImageOfPage":{"@id":"https:\/\/anvisa.com\/productos\/coloravi\/#primaryimage"},"image":{"@id":"https:\/\/anvisa.com\/productos\/coloravi\/#primaryimage"},"thumbnailUrl":"https:\/\/anvisa.com\/wp-content\/uploads\/2021\/01\/coloravi_new_1.jpg","datePublished":"2020-12-17T21:21:54+00:00","dateModified":"2024-02-13T17:34:32+00:00","description":"Gama de solu\u00e7\u00f5es de colora\u00e7\u00e3o inovadoras capazes de construir e definir com precis\u00e3o a identidade visual do produto final.","breadcrumb":{"@id":"https:\/\/anvisa.com\/productos\/coloravi\/#breadcrumb"},"inLanguage":"pt-PT","potentialAction":[{"@type":"ReadAction","target":["https:\/\/anvisa.com\/productos\/coloravi\/"]}]},{"@type":"ImageObject","inLanguage":"pt-PT","@id":"https:\/\/anvisa.com\/productos\/coloravi\/#primaryimage","url":"https:\/\/anvisa.com\/wp-content\/uploads\/2021\/01\/coloravi_new_1.jpg","contentUrl":"https:\/\/anvisa.com\/wp-content\/uploads\/2021\/01\/coloravi_new_1.jpg"},{"@type":"BreadcrumbList","@id":"https:\/\/anvisa.com\/productos\/coloravi\/#breadcrumb","itemListElement":[{"@type":"ListItem","position":1,"name":"Portada","item":"https:\/\/anvisa.com\/"},{"@type":"ListItem","position":2,"name":"Produtos","item":"https:\/\/anvisa.com\/productos\/"},{"@type":"ListItem","position":3,"name":"COLORAVI"}]},{"@type":"WebSite","@id":"https:\/\/anvisa.com\/#website","url":"https:\/\/anvisa.com\/","name":"Anvisa","description":"Alta Tecnolog\u00eda Alimentaria","potentialAction":[{"@type":"SearchAction","target":{"@type":"EntryPoint","urlTemplate":"https:\/\/anvisa.com\/?s={search_term_string}"},"query-input":{"@type":"PropertyValueSpecification","valueRequired":true,"valueName":"search_term_string"}}],"inLanguage":"pt-PT"}]}},"_links":{"self":[{"href":"https:\/\/anvisa.com\/pt-pt\/wp-json\/wp\/v2\/pages\/4211","targetHints":{"allow":["GET"]}}],"collection":[{"href":"https:\/\/anvisa.com\/pt-pt\/wp-json\/wp\/v2\/pages"}],"about":[{"href":"https:\/\/anvisa.com\/pt-pt\/wp-json\/wp\/v2\/types\/page"}],"author":[{"embeddable":true,"href":"https:\/\/anvisa.com\/pt-pt\/wp-json\/wp\/v2\/users\/5"}],"replies":[{"embeddable":true,"href":"https:\/\/anvisa.com\/pt-pt\/wp-json\/wp\/v2\/comments?post=4211"}],"version-history":[{"count":6,"href":"https:\/\/anvisa.com\/pt-pt\/wp-json\/wp\/v2\/pages\/4211\/revisions"}],"predecessor-version":[{"id":4257,"href":"https:\/\/anvisa.com\/pt-pt\/wp-json\/wp\/v2\/pages\/4211\/revisions\/4257"}],"up":[{"embeddable":true,"href":"https:\/\/anvisa.com\/pt-pt\/wp-json\/wp\/v2\/pages\/4111"}],"wp:attachment":[{"href":"https:\/\/anvisa.com\/pt-pt\/wp-json\/wp\/v2\/media?parent=4211"}],"curies":[{"name":"wp","href":"https:\/\/api.w.org\/{rel}","templated":true}]}}